{"id":449,"date":"2022-09-29T10:58:00","date_gmt":"2022-09-29T10:58:00","guid":{"rendered":"https:\/\/agroreforest.eu\/?page_id=449"},"modified":"2023-03-06T14:12:21","modified_gmt":"2023-03-06T14:12:21","slug":"data-policy","status":"publish","type":"page","link":"https:\/\/agroreforest.eu\/hu\/data-policy\/","title":{"rendered":"Adatpolitika"},"content":{"rendered":"<div data-elementor-type=\"wp-page\" data-elementor-id=\"449\" class=\"elementor elementor-449\" data-elementor-post-type=\"page\">\n\t\t\t\t\t\t<section class=\"elementor-section elementor-top-section elementor-element elementor-element-b2cfc22 elementor-section-boxed elementor-section-height-default elementor-section-height-default\" data-id=\"b2cfc22\" data-element_type=\"section\" data-e-type=\"section\">\n\t\t\t\t\t\t<div class=\"elementor-container elementor-column-gap-default\">\n\t\t\t\t\t<div class=\"elementor-column elementor-col-100 elementor-top-column elementor-element elementor-element-2125c13\" data-id=\"2125c13\" data-element_type=\"column\" data-e-type=\"column\">\n\t\t\t<div class=\"elementor-widget-wrap elementor-element-populated\">\n\t\t\t\t\t\t<div class=\"elementor-element elementor-element-77bfc5a elementor-widget elementor-widget-heading\" data-id=\"77bfc5a\" data-element_type=\"widget\" data-e-type=\"widget\" data-widget_type=\"heading.default\">\n\t\t\t\t<div class=\"elementor-widget-container\">\n\t\t\t\t\t<h2 class=\"elementor-heading-title elementor-size-default\">Adatpolitika<\/h2>\t\t\t\t<\/div>\n\t\t\t\t<\/div>\n\t\t\t\t<div class=\"elementor-element elementor-element-6c2ce5b elementor-widget elementor-widget-text-editor\" data-id=\"6c2ce5b\" data-element_type=\"widget\" data-e-type=\"widget\" data-widget_type=\"text-editor.default\">\n\t\t\t\t<div class=\"elementor-widget-container\">\n\t\t\t\t\t\t\t\t\t<p class=\"translation-block\"><strong>A <\/strong><strong>RE<\/strong><strong>FOREST<\/strong><strong> projekt<\/strong><\/p><p class=\"translation-block\"><strong>Az agr\u00e1rerd\u00e9szet a fenntarthat\u00f3 gazd\u00e1lkod\u00e1s \u00e9lvonal\u00e1ban a multifunkcion\u00e1lis eur\u00f3pai t\u00e1jakon - <\/strong><strong>RE<\/strong><strong>FOREST projekt<\/strong> (a tov\u00e1bbiakban: <strong>RE<\/strong><strong>FOREST<\/strong>, \"mi\", \"minket\" vagy \"mi\u00e9nk\") a Horizont Eur\u00f3pa keretprogram keret\u00e9ben finansz\u00edrozott projekt, amely a F\u00f6ld, \u00f3ce\u00e1n \u00e9s v\u00edz \u00e9ghajlat-v\u00e1ltoz\u00e1si felh\u00edv\u00e1s konkr\u00e9t t\u00e9mak\u00f6r\u00e9ben val\u00f3sul meg: HORIZON-CL6-2021-CLIMATE-01-08: Agroforst\u00e1szat az \u00e9ghajlat, a biol\u00f3giai sokf\u00e9les\u00e9g \u00e9s a mez\u0151gazdas\u00e1gi fenntarthat\u00f3s\u00e1gi c\u00e9lok el\u00e9r\u00e9se \u00e9rdek\u00e9ben. <strong>RE<\/strong><strong>FOREST <\/strong>A projektet a CESKA ZEMEDELSKA UNIVERZITA V PRAZE (CZU) koordin\u00e1lja, \u00e9s 10 eur\u00f3pai orsz\u00e1g 14 int\u00e9zm\u00e9ny\u00e9b\u0151l \u00e1ll\u00f3 jelent\u0151s csoportot t\u00f6m\u00f6r\u00edt: <a href=\"https:\/\/agroreforest.eu\/hu\/partners\/\" target=\"_self\">https:\/\/agroreforest.eu\/partners\/<\/a>. Az Europroject a <strong>RE<\/strong><strong>FOREST<\/strong> konzorciumi tagok nev\u00e9ben tartja fenn ezt a weboldalt (\"a szolg\u00e1ltat\u00e1s\").<\/p><p><strong>Adatpolitika<\/strong><\/p><p class=\"translation-block\">Adatkezel\u00e9si szab\u00e1lyzatunk c\u00e9lja, hogy bemutassa, hogyan haszn\u00e1ljuk fel az \u00d6n \u00e1ltal a <strong>RE<\/strong><strong>FOREST <\/strong>weboldal l\u00e1togat\u00e1sa sor\u00e1n megadott szem\u00e9lyes adatokat. Az \u00d6n adatainak v\u00e9delme \u00e9s biztons\u00e1ga rendk\u00edv\u00fcl fontos sz\u00e1munkra. B\u00e1r az interneten kereszt\u00fcli adat\u00e1tvitel, illetve az elektronikus t\u00e1rol\u00e1s egyetlen m\u00f3dszere sem sz\u00e1zsz\u00e1zal\u00e9kosan biztons\u00e1gos, biztos\u00edtjuk, hogy az \u00e1ltalunk haszn\u00e1lt adatfeldolgoz\u00e1s sor\u00e1n is megfelel\u0151 technikai \u00e9s szervez\u00e9si biztons\u00e1gi int\u00e9zked\u00e9seket alkalmazzunk az \u00d6n \u00e1ltal megadott adatok v\u00e9delme \u00e9rdek\u00e9ben.<\/p><p><strong>Szem\u00e9lyes adatok <\/strong><\/p><p>Szolg\u00e1ltat\u00e1sunk haszn\u00e1lata sor\u00e1n megk\u00e9rhetj\u00fck \u00d6nt, hogy adjon meg bizonyos szem\u00e9lyazonos\u00edt\u00e1sra alkalmas inform\u00e1ci\u00f3kat, amelyek felhaszn\u00e1lhat\u00f3k az \u00d6nnel val\u00f3 kapcsolatfelv\u00e9telre vagy az \u00d6n azonos\u00edt\u00e1s\u00e1ra. A szem\u00e9lyes adatok k\u00f6z\u00e9 tartozhat az \u00d6n e-mail c\u00edme, keresztneve \u00e9s vezet\u00e9kneve, s\u00fctik \u00e9s\/vagy haszn\u00e1lati adatok.<\/p><p>Szem\u00e9lyes adatait az adatv\u00e9delmi jogszab\u00e1lyoknak, k\u00f6zt\u00fck az 1988-t\u00f3l 2018-ig terjed\u0151 adatv\u00e9delmi t\u00f6rv\u00e9nyeknek, az (EU) 2018\/1725 \u00e1ltal\u00e1nos adatv\u00e9delmi rendeletnek \u00e9s b\u00e1rmely m\u00e1s alkalmazand\u00f3 nemzeti vagy nemzetk\u00f6zi t\u00f6rv\u00e9nynek vagy rendeletnek megfelel\u0151en kezelj\u00fck. Szem\u00e9lyes adatait semmilyen k\u00f6r\u00fclm\u00e9nyek k\u00f6z\u00f6tt nem osztjuk meg az \u00d6n hozz\u00e1j\u00e1rul\u00e1sa n\u00e9lk\u00fcl, kiv\u00e9ve, ha azt t\u00f6rv\u00e9ny \u00edrja el\u0151 (kiv\u00e9ve a jelen Szab\u00e1lyzatban foglaltakat). Bizonyos k\u00f6r\u00fclm\u00e9nyek k\u00f6z\u00f6tt az \u00d6n szem\u00e9lyes adatait megoszthatjuk az Eur\u00f3pai Bizotts\u00e1ggal, amely esetben az \u00d6n szem\u00e9lyes adatait az Eur\u00f3pai Bizotts\u00e1g Adatv\u00e9delmi Szab\u00e1lyzat\u00e1nak megfelel\u0151en kezelj\u00fck, amely el\u00e9rhet\u0151 a k\u00f6vetkez\u0151 c\u00edmen:\u00a0<a href=\"https:\/\/ec.europa.eu\/info\/privacy-policy_en\">https:\/\/ec.europa.eu\/info\/privacy-policy_en<\/a>.<\/p><p class=\"translation-block\">Sz\u00fcks\u00e9g eset\u00e9n csak j\u00f3hiszem\u0171en adhatjuk ki az \u00d6n szem\u00e9lyes adatait: i) jogi k\u00f6telezetts\u00e9g teljes\u00edt\u00e9se \u00e9rdek\u00e9ben; ii) a <strong>RE<\/strong><strong>FOREST <\/strong>jogok vagy tulajdon v\u00e9delme \u00e9rdek\u00e9ben; iii) a Szolg\u00e1ltat\u00e1ssal kapcsolatos esetleges jogs\u00e9rt\u00e9sek megel\u0151z\u00e9se vagy kivizsg\u00e1l\u00e1sa \u00e9rdek\u00e9ben; iv) a Szolg\u00e1ltat\u00e1s felhaszn\u00e1l\u00f3i vagy a nyilv\u00e1noss\u00e1g szem\u00e9lyes biztons\u00e1g\u00e1nak v\u00e9delme \u00e9rdek\u00e9ben; v) jogi felel\u0151ss\u00e9gre von\u00e1ssal szembeni v\u00e9delem \u00e9rdek\u00e9ben.<\/p><p><strong>Felhaszn\u00e1l\u00e1si adatok<\/strong><\/p><p>A Szolg\u00e1ltat\u00e1s el\u00e9r\u00e9s\u00e9re \u00e9s haszn\u00e1lat\u00e1ra vonatkoz\u00f3 inform\u00e1ci\u00f3kat is gy\u0171jthet\u00fcnk (\"Haszn\u00e1lati adatok\"). Ezek a Haszn\u00e1lati adatok olyan inform\u00e1ci\u00f3kat tartalmazhatnak, mint p\u00e9ld\u00e1ul a sz\u00e1m\u00edt\u00f3g\u00e9p Internet Protocol (IP) c\u00edme, a b\u00f6ng\u00e9sz\u0151 t\u00edpusa, a b\u00f6ng\u00e9sz\u0151 verzi\u00f3ja, a Szolg\u00e1ltat\u00e1sunk \u00d6n \u00e1ltal megl\u00e1togatott oldalai, a l\u00e1togat\u00e1s id\u0151pontja \u00e9s d\u00e1tuma, az ezeken az oldalakon elt\u00f6lt\u00f6tt id\u0151, egyedi eszk\u00f6zazonos\u00edt\u00f3k \u00e9s egy\u00e9b diagnosztikai adatok.<\/p><p><strong>Analitikai adatok<\/strong><\/p><p>A Google Analytics seg\u00edts\u00e9g\u00e9vel analitikai adatokat gy\u0171jt\u00fcnk. Ezeket az adatokat makroszinten gy\u0171jtj\u00fck a weboldal \u00f6sszes l\u00e1togat\u00f3ja alapj\u00e1n. Minden analitikai adat anonimiz\u00e1lt, ez\u00e9rt nem szem\u00e9lyesen azonos\u00edthat\u00f3.<\/p><p><strong>Nyomonk\u00f6vet\u00e9si \u00e9s s\u00fctik adatai<\/strong><\/p><p>S\u00fctiket \u00e9s hasonl\u00f3 nyomk\u00f6vet\u0151 technol\u00f3gi\u00e1kat haszn\u00e1lunk a Szolg\u00e1ltat\u00e1sunkon v\u00e9gzett tev\u00e9kenys\u00e9gek nyomon k\u00f6vet\u00e9s\u00e9re \u00e9s bizonyos inform\u00e1ci\u00f3k t\u00e1rol\u00e1s\u00e1ra.<\/p><p>A s\u00fctik kis mennyis\u00e9g\u0171 adatot tartalmaz\u00f3 f\u00e1jlok, amelyek tartalmazhatnak egy n\u00e9vtelen egyedi azonos\u00edt\u00f3t. A s\u00fctiket egy weboldal k\u00fcldi el a b\u00f6ng\u00e9sz\u0151j\u00e9nek, \u00e9s az \u00d6n eszk\u00f6z\u00e9n t\u00e1rolj\u00e1k. A nyomk\u00f6vet\u0151 technol\u00f3gi\u00e1k k\u00f6z\u00e9 tartoznak a jelz\u0151k, c\u00edmk\u00e9k \u00e9s szkriptek is, amelyekkel inform\u00e1ci\u00f3kat gy\u0171jthet\u00fcnk \u00e9s k\u00f6vethet\u00fcnk, valamint jav\u00edthatjuk \u00e9s elemezhetj\u00fck a Szolg\u00e1ltat\u00e1sunkat.<\/p><p>\u00d6n utas\u00edthatja b\u00f6ng\u00e9sz\u0151j\u00e9t, hogy utas\u00edtsa vissza az \u00f6sszes cookie-t, vagy jelezze, ha cookie-t k\u00fcld. Ha azonban nem fogadja el a cookie-kat, el\u0151fordulhat, hogy nem tudja haszn\u00e1lni a Szolg\u00e1ltat\u00e1sunk egyes r\u00e9szeit.<\/p><p>P\u00e9ld\u00e1k az \u00e1ltalunk haszn\u00e1lt s\u00fctikre:<br \/><strong>- Munkamenet s\u00fctik -<\/strong> Szolg\u00e1ltat\u00e1sunk m\u0171k\u00f6dtet\u00e9s\u00e9hez munkamenet s\u00fctiket haszn\u00e1lunk<br \/>- <strong>Preferencia s\u00fctik<\/strong> - Preferencia s\u00fctiket haszn\u00e1lunk, hogy megjegyezz\u00fck az \u00d6n preferenci\u00e1it \u00e9s k\u00fcl\u00f6nb\u00f6z\u0151 be\u00e1ll\u00edt\u00e1sait.<br \/>- <strong>Biztons\u00e1gi s\u00fctik<\/strong> - Biztons\u00e1gi s\u00fctiket haszn\u00e1lunk biztons\u00e1gi c\u00e9lokb\u00f3l.<\/p><p><strong>S\u00fctikre vonatkoz\u00f3 ir\u00e1nyelvek<\/strong><\/p><p>Weboldalunk s\u00fctiket haszn\u00e1l, hogy megk\u00fcl\u00f6nb\u00f6ztesse \u00d6nt a weboldalunk t\u00f6bbi felhaszn\u00e1l\u00f3j\u00e1t\u00f3l. \u00c1ltal\u00e1ban a cookie-kat a felhaszn\u00e1l\u00f3i preferenci\u00e1k meg\u0151rz\u00e9s\u00e9re, az olyan dolgokhoz sz\u00fcks\u00e9ges inform\u00e1ci\u00f3k t\u00e1rol\u00e1s\u00e1ra, mint a bev\u00e1s\u00e1rl\u00f3kosarak, \u00e9s anonimiz\u00e1lt nyomon k\u00f6vet\u00e9si adatok szolg\u00e1ltat\u00e1s\u00e1ra haszn\u00e1lj\u00e1k. A s\u00fctik \u00e1ltal\u00e1ban jobb\u00e1 teszik a b\u00f6ng\u00e9sz\u00e9si \u00e9lm\u00e9nyt. Azonban el\u0151fordulhat, hogy ezen az oldalon \u00e9s m\u00e1s oldalakon is szeretn\u00e9 letiltani a s\u00fctiket. Ennek leghat\u00e9konyabb m\u00f3dja, ha letiltja a cookie-kat a b\u00f6ng\u00e9sz\u0151j\u00e9ben. Javasoljuk, hogy keresse fel a b\u00f6ng\u00e9sz\u0151je S\u00fag\u00f3 r\u00e9sz\u00e9t, vagy tekintse meg a\u00a0<a href=\"https:\/\/www.aboutcookies.org\/\">A s\u00fctikr\u0151l<\/a>\u00a0weboldal, amely \u00fatmutat\u00e1st ny\u00fajt az \u00f6sszes modern b\u00f6ng\u00e9sz\u0151h\u00f6z.<\/p><p><strong>Harmadik f\u00e9l linkjei<\/strong><\/p><p>Szolg\u00e1ltat\u00e1sunk tartalmazhat hiperlinkeket harmadik felek tulajdon\u00e1ban l\u00e9v\u0151 \u00e9s \u00e1ltaluk \u00fczemeltetett weboldalakra. Ezeknek a harmadik felek weboldalainak saj\u00e1t adatv\u00e9delmi szab\u00e1lyzataik vannak, bele\u00e9rtve a cookie-kat is. Nem v\u00e1llalunk semmilyen felel\u0151ss\u00e9get vagy felel\u0151ss\u00e9get az ilyen harmadik felek weboldalainak adatv\u00e9delmi gyakorlat\u00e1\u00e9rt, \u00e9s az ilyen weboldalak haszn\u00e1lata az \u00d6n saj\u00e1t felel\u0151ss\u00e9g\u00e9re t\u00f6rt\u00e9nik.<\/p><p class=\"translation-block\"><strong>RE<\/strong><strong>Az adatv\u00e9delmi ir\u00e1nyelvek legfrissebb m\u00f3dos\u00edt\u00e1sai<\/strong><\/p><p>Adatv\u00e9delmi szab\u00e1lyzatunk id\u0151r\u0151l id\u0151re friss\u00fclhet. Javasoljuk, hogy rendszeresen tekintse \u00e1t ezt az Adatv\u00e9delmi szab\u00e1lyzatot. Az Adatv\u00e9delmi szab\u00e1lyzat n\u00e1lunk t\u00f6rt\u00e9n\u0151 b\u00e1rmilyen v\u00e1ltoz\u00e1s\u00e1t ezen az oldalon tessz\u00fck k\u00f6zz\u00e9.<\/p><p><strong>Kapcsolatfelv\u00e9tel<\/strong><\/p><p>Ha b\u00e1rmilyen k\u00e9rd\u00e9se van, vagy szeretne t\u00f6bbet megtudni a REFOREST Adatv\u00e9delmi Szab\u00e1lyzat\u00e1r\u00f3l, k\u00e9rj\u00fck, forduljon hozz\u00e1nk bizalommal a k\u00f6vetkez\u0151 c\u00edmen\u00a0<a href=\"mailto:info@agroreforest.eu\">info@agroreforest.eu<\/a>.<\/p>\t\t\t\t\t\t\t\t<\/div>\n\t\t\t\t<\/div>\n\t\t\t\t\t<\/div>\n\t\t<\/div>\n\t\t\t\t\t<\/div>\n\t\t<\/section>\n\t\t\t\t<\/div>","protected":false},"excerpt":{"rendered":"<p>Data Policy The REFOREST project Agroforestry at the forefront of farming sustainably in multifunctional landscapes in Europe \u2013 REFOREST Project\u00a0(hereinafter referred to as \u201cREFOREST\u201d, \u201cwe\u201d, \u201cus\u201d or \u201cour\u201d) is a [&hellip;]<\/p>\n","protected":false},"author":1,"featured_media":0,"parent":0,"menu_order":0,"comment_status":"closed","ping_status":"closed","template":"","meta":{"site-sidebar-layout":"no-sidebar","site-content-layout":"page-builder","ast-site-content-layout":"default","site-content-style":"default","site-sidebar-style":"default","ast-global-header-display":"","ast-banner-title-visibility":"","ast-main-header-display":"","ast-hfb-above-header-display":"","ast-hfb-below-header-display":"","ast-hfb-mobile-header-display":"","site-post-title":"disabled","ast-breadcrumbs-content":"","ast-featured-img":"disabled","footer-sml-layout":"","ast-disable-related-posts":"","theme-transparent-header-meta":"","adv-header-id-meta":"","stick-header-meta":"","header-above-stick-meta":"","header-main-stick-meta":"","header-below-stick-meta":"","astra-migrate-meta-layouts":"default","ast-page-background-enabled":"default","ast-page-background-meta":{"desktop":{"background-color":"","background-image":"","background-repeat":"repeat","background-position":"center center","background-size":"auto","background-attachment":"scroll","background-type":"","background-media":"","overlay-type":"","overlay-color":"","overlay-opacity":"","overlay-gradient":""},"tablet":{"background-color":"","background-image":"","background-repeat":"repeat","background-position":"center center","background-size":"auto","background-attachment":"scroll","background-type":"","background-media":"","overlay-type":"","overlay-color":"","overlay-opacity":"","overlay-gradient":""},"mobile":{"background-color":"","background-image":"","background-repeat":"repeat","background-position":"center center","background-size":"auto","background-attachment":"scroll","background-type":"","background-media":"","overlay-type":"","overlay-color":"","overlay-opacity":"","overlay-gradient":""}},"ast-content-background-meta":{"desktop":{"background-color":"var(--ast-global-color-4)","background-image":"","background-repeat":"repeat","background-position":"center center","background-size":"auto","background-attachment":"scroll","background-type":"","background-media":"","overlay-type":"","overlay-color":"","overlay-opacity":"","overlay-gradient":""},"tablet":{"background-color":"var(--ast-global-color-4)","background-image":"","background-repeat":"repeat","background-position":"center center","background-size":"auto","background-attachment":"scroll","background-type":"","background-media":"","overlay-type":"","overlay-color":"","overlay-opacity":"","overlay-gradient":""},"mobile":{"background-color":"var(--ast-global-color-4)","background-image":"","background-repeat":"repeat","background-position":"center center","background-size":"auto","background-attachment":"scroll","background-type":"","background-media":"","overlay-type":"","overlay-color":"","overlay-opacity":"","overlay-gradient":""}},"footnotes":""},"class_list":["post-449","page","type-page","status-publish","hentry"],"_links":{"self":[{"href":"https:\/\/agroreforest.eu\/hu\/wp-json\/wp\/v2\/pages\/449","targetHints":{"allow":["GET"]}}],"collection":[{"href":"https:\/\/agroreforest.eu\/hu\/wp-json\/wp\/v2\/pages"}],"about":[{"href":"https:\/\/agroreforest.eu\/hu\/wp-json\/wp\/v2\/types\/page"}],"author":[{"embeddable":true,"href":"https:\/\/agroreforest.eu\/hu\/wp-json\/wp\/v2\/users\/1"}],"replies":[{"embeddable":true,"href":"https:\/\/agroreforest.eu\/hu\/wp-json\/wp\/v2\/comments?post=449"}],"version-history":[{"count":8,"href":"https:\/\/agroreforest.eu\/hu\/wp-json\/wp\/v2\/pages\/449\/revisions"}],"predecessor-version":[{"id":3572,"href":"https:\/\/agroreforest.eu\/hu\/wp-json\/wp\/v2\/pages\/449\/revisions\/3572"}],"wp:attachment":[{"href":"https:\/\/agroreforest.eu\/hu\/wp-json\/wp\/v2\/media?parent=449"}],"curies":[{"name":"wp","href":"https:\/\/api.w.org\/{rel}","templated":true}]}}