{"id":294,"date":"2022-09-09T13:56:22","date_gmt":"2022-09-09T13:56:22","guid":{"rendered":"https:\/\/agroreforest.eu\/?page_id=294"},"modified":"2024-02-27T15:09:38","modified_gmt":"2024-02-27T15:09:38","slug":"activities","status":"publish","type":"page","link":"https:\/\/agroreforest.eu\/hu\/activities\/","title":{"rendered":"Tev\u00e9kenys\u00e9gek"},"content":{"rendered":"<div data-elementor-type=\"wp-page\" data-elementor-id=\"294\" class=\"elementor elementor-294\" data-elementor-post-type=\"page\">\n\t\t\t\t\t\t<section class=\"elementor-section elementor-top-section elementor-element elementor-element-17fcf564 elementor-section-boxed elementor-section-height-default elementor-section-height-default\" data-id=\"17fcf564\" data-element_type=\"section\" data-e-type=\"section\" data-settings=\"{&quot;background_background&quot;:&quot;classic&quot;}\">\n\t\t\t\t\t\t<div class=\"elementor-container elementor-column-gap-no\">\n\t\t\t\t\t<div class=\"elementor-column elementor-col-100 elementor-top-column elementor-element elementor-element-48e93875\" data-id=\"48e93875\" data-element_type=\"column\" data-e-type=\"column\">\n\t\t\t<div class=\"elementor-widget-wrap elementor-element-populated\">\n\t\t\t\t\t\t<div class=\"elementor-element elementor-element-645dbf58 elementor-widget-divider--view-line elementor-widget elementor-widget-divider\" data-id=\"645dbf58\" data-element_type=\"widget\" data-e-type=\"widget\" data-widget_type=\"divider.default\">\n\t\t\t\t<div class=\"elementor-widget-container\">\n\t\t\t\t\t\t\t<div class=\"elementor-divider\">\n\t\t\t<span class=\"elementor-divider-separator\">\n\t\t\t\t\t\t<\/span>\n\t\t<\/div>\n\t\t\t\t\t\t<\/div>\n\t\t\t\t<\/div>\n\t\t\t\t<div class=\"elementor-element elementor-element-264d122a elementor-widget elementor-widget-heading\" data-id=\"264d122a\" data-element_type=\"widget\" data-e-type=\"widget\" data-widget_type=\"heading.default\">\n\t\t\t\t<div class=\"elementor-widget-container\">\n\t\t\t\t\t<h1 class=\"elementor-heading-title elementor-size-default\">TEV\u00c9KENYS\u00c9GEK<\/h1>\t\t\t\t<\/div>\n\t\t\t\t<\/div>\n\t\t\t\t\t<\/div>\n\t\t<\/div>\n\t\t\t\t\t<\/div>\n\t\t<\/section>\n\t\t\t\t<section class=\"elementor-section elementor-top-section elementor-element elementor-element-175d34f elementor-section-boxed elementor-section-height-default elementor-section-height-default\" data-id=\"175d34f\" data-element_type=\"section\" data-e-type=\"section\">\n\t\t\t\t\t\t<div class=\"elementor-container elementor-column-gap-default\">\n\t\t\t\t\t<div class=\"elementor-column elementor-col-100 elementor-top-column elementor-element elementor-element-cbc6e4d\" data-id=\"cbc6e4d\" data-element_type=\"column\" data-e-type=\"column\">\n\t\t\t<div class=\"elementor-widget-wrap elementor-element-populated\">\n\t\t\t\t\t\t<div class=\"elementor-element elementor-element-4668a55 elementor-widget elementor-widget-text-editor\" data-id=\"4668a55\" data-element_type=\"widget\" data-e-type=\"widget\" data-widget_type=\"text-editor.default\">\n\t\t\t\t<div class=\"elementor-widget-container\">\n\t\t\t\t\t\t\t\t\t<h2><strong>Milyen tev\u00e9kenys\u00e9geket hajtunk v\u00e9gre?<\/strong><\/h2><p>A projektet 8 munkacsomagban hat\u00e1rozt\u00e1k meg:<\/p>\t\t\t\t\t\t\t\t<\/div>\n\t\t\t\t<\/div>\n\t\t\t\t<div class=\"elementor-element elementor-element-45e8f18 elementor-widget elementor-widget-toggle\" data-id=\"45e8f18\" data-element_type=\"widget\" data-e-type=\"widget\" data-widget_type=\"toggle.default\">\n\t\t\t\t<div class=\"elementor-widget-container\">\n\t\t\t\t\t\t\t<div class=\"elementor-toggle\">\n\t\t\t\t\t\t\t<div class=\"elementor-toggle-item\">\n\t\t\t\t\t<div id=\"elementor-tab-title-7331\" class=\"elementor-tab-title\" data-tab=\"1\" role=\"button\" aria-controls=\"elementor-tab-content-7331\" aria-expanded=\"false\">\n\t\t\t\t\t\t\t\t\t\t\t\t<span class=\"elementor-toggle-icon elementor-toggle-icon-left\" aria-hidden=\"true\">\n\t\t\t\t\t\t\t\t\t\t\t\t\t\t\t<span class=\"elementor-toggle-icon-closed\"><i class=\"fas fa-caret-right\"><\/i><\/span>\n\t\t\t\t\t\t\t\t<span class=\"elementor-toggle-icon-opened\"><i class=\"elementor-toggle-icon-opened fas fa-caret-up\"><\/i><\/span>\n\t\t\t\t\t\t\t\t\t\t\t\t\t<\/span>\n\t\t\t\t\t\t\t\t\t\t\t\t<a class=\"elementor-toggle-title\" tabindex=\"0\">WP1 - T\u00e1rsalkot\u00e1s, t\u0151k\u00e9s\u00edt\u00e9s \u00e9s terjeszt\u00e9s <\/a>\n\t\t\t\t\t<\/div>\n\n\t\t\t\t\t<div id=\"elementor-tab-content-7331\" class=\"elementor-tab-content elementor-clearfix\" data-tab=\"1\" role=\"region\" aria-labelledby=\"elementor-tab-title-7331\"><p>WP vezet\u0151: <strong>PHILIPPS UNIVERSITAET MARBURG<\/strong><\/p><p>E munkacsomag c\u00e9lja, hogy akt\u00edvan bevonja az \u00e9rdekelt feleket a projekt munk\u00e1j\u00e1ba, \u00e9s biztos\u00edtsa r\u00e9szv\u00e9tel\u00fcket a projekt tov\u00e1bbi fejleszt\u00e9s\u00e9ben.<\/p><\/div>\n\t\t\t\t<\/div>\n\t\t\t\t\t\t\t<div class=\"elementor-toggle-item\">\n\t\t\t\t\t<div id=\"elementor-tab-title-7332\" class=\"elementor-tab-title\" data-tab=\"2\" role=\"button\" aria-controls=\"elementor-tab-content-7332\" aria-expanded=\"false\">\n\t\t\t\t\t\t\t\t\t\t\t\t<span class=\"elementor-toggle-icon elementor-toggle-icon-left\" aria-hidden=\"true\">\n\t\t\t\t\t\t\t\t\t\t\t\t\t\t\t<span class=\"elementor-toggle-icon-closed\"><i class=\"fas fa-caret-right\"><\/i><\/span>\n\t\t\t\t\t\t\t\t<span class=\"elementor-toggle-icon-opened\"><i class=\"elementor-toggle-icon-opened fas fa-caret-up\"><\/i><\/span>\n\t\t\t\t\t\t\t\t\t\t\t\t\t<\/span>\n\t\t\t\t\t\t\t\t\t\t\t\t<a class=\"elementor-toggle-title\" tabindex=\"0\">WP2 - Tud\u00e1sb\u00e1zis \u00e9s tud\u00e1s\u00e1tad\u00e1s<\/a>\n\t\t\t\t\t<\/div>\n\n\t\t\t\t\t<div id=\"elementor-tab-content-7332\" class=\"elementor-tab-content elementor-clearfix\" data-tab=\"2\" role=\"region\" aria-labelledby=\"elementor-tab-title-7332\"><p>WP vezet\u0151: <strong>PROGRESSIVE FARMING TRUST LTD LBG<\/strong><\/p><p>A WP2 c\u00e9lja, hogy a WP1-ben kialak\u00edtott tudom\u00e1nyos-gyakorlati partners\u00e9get olyan eszk\u00f6zt\u00e1rr\u00e1 alak\u00edtsa \u00e1t, amely lehet\u0151v\u00e9 teszi a gazd\u00e1lkod\u00f3k \u00e9s m\u00e1s \u00e9rdekelt felek sz\u00e1m\u00e1ra, hogy AF-rendszereket tervezzenek, \u00e9s ennek megfelel\u0151en, helyi k\u00f6rnyezet\u00fckben j\u00f3l t\u00e1j\u00e9kozott gazd\u00e1lkod\u00e1si d\u00f6nt\u00e9seket hozzanak.<\/p><\/div>\n\t\t\t\t<\/div>\n\t\t\t\t\t\t\t<div class=\"elementor-toggle-item\">\n\t\t\t\t\t<div id=\"elementor-tab-title-7333\" class=\"elementor-tab-title\" data-tab=\"3\" role=\"button\" aria-controls=\"elementor-tab-content-7333\" aria-expanded=\"false\">\n\t\t\t\t\t\t\t\t\t\t\t\t<span class=\"elementor-toggle-icon elementor-toggle-icon-left\" aria-hidden=\"true\">\n\t\t\t\t\t\t\t\t\t\t\t\t\t\t\t<span class=\"elementor-toggle-icon-closed\"><i class=\"fas fa-caret-right\"><\/i><\/span>\n\t\t\t\t\t\t\t\t<span class=\"elementor-toggle-icon-opened\"><i class=\"elementor-toggle-icon-opened fas fa-caret-up\"><\/i><\/span>\n\t\t\t\t\t\t\t\t\t\t\t\t\t<\/span>\n\t\t\t\t\t\t\t\t\t\t\t\t<a class=\"elementor-toggle-title\" tabindex=\"0\">WP3 - AF rendszer teljes\u00edtm\u00e9nye<\/a>\n\t\t\t\t\t<\/div>\n\n\t\t\t\t\t<div id=\"elementor-tab-content-7333\" class=\"elementor-tab-content elementor-clearfix\" data-tab=\"3\" role=\"region\" aria-labelledby=\"elementor-tab-title-7333\"><p>WP vezet\u0151: <strong>KOBENHAVNS UNIVERSITET<\/strong><\/p><p>A WP3 c\u00e9lja a megl\u00e9v\u0151 AF-rendszerek teljes\u00edtm\u00e9ny\u00e9nek jellemz\u00e9se \u00e9s sz\u00e1mszer\u0171s\u00edt\u00e9se termel\u00e9kenys\u00e9g\u00fck, j\u00f6vedelmez\u0151s\u00e9g\u00fck \u00e9s \u00f6kosziszt\u00e9ma-szolg\u00e1ltat\u00e1sok ny\u00fajt\u00e1sa szempontj\u00e1b\u00f3l, a m\u00e9retezhet\u0151 monitoring- \u00e9s ellen\u0151rz\u00e9si rendszerek t\u00e1mogat\u00e1sa (WP4), a p\u00e9nz\u00fcgyi \u00e9s politikai eszk\u00f6z\u00f6k fejleszt\u00e9s\u00e9hez (WP5), valamint az agr\u00e1r-erd\u00e9szeti rendszerek tervez\u00e9s\u00e9nek optimaliz\u00e1l\u00e1s\u00e1hoz \u00e9s innov\u00e1ci\u00f3j\u00e1hoz (WP6).<\/p><\/div>\n\t\t\t\t<\/div>\n\t\t\t\t\t\t\t<div class=\"elementor-toggle-item\">\n\t\t\t\t\t<div id=\"elementor-tab-title-7334\" class=\"elementor-tab-title\" data-tab=\"4\" role=\"button\" aria-controls=\"elementor-tab-content-7334\" aria-expanded=\"false\">\n\t\t\t\t\t\t\t\t\t\t\t\t<span class=\"elementor-toggle-icon elementor-toggle-icon-left\" aria-hidden=\"true\">\n\t\t\t\t\t\t\t\t\t\t\t\t\t\t\t<span class=\"elementor-toggle-icon-closed\"><i class=\"fas fa-caret-right\"><\/i><\/span>\n\t\t\t\t\t\t\t\t<span class=\"elementor-toggle-icon-opened\"><i class=\"elementor-toggle-icon-opened fas fa-caret-up\"><\/i><\/span>\n\t\t\t\t\t\t\t\t\t\t\t\t\t<\/span>\n\t\t\t\t\t\t\t\t\t\t\t\t<a class=\"elementor-toggle-title\" tabindex=\"0\">WP4 - Monitoring \u00e9s ellen\u0151rz\u00e9s<\/a>\n\t\t\t\t\t<\/div>\n\n\t\t\t\t\t<div id=\"elementor-tab-content-7334\" class=\"elementor-tab-content elementor-clearfix\" data-tab=\"4\" role=\"region\" aria-labelledby=\"elementor-tab-title-7334\"><p>WP vezet\u0151: <strong>CESKA ZEMEDELSKA UNIVERZITA V PRAZE<\/strong><\/p><p>Ez a munkacsoport a t\u00e1v\u00e9rz\u00e9kel\u00e9s \u00e9s a m\u00e9lytanul\u00e1si algoritmusok leg\u00fajabb fejleszt\u00e9seit fogja felhaszn\u00e1lni egy olyan f\u00e9lauton\u00f3m szolg\u00e1ltat\u00e1s l\u00e9trehoz\u00e1s\u00e1ra, amely k\u00e9pes le\u00edrni a mez\u0151gazdas\u00e1gi \u00fczemek sz\u00e9n-dioxid- \u00e9s biodiverzit\u00e1s-\u00e9rt\u00e9k\u00e9t, valamint annak id\u0151beli v\u00e1ltoz\u00e1s\u00e1t.<\/p><\/div>\n\t\t\t\t<\/div>\n\t\t\t\t\t\t\t<div class=\"elementor-toggle-item\">\n\t\t\t\t\t<div id=\"elementor-tab-title-7335\" class=\"elementor-tab-title\" data-tab=\"5\" role=\"button\" aria-controls=\"elementor-tab-content-7335\" aria-expanded=\"false\">\n\t\t\t\t\t\t\t\t\t\t\t\t<span class=\"elementor-toggle-icon elementor-toggle-icon-left\" aria-hidden=\"true\">\n\t\t\t\t\t\t\t\t\t\t\t\t\t\t\t<span class=\"elementor-toggle-icon-closed\"><i class=\"fas fa-caret-right\"><\/i><\/span>\n\t\t\t\t\t\t\t\t<span class=\"elementor-toggle-icon-opened\"><i class=\"elementor-toggle-icon-opened fas fa-caret-up\"><\/i><\/span>\n\t\t\t\t\t\t\t\t\t\t\t\t\t<\/span>\n\t\t\t\t\t\t\t\t\t\t\t\t<a class=\"elementor-toggle-title\" tabindex=\"0\">WP5 - P\u00e9nz\u00fcgyek \u00e9s politika<\/a>\n\t\t\t\t\t<\/div>\n\n\t\t\t\t\t<div id=\"elementor-tab-content-7335\" class=\"elementor-tab-content elementor-clearfix\" data-tab=\"5\" role=\"region\" aria-labelledby=\"elementor-tab-title-7335\"><p>WP vezet\u0151: <strong>EUROMEDITERR\u00c1N K\u00d6ZGAZD\u00c1SZ SZ\u00d6VETS\u00c9G<\/strong><\/p><p>Ez a munkacsomag a t\u00e1rsalkot\u00e1si kapacit\u00e1st (WP1) fogja felhaszn\u00e1lni az agr\u00e1r-erd\u00e9szetre jellemz\u0151 p\u00e9nz\u00fcgyi modell kidolgoz\u00e1s\u00e1ra \u00e9s a hat\u00e9kony szakpolitikai t\u00e1mogat\u00e1s megtervez\u00e9s\u00e9re.<\/p><\/div>\n\t\t\t\t<\/div>\n\t\t\t\t\t\t\t<div class=\"elementor-toggle-item\">\n\t\t\t\t\t<div id=\"elementor-tab-title-7336\" class=\"elementor-tab-title\" data-tab=\"6\" role=\"button\" aria-controls=\"elementor-tab-content-7336\" aria-expanded=\"false\">\n\t\t\t\t\t\t\t\t\t\t\t\t<span class=\"elementor-toggle-icon elementor-toggle-icon-left\" aria-hidden=\"true\">\n\t\t\t\t\t\t\t\t\t\t\t\t\t\t\t<span class=\"elementor-toggle-icon-closed\"><i class=\"fas fa-caret-right\"><\/i><\/span>\n\t\t\t\t\t\t\t\t<span class=\"elementor-toggle-icon-opened\"><i class=\"elementor-toggle-icon-opened fas fa-caret-up\"><\/i><\/span>\n\t\t\t\t\t\t\t\t\t\t\t\t\t<\/span>\n\t\t\t\t\t\t\t\t\t\t\t\t<a class=\"elementor-toggle-title\" tabindex=\"0\">WP6 - Integr\u00e1ci\u00f3 \u00e9s innov\u00e1ci\u00f3<\/a>\n\t\t\t\t\t<\/div>\n\n\t\t\t\t\t<div id=\"elementor-tab-content-7336\" class=\"elementor-tab-content elementor-clearfix\" data-tab=\"6\" role=\"region\" aria-labelledby=\"elementor-tab-title-7336\"><p>WP vezet\u0151: <strong>RHEINISCHE FRIEDRICH-WILHELMS<\/strong> <b>UNIVERSIT\u00c4T BON<\/b><\/p>\n<p>E munkacsoport c\u00e9lja kett\u0151s. El\u0151sz\u00f6r is, az 1-5. munkacsoport integr\u00e1lt modelljei \u00e9s eredm\u00e9nyei alapj\u00e1n mechanizmusokat dolgoz ki a dinamikus AF-rendszerek tervez\u00e9s\u00e9nek gazdas\u00e1gszint\u0171 optimaliz\u00e1l\u00e1s\u00e1ra. M\u00e1sodszor, ez a munkacsoport innovat\u00edv \u00fczleti modelleket dolgoz ki \u00e9s tesztel az \u00e9rt\u00e9kl\u00e1ncra \u00e9s az AF-re jellemz\u0151 tan\u00e1csad\u00e1s t\u00e1mogat\u00e1s\u00e1ra.<\/p><\/div>\n\t\t\t\t<\/div>\n\t\t\t\t\t\t\t<div class=\"elementor-toggle-item\">\n\t\t\t\t\t<div id=\"elementor-tab-title-7337\" class=\"elementor-tab-title\" data-tab=\"7\" role=\"button\" aria-controls=\"elementor-tab-content-7337\" aria-expanded=\"false\">\n\t\t\t\t\t\t\t\t\t\t\t\t<span class=\"elementor-toggle-icon elementor-toggle-icon-left\" aria-hidden=\"true\">\n\t\t\t\t\t\t\t\t\t\t\t\t\t\t\t<span class=\"elementor-toggle-icon-closed\"><i class=\"fas fa-caret-right\"><\/i><\/span>\n\t\t\t\t\t\t\t\t<span class=\"elementor-toggle-icon-opened\"><i class=\"elementor-toggle-icon-opened fas fa-caret-up\"><\/i><\/span>\n\t\t\t\t\t\t\t\t\t\t\t\t\t<\/span>\n\t\t\t\t\t\t\t\t\t\t\t\t<a class=\"elementor-toggle-title\" tabindex=\"0\">WP7 - Projektmenedzsment<\/a>\n\t\t\t\t\t<\/div>\n\n\t\t\t\t\t<div id=\"elementor-tab-content-7337\" class=\"elementor-tab-content elementor-clearfix\" data-tab=\"7\" role=\"region\" aria-labelledby=\"elementor-tab-title-7337\"><p>WP vezet\u0151: <strong>CESKA ZEMEDELSKA UNIVERZITA V PRAZE<\/strong><\/p><p>A 7. munkacsoport f\u0151 c\u00e9lja a projekt hat\u00e9kony \u00e9s \u00f6sszehangolt v\u00e9grehajt\u00e1s\u00e1nak t\u00e1mogat\u00e1sa, a partnerek k\u00f6z\u00f6tti hat\u00e9kony egy\u00fcttm\u0171k\u00f6d\u00e9s \u00e9s a projekt hat\u00e1s\u00e1nak maximaliz\u00e1l\u00e1sa.<\/p><\/div>\n\t\t\t\t<\/div>\n\t\t\t\t\t\t\t<div class=\"elementor-toggle-item\">\n\t\t\t\t\t<div id=\"elementor-tab-title-7338\" class=\"elementor-tab-title\" data-tab=\"8\" role=\"button\" aria-controls=\"elementor-tab-content-7338\" aria-expanded=\"false\">\n\t\t\t\t\t\t\t\t\t\t\t\t<span class=\"elementor-toggle-icon elementor-toggle-icon-left\" aria-hidden=\"true\">\n\t\t\t\t\t\t\t\t\t\t\t\t\t\t\t<span class=\"elementor-toggle-icon-closed\"><i class=\"fas fa-caret-right\"><\/i><\/span>\n\t\t\t\t\t\t\t\t<span class=\"elementor-toggle-icon-opened\"><i class=\"elementor-toggle-icon-opened fas fa-caret-up\"><\/i><\/span>\n\t\t\t\t\t\t\t\t\t\t\t\t\t<\/span>\n\t\t\t\t\t\t\t\t\t\t\t\t<a class=\"elementor-toggle-title\" tabindex=\"0\">WP8 - Etikai k\u00f6vetelm\u00e9nyek<\/a>\n\t\t\t\t\t<\/div>\n\n\t\t\t\t\t<div id=\"elementor-tab-content-7338\" class=\"elementor-tab-content elementor-clearfix\" data-tab=\"8\" role=\"region\" aria-labelledby=\"elementor-tab-title-7338\"><p>WP vezet\u0151: <strong>CESKA ZEMEDELSKA UNIVERZITA V PRAZE<\/strong><\/p><p>A c\u00e9l annak biztos\u00edt\u00e1sa, hogy a projekt etikai szempontb\u00f3l megfeleljen a k\u00f6vetelm\u00e9nyeknek.<\/p><\/div>\n\t\t\t\t<\/div>\n\t\t\t\t\t\t\t\t<\/div>\n\t\t\t\t\t\t<\/div>\n\t\t\t\t<\/div>\n\t\t\t\t\t<\/div>\n\t\t<\/div>\n\t\t\t\t\t<\/div>\n\t\t<\/section>\n\t\t\t\t<\/div>","protected":false},"excerpt":{"rendered":"<p>ACTIVITIES What activities are we implementing? The project is defined in 8 work packages: WP1 &#8211; Co-creation, Capitalisation, and Dissemination WP Leader: PHILIPPS UNIVERSITAET MARBURG This Work Package aims to [&hellip;]<\/p>\n","protected":false},"author":1,"featured_media":0,"parent":0,"menu_order":0,"comment_status":"closed","ping_status":"closed","template":"","meta":{"site-sidebar-layout":"no-sidebar","site-content-layout":"page-builder","ast-site-content-layout":"default","site-content-style":"default","site-sidebar-style":"default","ast-global-header-display":"","ast-banner-title-visibility":"","ast-main-header-display":"","ast-hfb-above-header-display":"","ast-hfb-below-header-display":"","ast-hfb-mobile-header-display":"","site-post-title":"disabled","ast-breadcrumbs-content":"","ast-featured-img":"disabled","footer-sml-layout":"","ast-disable-related-posts":"","theme-transparent-header-meta":"","adv-header-id-meta":"","stick-header-meta":"","header-above-stick-meta":"","header-main-stick-meta":"","header-below-stick-meta":"","astra-migrate-meta-layouts":"default","ast-page-background-enabled":"default","ast-page-background-meta":{"desktop":{"background-color":"","background-image":"","background-repeat":"repeat","background-position":"center center","background-size":"auto","background-attachment":"scroll","background-type":"","background-media":"","overlay-type":"","overlay-color":"","overlay-opacity":"","overlay-gradient":""},"tablet":{"background-color":"","background-image":"","background-repeat":"repeat","background-position":"center center","background-size":"auto","background-attachment":"scroll","background-type":"","background-media":"","overlay-type":"","overlay-color":"","overlay-opacity":"","overlay-gradient":""},"mobile":{"background-color":"","background-image":"","background-repeat":"repeat","background-position":"center center","background-size":"auto","background-attachment":"scroll","background-type":"","background-media":"","overlay-type":"","overlay-color":"","overlay-opacity":"","overlay-gradient":""}},"ast-content-background-meta":{"desktop":{"background-color":"var(--ast-global-color-4)","background-image":"","background-repeat":"repeat","background-position":"center center","background-size":"auto","background-attachment":"scroll","background-type":"","background-media":"","overlay-type":"","overlay-color":"","overlay-opacity":"","overlay-gradient":""},"tablet":{"background-color":"var(--ast-global-color-4)","background-image":"","background-repeat":"repeat","background-position":"center center","background-size":"auto","background-attachment":"scroll","background-type":"","background-media":"","overlay-type":"","overlay-color":"","overlay-opacity":"","overlay-gradient":""},"mobile":{"background-color":"var(--ast-global-color-4)","background-image":"","background-repeat":"repeat","background-position":"center center","background-size":"auto","background-attachment":"scroll","background-type":"","background-media":"","overlay-type":"","overlay-color":"","overlay-opacity":"","overlay-gradient":""}},"footnotes":""},"class_list":["post-294","page","type-page","status-publish","hentry"],"_links":{"self":[{"href":"https:\/\/agroreforest.eu\/hu\/wp-json\/wp\/v2\/pages\/294","targetHints":{"allow":["GET"]}}],"collection":[{"href":"https:\/\/agroreforest.eu\/hu\/wp-json\/wp\/v2\/pages"}],"about":[{"href":"https:\/\/agroreforest.eu\/hu\/wp-json\/wp\/v2\/types\/page"}],"author":[{"embeddable":true,"href":"https:\/\/agroreforest.eu\/hu\/wp-json\/wp\/v2\/users\/1"}],"replies":[{"embeddable":true,"href":"https:\/\/agroreforest.eu\/hu\/wp-json\/wp\/v2\/comments?post=294"}],"version-history":[{"count":19,"href":"https:\/\/agroreforest.eu\/hu\/wp-json\/wp\/v2\/pages\/294\/revisions"}],"predecessor-version":[{"id":1971,"href":"https:\/\/agroreforest.eu\/hu\/wp-json\/wp\/v2\/pages\/294\/revisions\/1971"}],"wp:attachment":[{"href":"https:\/\/agroreforest.eu\/hu\/wp-json\/wp\/v2\/media?parent=294"}],"curies":[{"name":"wp","href":"https:\/\/api.w.org\/{rel}","templated":true}]}}