{"id":449,"date":"2022-09-29T10:58:00","date_gmt":"2022-09-29T10:58:00","guid":{"rendered":"https:\/\/agroreforest.eu\/?page_id=449"},"modified":"2023-03-06T14:12:21","modified_gmt":"2023-03-06T14:12:21","slug":"data-policy","status":"publish","type":"page","link":"https:\/\/agroreforest.eu\/fr\/data-policy\/","title":{"rendered":"Politique des donn\u00e9es"},"content":{"rendered":"<div data-elementor-type=\"wp-page\" data-elementor-id=\"449\" class=\"elementor elementor-449\" data-elementor-post-type=\"page\">\n\t\t\t\t\t\t<section class=\"elementor-section elementor-top-section elementor-element elementor-element-b2cfc22 elementor-section-boxed elementor-section-height-default elementor-section-height-default\" data-id=\"b2cfc22\" data-element_type=\"section\" data-e-type=\"section\">\n\t\t\t\t\t\t<div class=\"elementor-container elementor-column-gap-default\">\n\t\t\t\t\t<div class=\"elementor-column elementor-col-100 elementor-top-column elementor-element elementor-element-2125c13\" data-id=\"2125c13\" data-element_type=\"column\" data-e-type=\"column\">\n\t\t\t<div class=\"elementor-widget-wrap elementor-element-populated\">\n\t\t\t\t\t\t<div class=\"elementor-element elementor-element-77bfc5a elementor-widget elementor-widget-heading\" data-id=\"77bfc5a\" data-element_type=\"widget\" data-e-type=\"widget\" data-widget_type=\"heading.default\">\n\t\t\t\t<div class=\"elementor-widget-container\">\n\t\t\t\t\t<h2 class=\"elementor-heading-title elementor-size-default\">Politique des donn\u00e9es<\/h2>\t\t\t\t<\/div>\n\t\t\t\t<\/div>\n\t\t\t\t<div class=\"elementor-element elementor-element-6c2ce5b elementor-widget elementor-widget-text-editor\" data-id=\"6c2ce5b\" data-element_type=\"widget\" data-e-type=\"widget\" data-widget_type=\"text-editor.default\">\n\t\t\t\t<div class=\"elementor-widget-container\">\n\t\t\t\t\t\t\t\t\t<p class=\"translation-block\"><strong>Le <\/strong><strong>RE<\/strong><strong>FOREST<\/strong><strong>projet<\/strong><\/strong><\/p><p class=\"translation-block\"><strong>L'agroforesterie \u00e0 la pointe de l'agriculture durable dans les paysages multifonctionnels en Europe<\/strong><strong>RE<\/strong><strong>ProjetFOREST<\/strong> (ci-apr\u00e8s d\u00e9nomm\u00e9 \"<strong>RE<\/strong><strong>FOREST<\/strong>\", \"nous\", \"notre\" ou \"nos\") est un projet Horizon Europe financ\u00e9 dans le cadre de l'appel \u00e0 l'action climatique \"Terre, Oc\u00e9an et Eau\", th\u00e8me sp\u00e9cifique : HORIZON-CL6-2021-CLIMATE-01-08: L'agroforesterie pour atteindre les objectifs en mati\u00e8re de climat, de biodiversit\u00e9 et de durabilit\u00e9 de l'agriculture. <strong>RE<\/strong><strong>FOREST <\/strong>est coordonn\u00e9 par CESKA ZEMEDELSKA UNIVERZITA V PRAZE (CZU) et rassemble un groupe important de 14 institutions de 10 pays europ\u00e9ens : <a href=\"https:\/\/agroreforest.eu\/fr\/partners\/\" target=\"_self\">https:\/\/agroreforest.eu\/partners\/<\/a>. Europroject g\u00e8re ce site web (\"le service\") au nom des membres du consortium <strong>RE<\/strong><strong>FOREST<\/strong>.<\/p><p><strong>Politique des donn\u00e9es<\/strong><\/p><p class=\"translation-block\">Notre politique en mati\u00e8re de donn\u00e9es a pour but de d\u00e9crire la mani\u00e8re dont nous utilisons les donn\u00e9es personnelles que vous nous fournissez lorsque vous visitez le site web de <strong>RE<\/strong><strong>FOREST <\/strong>. Nous attachons la plus grande importance au respect de votre vie priv\u00e9e et \u00e0 la s\u00e9curit\u00e9 de vos donn\u00e9es. Bien qu'aucune m\u00e9thode de transmission de donn\u00e9es sur l'internet, ou m\u00eame de stockage \u00e9lectronique, ne soit s\u00fbre \u00e0 cent pour cent, nous veillerons \u00e0 ce que tout traitement de donn\u00e9es que nous utilisons mette \u00e9galement en \u0153uvre des mesures de s\u00e9curit\u00e9 techniques et organisationnelles appropri\u00e9es pour prot\u00e9ger les informations que vous nous avez fournies.<\/p><p><strong>Donn\u00e9es personnelles <\/strong><\/p><p>Lors de l'utilisation de notre service, nous pouvons vous demander de nous fournir certaines informations personnellement identifiables qui peuvent \u00eatre utilis\u00e9es pour vous contacter ou vous identifier. Les donn\u00e9es personnelles peuvent inclure votre adresse \u00e9lectronique, votre pr\u00e9nom et votre nom de famille, des cookies et\/ou des donn\u00e9es d'utilisation.<\/p><p>Nous traiterons vos donn\u00e9es personnelles conform\u00e9ment \u00e0 la l\u00e9gislation sur la protection des donn\u00e9es, y compris les lois sur la protection des donn\u00e9es de 1988 \u00e0 2018, le r\u00e8glement g\u00e9n\u00e9ral sur la protection des donn\u00e9es (UE) 2018\/1725, et toute autre loi ou r\u00e9glementation nationale ou internationale applicable. En aucun cas, nous ne partagerons vos Donn\u00e9es personnelles sans votre consentement, sauf si la loi l'exige (\u00e0 l'exception de ce qui est indiqu\u00e9 dans la pr\u00e9sente Politique). Dans certaines circonstances, vos Donn\u00e9es personnelles peuvent \u00eatre partag\u00e9es avec la Commission europ\u00e9enne, auquel cas vos Donn\u00e9es personnelles seront trait\u00e9es conform\u00e9ment \u00e0 la Politique de confidentialit\u00e9 de la Commission europ\u00e9enne disponible \u00e0 l'adresse suivante :\u00a0<a href=\"https:\/\/ec.europa.eu\/info\/privacy-policy_en\">https:\/\/ec.europa.eu\/info\/privacy-policy_en<\/a>.<\/p><p class=\"translation-block\">Si n\u00e9cessaire, nous ne pouvons divulguer vos donn\u00e9es personnelles qu'en toute bonne foi : i) pour nous conformer \u00e0 une obligation l\u00e9gale ; ii) pour prot\u00e9ger les droits ou la propri\u00e9t\u00e9 de <strong>RE<\/strong><strong>FOREST <\/strong> ; iii) pour pr\u00e9venir ou enqu\u00eater sur d'\u00e9ventuels actes r\u00e9pr\u00e9hensibles en rapport avec le service, iv) pour prot\u00e9ger la s\u00e9curit\u00e9 personnelle des utilisateurs du service ou du public ; v) pour nous pr\u00e9munir contre toute responsabilit\u00e9 l\u00e9gale.<\/p><p><strong>Donn\u00e9es d'utilisation<\/strong><\/p><p>Nous pouvons \u00e9galement recueillir des informations sur la mani\u00e8re dont le service est consult\u00e9 et utilis\u00e9 (\"donn\u00e9es d'utilisation\"). Ces donn\u00e9es d'utilisation peuvent inclure des informations telles que l'adresse IP (Internet Protocol) de votre ordinateur, le type de navigateur, la version du navigateur, les pages de notre service que vous visitez, l'heure et la date de votre visite, le temps pass\u00e9 sur ces pages, les identifiants uniques de l'appareil et d'autres donn\u00e9es de diagnostic.<\/p><p><strong>Donn\u00e9es analytiques<\/strong><\/p><p>Nous recueillons des donn\u00e9es analytiques par le biais de Google Analytics. Ces donn\u00e9es sont collect\u00e9es au niveau macro, sur la base de tous les visiteurs du site web. Toutes les donn\u00e9es analytiques sont anonymes et ne peuvent donc pas \u00eatre identifi\u00e9es personnellement.<\/p><p><strong>Donn\u00e9es sur le suivi et les cookies<\/strong><\/p><p>Nous utilisons des cookies et des technologies de suivi similaires pour suivre l'activit\u00e9 sur notre service et conserver certaines informations.<\/p><p>Les cookies sont des fichiers contenant une petite quantit\u00e9 de donn\u00e9es qui peuvent inclure un identifiant unique anonyme. Les cookies sont envoy\u00e9s \u00e0 votre navigateur par un site web et stock\u00e9s sur votre appareil. Les technologies de suivi \u00e9galement utilis\u00e9es sont les balises, les tags et les scripts pour collecter et suivre les informations et pour am\u00e9liorer et analyser notre service.<\/p><p>Vous pouvez configurer votre navigateur pour qu'il refuse tous les cookies ou pour qu'il vous indique quand un cookie est envoy\u00e9. Toutefois, si vous n'acceptez pas les cookies, il se peut que vous ne puissiez pas utiliser certaines parties de notre service.<\/p><p>Exemples de cookies que nous utilisons :<br \/><strong>- Cookies de session -<\/strong> Nous utilisons des cookies de session pour faire fonctionner notre service<br \/>- <strong>Cookies de pr\u00e9f\u00e9rence<\/strong> - Nous utilisons des cookies de pr\u00e9f\u00e9rence pour m\u00e9moriser vos pr\u00e9f\u00e9rences et divers param\u00e8tres.<br \/>- <strong>Cookies de s\u00e9curit\u00e9<\/strong> - Nous utilisons des cookies de s\u00e9curit\u00e9 \u00e0 des fins de s\u00e9curit\u00e9.<\/p><p><strong>Politique en mati\u00e8re de cookies<\/strong><\/p><p>Notre site web utilise des cookies pour vous distinguer des autres utilisateurs de notre site. En g\u00e9n\u00e9ral, les cookies sont utilis\u00e9s pour conserver les pr\u00e9f\u00e9rences des utilisateurs, stocker des informations pour des \u00e9l\u00e9ments tels que les paniers d'achat et fournir des donn\u00e9es de suivi anonymes. En r\u00e8gle g\u00e9n\u00e9rale, les cookies am\u00e9liorent votre exp\u00e9rience de navigation. Toutefois, il se peut que vous pr\u00e9f\u00e9riez d\u00e9sactiver les cookies sur ce site et sur d'autres. La mani\u00e8re la plus efficace de le faire est de d\u00e9sactiver les cookies dans votre navigateur. Nous vous sugg\u00e9rons de consulter la section Aide de votre navigateur ou de jeter un coup d'\u0153il \u00e0 la page d'accueil du site Web de la Commission europ\u00e9enne.\u00a0<a href=\"https:\/\/www.aboutcookies.org\/\">\u00c0 propos des cookies<\/a>\u00a0qui propose des conseils pour tous les navigateurs modernes.<\/p><p><strong>Liens de tiers<\/strong><\/p><p>Notre service peut contenir des hyperliens vers des sites web d\u00e9tenus et exploit\u00e9s par des tiers. Ces sites web tiers ont leurs propres politiques de confidentialit\u00e9, y compris en mati\u00e8re de cookies. Nous n'acceptons aucune responsabilit\u00e9 quant aux pratiques de confidentialit\u00e9 de ces sites web tiers et votre utilisation de ces sites web se fait \u00e0 vos risques et p\u00e9rils.<\/p><p class=\"translation-block\"><strong>RE<\/strong><strong>Modifications de la politique de confidentialit\u00e9 de FOREST<\/strong><\/p><p>Notre politique de confidentialit\u00e9 peut \u00eatre mise \u00e0 jour de temps \u00e0 autre. Nous vous conseillons de la consulter r\u00e9guli\u00e8rement. Toute modification de notre politique de confidentialit\u00e9 sera publi\u00e9e sur cette page.<\/p><p><strong>Contactez nous<\/strong><\/p><p>Si vous avez des questions ou si vous souhaitez en savoir plus sur la politique de REFOREST en mati\u00e8re de protection de la vie priv\u00e9e, n'h\u00e9sitez pas \u00e0 nous contacter \u00e0 l'adresse suivante\u00a0<a href=\"mailto:info@agroreforest.eu\">info@agroreforest.eu<\/a>.<\/p>\t\t\t\t\t\t\t\t<\/div>\n\t\t\t\t<\/div>\n\t\t\t\t\t<\/div>\n\t\t<\/div>\n\t\t\t\t\t<\/div>\n\t\t<\/section>\n\t\t\t\t<\/div>","protected":false},"excerpt":{"rendered":"<p>Data Policy The REFOREST project Agroforestry at the forefront of farming sustainably in multifunctional landscapes in Europe \u2013 REFOREST Project\u00a0(hereinafter referred to as \u201cREFOREST\u201d, \u201cwe\u201d, \u201cus\u201d or \u201cour\u201d) is a [&hellip;]<\/p>\n","protected":false},"author":1,"featured_media":0,"parent":0,"menu_order":0,"comment_status":"closed","ping_status":"closed","template":"","meta":{"site-sidebar-layout":"no-sidebar","site-content-layout":"page-builder","ast-site-content-layout":"default","site-content-style":"default","site-sidebar-style":"default","ast-global-header-display":"","ast-banner-title-visibility":"","ast-main-header-display":"","ast-hfb-above-header-display":"","ast-hfb-below-header-display":"","ast-hfb-mobile-header-display":"","site-post-title":"disabled","ast-breadcrumbs-content":"","ast-featured-img":"disabled","footer-sml-layout":"","ast-disable-related-posts":"","theme-transparent-header-meta":"","adv-header-id-meta":"","stick-header-meta":"","header-above-stick-meta":"","header-main-stick-meta":"","header-below-stick-meta":"","astra-migrate-meta-layouts":"default","ast-page-background-enabled":"default","ast-page-background-meta":{"desktop":{"background-color":"","background-image":"","background-repeat":"repeat","background-position":"center center","background-size":"auto","background-attachment":"scroll","background-type":"","background-media":"","overlay-type":"","overlay-color":"","overlay-opacity":"","overlay-gradient":""},"tablet":{"background-color":"","background-image":"","background-repeat":"repeat","background-position":"center center","background-size":"auto","background-attachment":"scroll","background-type":"","background-media":"","overlay-type":"","overlay-color":"","overlay-opacity":"","overlay-gradient":""},"mobile":{"background-color":"","background-image":"","background-repeat":"repeat","background-position":"center center","background-size":"auto","background-attachment":"scroll","background-type":"","background-media":"","overlay-type":"","overlay-color":"","overlay-opacity":"","overlay-gradient":""}},"ast-content-background-meta":{"desktop":{"background-color":"var(--ast-global-color-4)","background-image":"","background-repeat":"repeat","background-position":"center center","background-size":"auto","background-attachment":"scroll","background-type":"","background-media":"","overlay-type":"","overlay-color":"","overlay-opacity":"","overlay-gradient":""},"tablet":{"background-color":"var(--ast-global-color-4)","background-image":"","background-repeat":"repeat","background-position":"center center","background-size":"auto","background-attachment":"scroll","background-type":"","background-media":"","overlay-type":"","overlay-color":"","overlay-opacity":"","overlay-gradient":""},"mobile":{"background-color":"var(--ast-global-color-4)","background-image":"","background-repeat":"repeat","background-position":"center center","background-size":"auto","background-attachment":"scroll","background-type":"","background-media":"","overlay-type":"","overlay-color":"","overlay-opacity":"","overlay-gradient":""}},"footnotes":""},"class_list":["post-449","page","type-page","status-publish","hentry"],"_links":{"self":[{"href":"https:\/\/agroreforest.eu\/fr\/wp-json\/wp\/v2\/pages\/449","targetHints":{"allow":["GET"]}}],"collection":[{"href":"https:\/\/agroreforest.eu\/fr\/wp-json\/wp\/v2\/pages"}],"about":[{"href":"https:\/\/agroreforest.eu\/fr\/wp-json\/wp\/v2\/types\/page"}],"author":[{"embeddable":true,"href":"https:\/\/agroreforest.eu\/fr\/wp-json\/wp\/v2\/users\/1"}],"replies":[{"embeddable":true,"href":"https:\/\/agroreforest.eu\/fr\/wp-json\/wp\/v2\/comments?post=449"}],"version-history":[{"count":8,"href":"https:\/\/agroreforest.eu\/fr\/wp-json\/wp\/v2\/pages\/449\/revisions"}],"predecessor-version":[{"id":3572,"href":"https:\/\/agroreforest.eu\/fr\/wp-json\/wp\/v2\/pages\/449\/revisions\/3572"}],"wp:attachment":[{"href":"https:\/\/agroreforest.eu\/fr\/wp-json\/wp\/v2\/media?parent=449"}],"curies":[{"name":"wp","href":"https:\/\/api.w.org\/{rel}","templated":true}]}}