{"id":3250,"date":"2024-09-24T07:28:29","date_gmt":"2024-09-24T07:28:29","guid":{"rendered":"https:\/\/agroreforest.eu\/?page_id=3250"},"modified":"2025-11-19T13:00:25","modified_gmt":"2025-11-19T13:00:25","slug":"practice-abstracts","status":"publish","type":"page","link":"https:\/\/agroreforest.eu\/fr\/practice-abstracts\/","title":{"rendered":"R\u00e9sum\u00e9s de pratique"},"content":{"rendered":"<div data-elementor-type=\"wp-page\" data-elementor-id=\"3250\" class=\"elementor elementor-3250\" data-elementor-post-type=\"page\">\n\t\t\t\t\t\t<section class=\"elementor-section elementor-top-section elementor-element elementor-element-d9d4e00 elementor-section-boxed elementor-section-height-default elementor-section-height-default\" data-id=\"d9d4e00\" data-element_type=\"section\" data-e-type=\"section\" data-settings=\"{&quot;background_background&quot;:&quot;classic&quot;}\">\n\t\t\t\t\t\t<div class=\"elementor-container elementor-column-gap-no\">\n\t\t\t\t\t<div class=\"elementor-column elementor-col-50 elementor-top-column elementor-element elementor-element-014dac5\" data-id=\"014dac5\" data-element_type=\"column\" data-e-type=\"column\">\n\t\t\t<div class=\"elementor-widget-wrap elementor-element-populated\">\n\t\t\t\t\t\t<div class=\"elementor-element elementor-element-3ea4e7c elementor-widget-divider--view-line elementor-widget elementor-widget-divider\" data-id=\"3ea4e7c\" data-element_type=\"widget\" data-e-type=\"widget\" data-widget_type=\"divider.default\">\n\t\t\t\t<div class=\"elementor-widget-container\">\n\t\t\t\t\t\t\t<div class=\"elementor-divider\">\n\t\t\t<span class=\"elementor-divider-separator\">\n\t\t\t\t\t\t<\/span>\n\t\t<\/div>\n\t\t\t\t\t\t<\/div>\n\t\t\t\t<\/div>\n\t\t\t\t<div class=\"elementor-element elementor-element-192dc04 elementor-widget elementor-widget-heading\" data-id=\"192dc04\" data-element_type=\"widget\" data-e-type=\"widget\" data-widget_type=\"heading.default\">\n\t\t\t\t<div class=\"elementor-widget-container\">\n\t\t\t\t\t<h1 class=\"elementor-heading-title elementor-size-default\">R\u00e9sum\u00e9s de pratique<\/h1>\t\t\t\t<\/div>\n\t\t\t\t<\/div>\n\t\t\t\t\t<\/div>\n\t\t<\/div>\n\t\t\t\t<div class=\"elementor-column elementor-col-50 elementor-top-column elementor-element elementor-element-9c600f7\" data-id=\"9c600f7\" data-element_type=\"column\" data-e-type=\"column\">\n\t\t\t<div class=\"elementor-widget-wrap elementor-element-populated\">\n\t\t\t\t\t\t\t<\/div>\n\t\t<\/div>\n\t\t\t\t\t<\/div>\n\t\t<\/section>\n\t\t\t\t<section class=\"elementor-section elementor-top-section elementor-element elementor-element-332ddd5 elementor-section-boxed elementor-section-height-default elementor-section-height-default\" data-id=\"332ddd5\" data-element_type=\"section\" data-e-type=\"section\" data-settings=\"{&quot;background_background&quot;:&quot;classic&quot;}\">\n\t\t\t\t\t\t<div class=\"elementor-container elementor-column-gap-no\">\n\t\t\t\t\t<div class=\"elementor-column elementor-col-33 elementor-top-column elementor-element elementor-element-5fd7e74\" data-id=\"5fd7e74\" data-element_type=\"column\" data-e-type=\"column\">\n\t\t\t<div class=\"elementor-widget-wrap elementor-element-populated\">\n\t\t\t\t\t\t<div class=\"elementor-element elementor-element-2b16768 elementor-widget elementor-widget-heading\" data-id=\"2b16768\" data-element_type=\"widget\" data-e-type=\"widget\" data-widget_type=\"heading.default\">\n\t\t\t\t<div class=\"elementor-widget-container\">\n\t\t\t\t\t<h2 class=\"elementor-heading-title elementor-size-default\">R\u00e9sum\u00e9s des pratiques ReForest : Innover en agroforesterie par la connaissance pratique<\/h2>\t\t\t\t<\/div>\n\t\t\t\t<\/div>\n\t\t\t\t<div class=\"elementor-element elementor-element-f6cd790 elementor-hidden-desktop elementor-hidden-tablet elementor-hidden-mobile elementor-widget elementor-widget-image\" data-id=\"f6cd790\" data-element_type=\"widget\" data-e-type=\"widget\" data-widget_type=\"image.default\">\n\t\t\t\t<div class=\"elementor-widget-container\">\n\t\t\t\t\t\t\t\t\t\t\t\t\t\t\t<img decoding=\"async\" src=\"https:\/\/agroreforest.eu\/wp-content\/uploads\/elementor\/thumbs\/logo-farmtree-fc2-qofp8gef659xikw6ykxp21uiz98r1fvtocyjjhe9vg.png\" title=\"logo-farmtree-fc2\" alt=\"logo-farmtree-fc2\" loading=\"lazy\" \/>\t\t\t\t\t\t\t\t\t\t\t\t\t\t\t<\/div>\n\t\t\t\t<\/div>\n\t\t\t\t\t<\/div>\n\t\t<\/div>\n\t\t\t\t<div class=\"elementor-column elementor-col-66 elementor-top-column elementor-element elementor-element-b61730d\" data-id=\"b61730d\" data-element_type=\"column\" data-e-type=\"column\">\n\t\t\t<div class=\"elementor-widget-wrap elementor-element-populated\">\n\t\t\t\t\t\t<div class=\"elementor-element elementor-element-77fde86 elementor-widget elementor-widget-text-editor\" data-id=\"77fde86\" data-element_type=\"widget\" data-e-type=\"widget\" data-widget_type=\"text-editor.default\">\n\t\t\t\t<div class=\"elementor-widget-container\">\n\t\t\t\t\t\t\t\t\t<p>Dans le cadre de son engagement \u00e0 faire progresser les pratiques agroforesti\u00e8res, ReForest est fier d'offrir des informations pr\u00e9cieuses et des connaissances novatrices \u00e0 l'ensemble de la communaut\u00e9 agricole. Par le biais d'une s\u00e9rie de <strong>r\u00e9sum\u00e9s de pratique<\/strong>En tant que membre de la Commission europ\u00e9enne, nous souhaitons partager avec les agriculteurs, les \u00e9ducateurs et les praticiens de toute l'Europe des connaissances fond\u00e9es sur la recherche et susceptibles d'\u00eatre mises en \u0153uvre.<\/p><p>Ces r\u00e9sum\u00e9s de pratiques sont des r\u00e9sum\u00e9s structur\u00e9s de solutions pratiques visant \u00e0 am\u00e9liorer les syst\u00e8mes agroforestiers. Ils ont \u00e9t\u00e9 \u00e9labor\u00e9s en accord avec le <strong>EIP-AGRI <\/strong>(Partenariat europ\u00e9en d'innovation pour la productivit\u00e9 et la durabilit\u00e9 de l'agriculture) <strong>format commun<\/strong>Ils sont accessibles et faciles \u00e0 mettre en \u0153uvre, ce qui garantit que les connaissances g\u00e9n\u00e9r\u00e9es dans le cadre de ReForest ont un impact dans le monde r\u00e9el.<\/p><p>Les r\u00e9sum\u00e9s des pratiques sont des r\u00e9sum\u00e9s concis et structur\u00e9s de solutions pratiques con\u00e7ues pour am\u00e9liorer les syst\u00e8mes agroforestiers. \u00c9labor\u00e9s conform\u00e9ment au format commun de l'EIP-AGRI (Partenariat europ\u00e9en d'innovation pour la productivit\u00e9 et la durabilit\u00e9 agricoles), ils sont conviviaux et ax\u00e9s sur la mise en \u0153uvre dans le monde r\u00e9el, garantissant ainsi que les connaissances g\u00e9n\u00e9r\u00e9es dans le cadre de ReForest se traduisent par des avantages tangibles.<\/p><p>Les r\u00e9sum\u00e9s sont disponibles sur le site <a href=\"https:\/\/eu-cap-network.ec.europa.eu\/projects\/agroforestry-forefront-farming-sustainability-multifunctional-landscapes-europe_en#tab_id=practice_abstracts\"><strong>Site web du PEI-AGRI<\/strong><\/a> faciliter une large diffusion dans la communaut\u00e9 agricole de l'UE. Avec un total de <strong>huit<\/strong> ReForest cherche \u00e0 combler le foss\u00e9 entre la recherche et la pratique, en favorisant un paysage agricole plus durable et plus r\u00e9sistant.<\/p>\t\t\t\t\t\t\t\t<\/div>\n\t\t\t\t<\/div>\n\t\t\t\t<div class=\"elementor-element elementor-element-55deb11 elementor-widget elementor-widget-text-editor\" data-id=\"55deb11\" data-element_type=\"widget\" data-e-type=\"widget\" data-widget_type=\"text-editor.default\">\n\t\t\t\t<div class=\"elementor-widget-container\">\n\t\t\t\t\t\t\t\t\t<p><strong>La premi\u00e8re s\u00e9rie d'abr\u00e9g\u00e9s de pratique des ReFores comprend :<\/strong><\/p>\t\t\t\t\t\t\t\t<\/div>\n\t\t\t\t<\/div>\n\t\t\t\t<div class=\"elementor-element elementor-element-e45134a elementor-widget elementor-widget-text-editor\" data-id=\"e45134a\" data-element_type=\"widget\" data-e-type=\"widget\" data-widget_type=\"text-editor.default\">\n\t\t\t\t<div class=\"elementor-widget-container\">\n\t\t\t\t\t\t\t\t\t<p>1. L'agroforesterie dans l'enseignement primaire<\/p>\t\t\t\t\t\t\t\t<\/div>\n\t\t\t\t<\/div>\n\t\t\t\t<div class=\"elementor-element elementor-element-faa7bd4 elementor-widget elementor-widget-image\" data-id=\"faa7bd4\" data-element_type=\"widget\" data-e-type=\"widget\" data-widget_type=\"image.default\">\n\t\t\t\t<div class=\"elementor-widget-container\">\n\t\t\t\t\t\t\t\t\t\t\t\t\t\t\t\t<a href=\"https:\/\/agroreforest.eu\/fr\/download\/3267\/?tmstv=1727789953\">\n\t\t\t\t\t\t\t<img fetchpriority=\"high\" decoding=\"async\" width=\"690\" height=\"125\" src=\"https:\/\/agroreforest.eu\/wp-content\/uploads\/2024\/09\/Practice-Abstract-1.png\" class=\"attachment-full size-full wp-image-3252\" alt=\"\" srcset=\"https:\/\/agroreforest.eu\/wp-content\/uploads\/2024\/09\/Practice-Abstract-1.png 690w, https:\/\/agroreforest.eu\/wp-content\/uploads\/2024\/09\/Practice-Abstract-1-300x54.png 300w, https:\/\/agroreforest.eu\/wp-content\/uploads\/2024\/09\/Practice-Abstract-1-18x3.png 18w\" sizes=\"(max-width: 690px) 100vw, 690px\" \/>\t\t\t\t\t\t\t\t<\/a>\n\t\t\t\t\t\t\t\t\t\t\t\t\t\t\t<\/div>\n\t\t\t\t<\/div>\n\t\t\t\t<div class=\"elementor-element elementor-element-6c92786 elementor-widget elementor-widget-text-editor\" data-id=\"6c92786\" data-element_type=\"widget\" data-e-type=\"widget\" data-widget_type=\"text-editor.default\">\n\t\t\t\t<div class=\"elementor-widget-container\">\n\t\t\t\t\t\t\t\t\t<p>2. R\u00e9volutionner l'agroforesterie avec FarmTree<\/p>\t\t\t\t\t\t\t\t<\/div>\n\t\t\t\t<\/div>\n\t\t\t\t<div class=\"elementor-element elementor-element-cc9a4bb elementor-widget elementor-widget-image\" data-id=\"cc9a4bb\" data-element_type=\"widget\" data-e-type=\"widget\" data-widget_type=\"image.default\">\n\t\t\t\t<div class=\"elementor-widget-container\">\n\t\t\t\t\t\t\t\t\t\t\t\t\t\t\t\t<a href=\"https:\/\/agroreforest.eu\/fr\/download\/3270\/?tmstv=1727790016\">\n\t\t\t\t\t\t\t<img decoding=\"async\" width=\"690\" height=\"125\" src=\"https:\/\/agroreforest.eu\/wp-content\/uploads\/2024\/09\/Practice-Abstract-2.png\" class=\"attachment-full size-full wp-image-3253\" alt=\"\" srcset=\"https:\/\/agroreforest.eu\/wp-content\/uploads\/2024\/09\/Practice-Abstract-2.png 690w, https:\/\/agroreforest.eu\/wp-content\/uploads\/2024\/09\/Practice-Abstract-2-300x54.png 300w, https:\/\/agroreforest.eu\/wp-content\/uploads\/2024\/09\/Practice-Abstract-2-18x3.png 18w\" sizes=\"(max-width: 690px) 100vw, 690px\" \/>\t\t\t\t\t\t\t\t<\/a>\n\t\t\t\t\t\t\t\t\t\t\t\t\t\t\t<\/div>\n\t\t\t\t<\/div>\n\t\t\t\t<div class=\"elementor-element elementor-element-3599d1a elementor-widget elementor-widget-text-editor\" data-id=\"3599d1a\" data-element_type=\"widget\" data-e-type=\"widget\" data-widget_type=\"text-editor.default\">\n\t\t\t\t<div class=\"elementor-widget-container\">\n\t\t\t\t\t\t\t\t\t<p>3. Un inventaire complet des connaissances en mati\u00e8re d'agroforesterie<\/p>\t\t\t\t\t\t\t\t<\/div>\n\t\t\t\t<\/div>\n\t\t\t\t<div class=\"elementor-element elementor-element-dee7869 elementor-widget elementor-widget-image\" data-id=\"dee7869\" data-element_type=\"widget\" data-e-type=\"widget\" data-widget_type=\"image.default\">\n\t\t\t\t<div class=\"elementor-widget-container\">\n\t\t\t\t\t\t\t\t\t\t\t\t\t\t\t\t<a href=\"https:\/\/agroreforest.eu\/fr\/download\/3273\/?tmstv=1727790038\">\n\t\t\t\t\t\t\t<img decoding=\"async\" width=\"690\" height=\"125\" src=\"https:\/\/agroreforest.eu\/wp-content\/uploads\/2024\/09\/Practice-Abstract-3.png\" class=\"attachment-full size-full wp-image-3254\" alt=\"\" srcset=\"https:\/\/agroreforest.eu\/wp-content\/uploads\/2024\/09\/Practice-Abstract-3.png 690w, https:\/\/agroreforest.eu\/wp-content\/uploads\/2024\/09\/Practice-Abstract-3-300x54.png 300w, https:\/\/agroreforest.eu\/wp-content\/uploads\/2024\/09\/Practice-Abstract-3-18x3.png 18w\" sizes=\"(max-width: 690px) 100vw, 690px\" \/>\t\t\t\t\t\t\t\t<\/a>\n\t\t\t\t\t\t\t\t\t\t\t\t\t\t\t<\/div>\n\t\t\t\t<\/div>\n\t\t\t\t\t<\/div>\n\t\t<\/div>\n\t\t\t\t\t<\/div>\n\t\t<\/section>\n\t\t\t\t<\/div>","protected":false},"excerpt":{"rendered":"<p>Practice abstracts ReForest Practice Abstracts: Innovating Agroforestry through Practical Knowledge As part of our commitment to advancing agroforestry practices, ReForest is proud to offer valuable insights and innovative knowledge to [&hellip;]<\/p>\n","protected":false},"author":1,"featured_media":0,"parent":0,"menu_order":0,"comment_status":"closed","ping_status":"closed","template":"","meta":{"site-sidebar-layout":"no-sidebar","site-content-layout":"page-builder","ast-site-content-layout":"full-width-container","site-content-style":"default","site-sidebar-style":"default","ast-global-header-display":"","ast-banner-title-visibility":"","ast-main-header-display":"","ast-hfb-above-header-display":"","ast-hfb-below-header-display":"","ast-hfb-mobile-header-display":"","site-post-title":"disabled","ast-breadcrumbs-content":"","ast-featured-img":"disabled","footer-sml-layout":"","ast-disable-related-posts":"","theme-transparent-header-meta":"","adv-header-id-meta":"","stick-header-meta":"","header-above-stick-meta":"","header-main-stick-meta":"","header-below-stick-meta":"","astra-migrate-meta-layouts":"set","ast-page-background-enabled":"default","ast-page-background-meta":{"desktop":{"background-color":"","background-image":"","background-repeat":"repeat","background-position":"center center","background-size":"auto","background-attachment":"scroll","background-type":"","background-media":"","overlay-type":"","overlay-color":"","overlay-opacity":"","overlay-gradient":""},"tablet":{"background-color":"","background-image":"","background-repeat":"repeat","background-position":"center center","background-size":"auto","background-attachment":"scroll","background-type":"","background-media":"","overlay-type":"","overlay-color":"","overlay-opacity":"","overlay-gradient":""},"mobile":{"background-color":"","background-image":"","background-repeat":"repeat","background-position":"center center","background-size":"auto","background-attachment":"scroll","background-type":"","background-media":"","overlay-type":"","overlay-color":"","overlay-opacity":"","overlay-gradient":""}},"ast-content-background-meta":{"desktop":{"background-color":"var(--ast-global-color-4)","background-image":"","background-repeat":"repeat","background-position":"center center","background-size":"auto","background-attachment":"scroll","background-type":"","background-media":"","overlay-type":"","overlay-color":"","overlay-opacity":"","overlay-gradient":""},"tablet":{"background-color":"var(--ast-global-color-4)","background-image":"","background-repeat":"repeat","background-position":"center center","background-size":"auto","background-attachment":"scroll","background-type":"","background-media":"","overlay-type":"","overlay-color":"","overlay-opacity":"","overlay-gradient":""},"mobile":{"background-color":"var(--ast-global-color-4)","background-image":"","background-repeat":"repeat","background-position":"center center","background-size":"auto","background-attachment":"scroll","background-type":"","background-media":"","overlay-type":"","overlay-color":"","overlay-opacity":"","overlay-gradient":""}},"footnotes":""},"class_list":["post-3250","page","type-page","status-publish","hentry"],"_links":{"self":[{"href":"https:\/\/agroreforest.eu\/fr\/wp-json\/wp\/v2\/pages\/3250","targetHints":{"allow":["GET"]}}],"collection":[{"href":"https:\/\/agroreforest.eu\/fr\/wp-json\/wp\/v2\/pages"}],"about":[{"href":"https:\/\/agroreforest.eu\/fr\/wp-json\/wp\/v2\/types\/page"}],"author":[{"embeddable":true,"href":"https:\/\/agroreforest.eu\/fr\/wp-json\/wp\/v2\/users\/1"}],"replies":[{"embeddable":true,"href":"https:\/\/agroreforest.eu\/fr\/wp-json\/wp\/v2\/comments?post=3250"}],"version-history":[{"count":25,"href":"https:\/\/agroreforest.eu\/fr\/wp-json\/wp\/v2\/pages\/3250\/revisions"}],"predecessor-version":[{"id":3312,"href":"https:\/\/agroreforest.eu\/fr\/wp-json\/wp\/v2\/pages\/3250\/revisions\/3312"}],"wp:attachment":[{"href":"https:\/\/agroreforest.eu\/fr\/wp-json\/wp\/v2\/media?parent=3250"}],"curies":[{"name":"wp","href":"https:\/\/api.w.org\/{rel}","templated":true}]}}