{"id":449,"date":"2022-09-29T10:58:00","date_gmt":"2022-09-29T10:58:00","guid":{"rendered":"https:\/\/agroreforest.eu\/?page_id=449"},"modified":"2023-03-06T14:12:21","modified_gmt":"2023-03-06T14:12:21","slug":"data-policy","status":"publish","type":"page","link":"https:\/\/agroreforest.eu\/es\/data-policy\/","title":{"rendered":"Pol\u00edtica de datos"},"content":{"rendered":"<div data-elementor-type=\"wp-page\" data-elementor-id=\"449\" class=\"elementor elementor-449\" data-elementor-post-type=\"page\">\n\t\t\t\t\t\t<section class=\"elementor-section elementor-top-section elementor-element elementor-element-b2cfc22 elementor-section-boxed elementor-section-height-default elementor-section-height-default\" data-id=\"b2cfc22\" data-element_type=\"section\" data-e-type=\"section\">\n\t\t\t\t\t\t<div class=\"elementor-container elementor-column-gap-default\">\n\t\t\t\t\t<div class=\"elementor-column elementor-col-100 elementor-top-column elementor-element elementor-element-2125c13\" data-id=\"2125c13\" data-element_type=\"column\" data-e-type=\"column\">\n\t\t\t<div class=\"elementor-widget-wrap elementor-element-populated\">\n\t\t\t\t\t\t<div class=\"elementor-element elementor-element-77bfc5a elementor-widget elementor-widget-heading\" data-id=\"77bfc5a\" data-element_type=\"widget\" data-e-type=\"widget\" data-widget_type=\"heading.default\">\n\t\t\t\t<div class=\"elementor-widget-container\">\n\t\t\t\t\t<h2 class=\"elementor-heading-title elementor-size-default\">Pol\u00edtica de datos<\/h2>\t\t\t\t<\/div>\n\t\t\t\t<\/div>\n\t\t\t\t<div class=\"elementor-element elementor-element-6c2ce5b elementor-widget elementor-widget-text-editor\" data-id=\"6c2ce5b\" data-element_type=\"widget\" data-e-type=\"widget\" data-widget_type=\"text-editor.default\">\n\t\t\t\t<div class=\"elementor-widget-container\">\n\t\t\t\t\t\t\t\t\t<p class=\"translation-block\"><strong>El proyecto <\/strong><strong>RE<\/strong><strong>FOREST<\/strong><strong><\/strong><\/p><p class=\"translation-block\"><strong>Agroforester\u00eda a la vanguardia de la agricultura sostenible en paisajes multifuncionales en Europa - <\/strong><strong>Proyecto <\/strong><strong>RE<\/strong>FOREST<\/strong> (en adelante \"<strong>RE<\/strong><strong>FOREST<\/strong>\", \"nosotros\", \"nos\" o \"nuestro\") es un proyecto de Horizonte Europa financiado en el marco de la convocatoria Tierra, Oc\u00e9ano y Agua para la acci\u00f3n por el clima, tema espec\u00edfico: HORIZON-CL6-2021-CLIMATE-01-08: La agrosilvicultura para alcanzar los objetivos clim\u00e1ticos, de biodiversidad y de sostenibilidad agr\u00edcola. <strong>RE<\/strong><strong>FOREST <\/strong>est\u00e1 coordinado por CESKA ZEMEDELSKA UNIVERZITA V PRAZE (CZU) y re\u00fane a un importante grupo de 14 instituciones de 10 pa\u00edses europeos: <a href=\"https:\/\/agroreforest.eu\/es\/partners\/\" target=\"_self\">https:\/\/agroreforest.eu\/partners\/<\/a>. Europroject mantiene este sitio web (\"el Servicio\") en nombre de los miembros del consorcio <strong>RE<\/strong><strong>FOREST<\/strong>.<\/p><p><strong>Pol\u00edtica de datos<\/strong><\/p><p class=\"translation-block\">Nuestra pol\u00edtica de datos tiene por objeto explicar c\u00f3mo utilizamos los datos personales que nos proporciona cuando visita el sitio web de <strong>RE<\/strong><strong>FOREST <\/strong>. Su privacidad y la seguridad de sus datos son de suma importancia para nosotros. Aunque ning\u00fan m\u00e9todo de transmisi\u00f3n de datos a trav\u00e9s de Internet, o incluso ning\u00fan m\u00e9todo de almacenamiento electr\u00f3nico, es seguro al cien por cien, nos aseguraremos de que cualquier tratamiento de datos que utilicemos tambi\u00e9n aplique las medidas de seguridad t\u00e9cnicas y organizativas adecuadas para proteger la informaci\u00f3n que nos ha proporcionado.<\/p><p><strong>Datos personales <\/strong><\/p><p>Al utilizar nuestro Servicio, podemos pedirle que nos proporcione cierta informaci\u00f3n de identificaci\u00f3n personal que puede utilizarse para ponernos en contacto con usted o identificarle. Los Datos Personales pueden incluir su direcci\u00f3n de correo electr\u00f3nico, nombre y apellidos, Cookies y\/o datos de uso.<\/p><p>Trataremos sus Datos Personales de conformidad con la Legislaci\u00f3n de Protecci\u00f3n de Datos, incluidas las Leyes de Protecci\u00f3n de Datos de 1988 a 2018, el Reglamento General de Protecci\u00f3n de Datos (UE) 2018\/1725, y cualquier otra ley o normativa nacional o internacional aplicable. Bajo ninguna circunstancia, compartiremos sus Datos Personales sin su consentimiento, a menos que lo exija la ley (excepto seg\u00fan lo establecido en esta Pol\u00edtica). En algunas circunstancias, sus Datos Personales pueden compartirse con la Comisi\u00f3n Europea, en cuyo caso sus Datos Personales se procesar\u00e1n de acuerdo con la Pol\u00edtica de Privacidad de la Comisi\u00f3n Europea disponible en:\u00a0<a href=\"https:\/\/ec.europa.eu\/info\/privacy-policy_en\">https:\/\/ec.europa.eu\/info\/privacy-policy_en<\/a>.<\/p><p class=\"translation-block\">En caso necesario, s\u00f3lo podremos revelar sus Datos Personales de buena fe: i) para cumplir con una obligaci\u00f3n legal; ii) para proteger los derechos o la propiedad de <strong>RE<\/strong><strong>FOREST <\/strong>; iii) para prevenir o investigar posibles irregularidades en relaci\u00f3n con el Servicio, iv) para proteger la seguridad personal de los usuarios del Servicio o del p\u00fablico; v) para proteger frente a responsabilidades legales.<\/p><p><strong>Datos de uso<\/strong><\/p><p>Tambi\u00e9n podemos recopilar informaci\u00f3n sobre c\u00f3mo se accede al Servicio y c\u00f3mo se utiliza (\"Datos de uso\"). Estos Datos de Uso pueden incluir informaci\u00f3n como la direcci\u00f3n de Protocolo de Internet (IP) de su ordenador, el tipo de navegador, la versi\u00f3n del navegador, las p\u00e1ginas de nuestro Servicio que visita, la hora y la fecha de su visita, el tiempo empleado en esas p\u00e1ginas, identificadores \u00fanicos de dispositivos y otros datos de diagn\u00f3stico.<\/p><p><strong>Datos anal\u00edticos<\/strong><\/p><p>Recopilamos datos anal\u00edticos a trav\u00e9s de Google Analytics. Estos datos se recopilan a nivel macro en funci\u00f3n de todos los visitantes del sitio web. Todos los datos anal\u00edticos son an\u00f3nimos y, por tanto, no permiten la identificaci\u00f3n personal.<\/p><p><strong>Datos de seguimiento y cookies<\/strong><\/p><p>Utilizamos cookies y tecnolog\u00edas de seguimiento similares para rastrear la actividad en nuestro Servicio y conservar cierta informaci\u00f3n.<\/p><p>Las cookies son archivos con una peque\u00f1a cantidad de datos que pueden incluir un identificador \u00fanico an\u00f3nimo. Las cookies se env\u00edan a su navegador desde un sitio web y se almacenan en su dispositivo. Las tecnolog\u00edas de seguimiento que tambi\u00e9n se utilizan son balizas, etiquetas y scripts para recopilar y rastrear informaci\u00f3n y para mejorar y analizar nuestro Servicio.<\/p><p>Puede configurar su navegador para que rechace todas las cookies o para que le indique cu\u00e1ndo se env\u00eda una cookie. Sin embargo, si no acepta las cookies, es posible que no pueda utilizar algunas partes de nuestro Servicio.<\/p><p>Ejemplos de cookies que utilizamos:<br \/><strong>- Cookies de sesi\u00f3n -<\/strong> Utilizamos cookies de sesi\u00f3n para el funcionamiento de nuestro Servicio<br \/>- <strong>Cookies de preferencias<\/strong> - Utilizamos cookies de preferencias para recordar sus preferencias y diversos ajustes<br \/>- <strong>Cookies de seguridad<\/strong> - Utilizamos cookies de seguridad por motivos de seguridad.<\/p><p><strong>Pol\u00edtica de cookies<\/strong><\/p><p>Nuestro sitio web utiliza cookies para distinguirle de otros usuarios del mismo. En general, las cookies se utilizan para conservar las preferencias del usuario, almacenar informaci\u00f3n para cosas como carritos de la compra y proporcionar datos de seguimiento an\u00f3nimos. Por regla general, las cookies mejoran su experiencia de navegaci\u00f3n. Sin embargo, puede que prefiera desactivar las cookies en este sitio y en otros. La forma m\u00e1s eficaz de hacerlo es desactivar las cookies en su navegador. Le sugerimos que consulte la secci\u00f3n de Ayuda de su navegador o eche un vistazo a la p\u00e1gina\u00a0<a href=\"https:\/\/www.aboutcookies.org\/\">Acerca de las cookies<\/a>\u00a0que ofrece orientaci\u00f3n para todos los navegadores modernos.<\/p><p><strong>Enlaces de terceros<\/strong><\/p><p>Nuestro Servicio puede contener hiperv\u00ednculos a sitios web propiedad de terceros y gestionados por ellos. Estos sitios web de terceros tienen sus propias pol\u00edticas de privacidad, incluidas las cookies. No aceptamos ninguna responsabilidad u obligaci\u00f3n por las pr\u00e1cticas de privacidad de dichos sitios web de terceros y el uso de dichos sitios web es bajo su propio riesgo.<\/p><p class=\"translation-block\"><strong>RE<\/strong><strong>MODIFICACIONES DE LA POL\u00cdTICA DE PRIVACIDAD<\/strong><\/p><p>Nuestra Pol\u00edtica de Privacidad puede ser actualizada de vez en cuando. Le aconsejamos que revise peri\u00f3dicamente esta Pol\u00edtica de Privacidad. Cualquier cambio en nuestra Pol\u00edtica de Privacidad se publicar\u00e1 en esta p\u00e1gina.<\/p><p><strong>P\u00f3ngase en contacto con nosotros<\/strong><\/p><p>Si tiene alguna pregunta o desea obtener m\u00e1s informaci\u00f3n sobre la pol\u00edtica de privacidad de REFOREST, no dude en ponerse en contacto con nosotros en la siguiente direcci\u00f3n\u00a0<a href=\"mailto:info@agroreforest.eu\">info@agroreforest.eu<\/a>.<\/p>\t\t\t\t\t\t\t\t<\/div>\n\t\t\t\t<\/div>\n\t\t\t\t\t<\/div>\n\t\t<\/div>\n\t\t\t\t\t<\/div>\n\t\t<\/section>\n\t\t\t\t<\/div>","protected":false},"excerpt":{"rendered":"<p>Data Policy The REFOREST project Agroforestry at the forefront of farming sustainably in multifunctional landscapes in Europe \u2013 REFOREST Project\u00a0(hereinafter referred to as \u201cREFOREST\u201d, \u201cwe\u201d, \u201cus\u201d or \u201cour\u201d) is a [&hellip;]<\/p>\n","protected":false},"author":1,"featured_media":0,"parent":0,"menu_order":0,"comment_status":"closed","ping_status":"closed","template":"","meta":{"site-sidebar-layout":"no-sidebar","site-content-layout":"page-builder","ast-site-content-layout":"default","site-content-style":"default","site-sidebar-style":"default","ast-global-header-display":"","ast-banner-title-visibility":"","ast-main-header-display":"","ast-hfb-above-header-display":"","ast-hfb-below-header-display":"","ast-hfb-mobile-header-display":"","site-post-title":"disabled","ast-breadcrumbs-content":"","ast-featured-img":"disabled","footer-sml-layout":"","ast-disable-related-posts":"","theme-transparent-header-meta":"","adv-header-id-meta":"","stick-header-meta":"","header-above-stick-meta":"","header-main-stick-meta":"","header-below-stick-meta":"","astra-migrate-meta-layouts":"default","ast-page-background-enabled":"default","ast-page-background-meta":{"desktop":{"background-color":"","background-image":"","background-repeat":"repeat","background-position":"center center","background-size":"auto","background-attachment":"scroll","background-type":"","background-media":"","overlay-type":"","overlay-color":"","overlay-opacity":"","overlay-gradient":""},"tablet":{"background-color":"","background-image":"","background-repeat":"repeat","background-position":"center center","background-size":"auto","background-attachment":"scroll","background-type":"","background-media":"","overlay-type":"","overlay-color":"","overlay-opacity":"","overlay-gradient":""},"mobile":{"background-color":"","background-image":"","background-repeat":"repeat","background-position":"center center","background-size":"auto","background-attachment":"scroll","background-type":"","background-media":"","overlay-type":"","overlay-color":"","overlay-opacity":"","overlay-gradient":""}},"ast-content-background-meta":{"desktop":{"background-color":"var(--ast-global-color-4)","background-image":"","background-repeat":"repeat","background-position":"center center","background-size":"auto","background-attachment":"scroll","background-type":"","background-media":"","overlay-type":"","overlay-color":"","overlay-opacity":"","overlay-gradient":""},"tablet":{"background-color":"var(--ast-global-color-4)","background-image":"","background-repeat":"repeat","background-position":"center center","background-size":"auto","background-attachment":"scroll","background-type":"","background-media":"","overlay-type":"","overlay-color":"","overlay-opacity":"","overlay-gradient":""},"mobile":{"background-color":"var(--ast-global-color-4)","background-image":"","background-repeat":"repeat","background-position":"center center","background-size":"auto","background-attachment":"scroll","background-type":"","background-media":"","overlay-type":"","overlay-color":"","overlay-opacity":"","overlay-gradient":""}},"footnotes":""},"class_list":["post-449","page","type-page","status-publish","hentry"],"_links":{"self":[{"href":"https:\/\/agroreforest.eu\/es\/wp-json\/wp\/v2\/pages\/449","targetHints":{"allow":["GET"]}}],"collection":[{"href":"https:\/\/agroreforest.eu\/es\/wp-json\/wp\/v2\/pages"}],"about":[{"href":"https:\/\/agroreforest.eu\/es\/wp-json\/wp\/v2\/types\/page"}],"author":[{"embeddable":true,"href":"https:\/\/agroreforest.eu\/es\/wp-json\/wp\/v2\/users\/1"}],"replies":[{"embeddable":true,"href":"https:\/\/agroreforest.eu\/es\/wp-json\/wp\/v2\/comments?post=449"}],"version-history":[{"count":8,"href":"https:\/\/agroreforest.eu\/es\/wp-json\/wp\/v2\/pages\/449\/revisions"}],"predecessor-version":[{"id":3572,"href":"https:\/\/agroreforest.eu\/es\/wp-json\/wp\/v2\/pages\/449\/revisions\/3572"}],"wp:attachment":[{"href":"https:\/\/agroreforest.eu\/es\/wp-json\/wp\/v2\/media?parent=449"}],"curies":[{"name":"wp","href":"https:\/\/api.w.org\/{rel}","templated":true}]}}