{"id":4542,"date":"2026-02-04T11:01:23","date_gmt":"2026-02-04T11:01:23","guid":{"rendered":"https:\/\/agroreforest.eu\/?page_id=4542"},"modified":"2026-02-04T11:14:17","modified_gmt":"2026-02-04T11:14:17","slug":"co-creation-factsheets","status":"publish","type":"page","link":"https:\/\/agroreforest.eu\/de\/co-creation-factsheets\/","title":{"rendered":"Co-creation factsheets"},"content":{"rendered":"<div data-elementor-type=\"wp-page\" data-elementor-id=\"4542\" class=\"elementor elementor-4542\" data-elementor-post-type=\"page\">\n\t\t\t\t\t\t<section class=\"elementor-section elementor-top-section elementor-element elementor-element-d9d4e00 elementor-section-boxed elementor-section-height-default elementor-section-height-default\" data-id=\"d9d4e00\" data-element_type=\"section\" data-e-type=\"section\" data-settings=\"{&quot;background_background&quot;:&quot;classic&quot;}\">\n\t\t\t\t\t\t<div class=\"elementor-container elementor-column-gap-no\">\n\t\t\t\t\t<div class=\"elementor-column elementor-col-50 elementor-top-column elementor-element elementor-element-014dac5\" data-id=\"014dac5\" data-element_type=\"column\" data-e-type=\"column\">\n\t\t\t<div class=\"elementor-widget-wrap elementor-element-populated\">\n\t\t\t\t\t\t<div class=\"elementor-element elementor-element-3ea4e7c elementor-widget-divider--view-line elementor-widget elementor-widget-divider\" data-id=\"3ea4e7c\" data-element_type=\"widget\" data-e-type=\"widget\" data-widget_type=\"divider.default\">\n\t\t\t\t<div class=\"elementor-widget-container\">\n\t\t\t\t\t\t\t<div class=\"elementor-divider\">\n\t\t\t<span class=\"elementor-divider-separator\">\n\t\t\t\t\t\t<\/span>\n\t\t<\/div>\n\t\t\t\t\t\t<\/div>\n\t\t\t\t<\/div>\n\t\t\t\t<div class=\"elementor-element elementor-element-192dc04 elementor-widget elementor-widget-heading\" data-id=\"192dc04\" data-element_type=\"widget\" data-e-type=\"widget\" data-widget_type=\"heading.default\">\n\t\t\t\t<div class=\"elementor-widget-container\">\n\t\t\t\t\t<h1 class=\"elementor-heading-title elementor-size-default\">Co-creation factsheets<\/h1>\t\t\t\t<\/div>\n\t\t\t\t<\/div>\n\t\t\t\t\t<\/div>\n\t\t<\/div>\n\t\t\t\t<div class=\"elementor-column elementor-col-50 elementor-top-column elementor-element elementor-element-9c600f7\" data-id=\"9c600f7\" data-element_type=\"column\" data-e-type=\"column\">\n\t\t\t<div class=\"elementor-widget-wrap elementor-element-populated\">\n\t\t\t\t\t\t\t<\/div>\n\t\t<\/div>\n\t\t\t\t\t<\/div>\n\t\t<\/section>\n\t\t\t\t<section class=\"elementor-section elementor-top-section elementor-element elementor-element-332ddd5 elementor-section-boxed elementor-section-height-default elementor-section-height-default\" data-id=\"332ddd5\" data-element_type=\"section\" data-e-type=\"section\" data-settings=\"{&quot;background_background&quot;:&quot;classic&quot;}\">\n\t\t\t\t\t\t<div class=\"elementor-container elementor-column-gap-no\">\n\t\t\t\t\t<div class=\"elementor-column elementor-col-33 elementor-top-column elementor-element elementor-element-5fd7e74\" data-id=\"5fd7e74\" data-element_type=\"column\" data-e-type=\"column\">\n\t\t\t<div class=\"elementor-widget-wrap elementor-element-populated\">\n\t\t\t\t\t\t<div class=\"elementor-element elementor-element-2b16768 elementor-widget elementor-widget-heading\" data-id=\"2b16768\" data-element_type=\"widget\" data-e-type=\"widget\" data-widget_type=\"heading.default\">\n\t\t\t\t<div class=\"elementor-widget-container\">\n\t\t\t\t\t<h2 class=\"elementor-heading-title elementor-size-default\">Co-creation factsheets<\/h2>\t\t\t\t<\/div>\n\t\t\t\t<\/div>\n\t\t\t\t<div class=\"elementor-element elementor-element-f6cd790 elementor-hidden-desktop elementor-hidden-tablet elementor-hidden-mobile elementor-widget elementor-widget-image\" data-id=\"f6cd790\" data-element_type=\"widget\" data-e-type=\"widget\" data-widget_type=\"image.default\">\n\t\t\t\t<div class=\"elementor-widget-container\">\n\t\t\t\t\t\t\t\t\t\t\t\t\t\t\t<img decoding=\"async\" src=\"https:\/\/agroreforest.eu\/wp-content\/uploads\/elementor\/thumbs\/logo-farmtree-fc2-qofp8gef659xikw6ykxp21uiz98r1fvtocyjjhe9vg.png\" title=\"logo-farmtree-fc2\" alt=\"logo-farmtree-fc2\" loading=\"lazy\" \/>\t\t\t\t\t\t\t\t\t\t\t\t\t\t\t<\/div>\n\t\t\t\t<\/div>\n\t\t\t\t\t<\/div>\n\t\t<\/div>\n\t\t\t\t<div class=\"elementor-column elementor-col-66 elementor-top-column elementor-element elementor-element-b61730d\" data-id=\"b61730d\" data-element_type=\"column\" data-e-type=\"column\">\n\t\t\t<div class=\"elementor-widget-wrap elementor-element-populated\">\n\t\t\t\t\t\t<div class=\"elementor-element elementor-element-77fde86 elementor-hidden-desktop elementor-hidden-tablet elementor-hidden-mobile elementor-widget elementor-widget-text-editor\" data-id=\"77fde86\" data-element_type=\"widget\" data-e-type=\"widget\" data-widget_type=\"text-editor.default\">\n\t\t\t\t<div class=\"elementor-widget-container\">\n\t\t\t\t\t\t\t\t\t<p>Im Rahmen unseres Engagements f\u00fcr die F\u00f6rderung agroforstwirtschaftlicher Praktiken ist ReForest stolz darauf, der breiteren landwirtschaftlichen \u00d6ffentlichkeit wertvolle Einblicke und innovatives Wissen zu bieten. Durch eine Reihe von <strong>Praxisausz\u00fcge<\/strong>wollen wir forschungsgest\u00fctztes, umsetzbares Wissen mit Landwirten, P\u00e4dagogen und Praktikern in ganz Europa teilen.<\/p><p>Bei diesen Praxisberichten handelt es sich um strukturierte Zusammenfassungen praktischer L\u00f6sungen zur Verbesserung agroforstwirtschaftlicher Systeme. Entwickelt in Abstimmung mit dem <strong>EIP-AGRI <\/strong>(Europ\u00e4ische Innovationspartnerschaft f\u00fcr landwirtschaftliche Produktivit\u00e4t und Nachhaltigkeit) <strong>gemeinsames Format<\/strong>Sie sind leicht zug\u00e4nglich und einfach zu implementieren, so dass das im Rahmen von ReForest gewonnene Wissen auch in der Praxis zum Tragen kommt.<\/p><p>Bei den Praxisberichten handelt es sich um knappe, strukturierte Zusammenfassungen praktischer L\u00f6sungen zur Verbesserung von Agroforstsystemen. Sie wurden in Anlehnung an das gemeinsame Format der EIP-AGRI (Europ\u00e4ische Innovationspartnerschaft f\u00fcr landwirtschaftliche Produktivit\u00e4t und Nachhaltigkeit) entwickelt. Sie sind benutzerfreundlich und auf die praktische Umsetzung ausgerichtet, um sicherzustellen, dass das im Rahmen von ReForest gewonnene Wissen in greifbare Vorteile umgesetzt wird.<\/p><p>Die Zusammenfassungen sind verf\u00fcgbar auf der Website <a href=\"https:\/\/eu-cap-network.ec.europa.eu\/projects\/agroforestry-forefront-farming-sustainability-multifunctional-landscapes-europe_en#tab_id=practice_abstracts\"><strong>EIP-AGRI-Website<\/strong><\/a> Erleichterung einer weiten Verbreitung in der landwirtschaftlichen Gemeinschaft der EU. Mit einer Gesamtzahl von <strong>acht<\/strong> ReForest will die Kluft zwischen Forschung und Praxis \u00fcberbr\u00fccken und eine nachhaltigere und widerstandsf\u00e4higere Agrarlandschaft f\u00f6rdern.<\/p>\t\t\t\t\t\t\t\t<\/div>\n\t\t\t\t<\/div>\n\t\t\t\t<div class=\"elementor-element elementor-element-55deb11 elementor-widget elementor-widget-text-editor\" data-id=\"55deb11\" data-element_type=\"widget\" data-e-type=\"widget\" data-widget_type=\"text-editor.default\">\n\t\t\t\t<div class=\"elementor-widget-container\">\n\t\t\t\t\t\t\t\t\t<p><strong>The following Co-creation factsheets were developed under ReForest project:<\/strong><\/p>\t\t\t\t\t\t\t\t<\/div>\n\t\t\t\t<\/div>\n\t\t\t\t<div class=\"elementor-element elementor-element-e45134a elementor-widget elementor-widget-text-editor\" data-id=\"e45134a\" data-element_type=\"widget\" data-e-type=\"widget\" data-widget_type=\"text-editor.default\">\n\t\t\t\t<div class=\"elementor-widget-container\">\n\t\t\t\t\t\t\t\t\t<p>1. Co-Creation Factsheet: Bringing science and practice together to encourage the adoption of agroforestry &#8211; Knowledge base and transfer<\/p>\t\t\t\t\t\t\t\t<\/div>\n\t\t\t\t<\/div>\n\t\t\t\t<div class=\"elementor-element elementor-element-788821c elementor-widget elementor-widget-button\" data-id=\"788821c\" data-element_type=\"widget\" data-e-type=\"widget\" data-widget_type=\"button.default\">\n\t\t\t\t<div class=\"elementor-widget-container\">\n\t\t\t\t\t\t\t\t\t<div class=\"elementor-button-wrapper\">\n\t\t\t\t\t<a class=\"elementor-button elementor-button-link elementor-size-sm\" href=\"https:\/\/agroreforest.eu\/de\/download\/4549\/?tmstv=1770203470\">\n\t\t\t\t\t\t<span class=\"elementor-button-content-wrapper\">\n\t\t\t\t\t\t\t\t\t<span class=\"elementor-button-text\">Herunterladen<\/span>\n\t\t\t\t\t<\/span>\n\t\t\t\t\t<\/a>\n\t\t\t\t<\/div>\n\t\t\t\t\t\t\t\t<\/div>\n\t\t\t\t<\/div>\n\t\t\t\t<div class=\"elementor-element elementor-element-6c92786 elementor-widget elementor-widget-text-editor\" data-id=\"6c92786\" data-element_type=\"widget\" data-e-type=\"widget\" data-widget_type=\"text-editor.default\">\n\t\t\t\t<div class=\"elementor-widget-container\">\n\t\t\t\t\t\t\t\t\t<p>2. Co-Creation Factsheet: Towards the development of a dynamic management tool and reporting the institutional barriers to enhance uptake of agroforestry in Europe<\/p>\t\t\t\t\t\t\t\t<\/div>\n\t\t\t\t<\/div>\n\t\t\t\t<div class=\"elementor-element elementor-element-76e1d4b elementor-widget elementor-widget-button\" data-id=\"76e1d4b\" data-element_type=\"widget\" data-e-type=\"widget\" data-widget_type=\"button.default\">\n\t\t\t\t<div class=\"elementor-widget-container\">\n\t\t\t\t\t\t\t\t\t<div class=\"elementor-button-wrapper\">\n\t\t\t\t\t<a class=\"elementor-button elementor-button-link elementor-size-sm\" href=\"https:\/\/agroreforest.eu\/de\/download\/4552\/?tmstv=1770203500\">\n\t\t\t\t\t\t<span class=\"elementor-button-content-wrapper\">\n\t\t\t\t\t\t\t\t\t<span class=\"elementor-button-text\">Herunterladen<\/span>\n\t\t\t\t\t<\/span>\n\t\t\t\t\t<\/a>\n\t\t\t\t<\/div>\n\t\t\t\t\t\t\t\t<\/div>\n\t\t\t\t<\/div>\n\t\t\t\t<div class=\"elementor-element elementor-element-3599d1a elementor-widget elementor-widget-text-editor\" data-id=\"3599d1a\" data-element_type=\"widget\" data-e-type=\"widget\" data-widget_type=\"text-editor.default\">\n\t\t\t\t<div class=\"elementor-widget-container\">\n\t\t\t\t\t\t\t\t\t<p>3. Co-Creation Factsheet: FarmTree Tool Enhancement and Living Lab Integration in the ReForest Project<\/p>\t\t\t\t\t\t\t\t<\/div>\n\t\t\t\t<\/div>\n\t\t\t\t<div class=\"elementor-element elementor-element-b4f4fed elementor-widget elementor-widget-button\" data-id=\"b4f4fed\" data-element_type=\"widget\" data-e-type=\"widget\" data-widget_type=\"button.default\">\n\t\t\t\t<div class=\"elementor-widget-container\">\n\t\t\t\t\t\t\t\t\t<div class=\"elementor-button-wrapper\">\n\t\t\t\t\t<a class=\"elementor-button elementor-button-link elementor-size-sm\" href=\"https:\/\/agroreforest.eu\/de\/download\/4559\/?tmstv=1770203595\">\n\t\t\t\t\t\t<span class=\"elementor-button-content-wrapper\">\n\t\t\t\t\t\t\t\t\t<span class=\"elementor-button-text\">Herunterladen<\/span>\n\t\t\t\t\t<\/span>\n\t\t\t\t\t<\/a>\n\t\t\t\t<\/div>\n\t\t\t\t\t\t\t\t<\/div>\n\t\t\t\t<\/div>\n\t\t\t\t<div class=\"elementor-element elementor-element-decf255 elementor-widget elementor-widget-text-editor\" data-id=\"decf255\" data-element_type=\"widget\" data-e-type=\"widget\" data-widget_type=\"text-editor.default\">\n\t\t\t\t<div class=\"elementor-widget-container\">\n\t\t\t\t\t\t\t\t\t<p>4. Co-Creation Factsheet: Toward the development of a Financial Scheme and Policy Recommendations to enhance uptake of agroforestry in Europe<\/p>\t\t\t\t\t\t\t\t<\/div>\n\t\t\t\t<\/div>\n\t\t\t\t<div class=\"elementor-element elementor-element-18a7426 elementor-widget elementor-widget-button\" data-id=\"18a7426\" data-element_type=\"widget\" data-e-type=\"widget\" data-widget_type=\"button.default\">\n\t\t\t\t<div class=\"elementor-widget-container\">\n\t\t\t\t\t\t\t\t\t<div class=\"elementor-button-wrapper\">\n\t\t\t\t\t<a class=\"elementor-button elementor-button-link elementor-size-sm\" href=\"https:\/\/agroreforest.eu\/de\/download\/4562\/?tmstv=1770203628\">\n\t\t\t\t\t\t<span class=\"elementor-button-content-wrapper\">\n\t\t\t\t\t\t\t\t\t<span class=\"elementor-button-text\">Herunterladen<\/span>\n\t\t\t\t\t<\/span>\n\t\t\t\t\t<\/a>\n\t\t\t\t<\/div>\n\t\t\t\t\t\t\t\t<\/div>\n\t\t\t\t<\/div>\n\t\t\t\t<div class=\"elementor-element elementor-element-04f150e elementor-widget elementor-widget-text-editor\" data-id=\"04f150e\" data-element_type=\"widget\" data-e-type=\"widget\" data-widget_type=\"text-editor.default\">\n\t\t\t\t<div class=\"elementor-widget-container\">\n\t\t\t\t\t\t\t\t\t<p>5. Co-Creation Factsheet: Productivity and ecosystem service provision in agroforestry system<\/p>\t\t\t\t\t\t\t\t<\/div>\n\t\t\t\t<\/div>\n\t\t\t\t<div class=\"elementor-element elementor-element-c22589a elementor-widget elementor-widget-button\" data-id=\"c22589a\" data-element_type=\"widget\" data-e-type=\"widget\" data-widget_type=\"button.default\">\n\t\t\t\t<div class=\"elementor-widget-container\">\n\t\t\t\t\t\t\t\t\t<div class=\"elementor-button-wrapper\">\n\t\t\t\t\t<a class=\"elementor-button elementor-button-link elementor-size-sm\" href=\"https:\/\/agroreforest.eu\/de\/download\/4568\/?tmstv=1770203651\">\n\t\t\t\t\t\t<span class=\"elementor-button-content-wrapper\">\n\t\t\t\t\t\t\t\t\t<span class=\"elementor-button-text\">Herunterladen<\/span>\n\t\t\t\t\t<\/span>\n\t\t\t\t\t<\/a>\n\t\t\t\t<\/div>\n\t\t\t\t\t\t\t\t<\/div>\n\t\t\t\t<\/div>\n\t\t\t\t\t<\/div>\n\t\t<\/div>\n\t\t\t\t\t<\/div>\n\t\t<\/section>\n\t\t\t\t<\/div>","protected":false},"excerpt":{"rendered":"<p>Co-creation factsheets Co-creation factsheets As part of our commitment to advancing agroforestry practices, ReForest is proud to offer valuable insights and innovative knowledge to the wider agricultural community. Through a [&hellip;]<\/p>\n","protected":false},"author":1,"featured_media":0,"parent":0,"menu_order":0,"comment_status":"closed","ping_status":"closed","template":"","meta":{"site-sidebar-layout":"no-sidebar","site-content-layout":"page-builder","ast-site-content-layout":"full-width-container","site-content-style":"default","site-sidebar-style":"default","ast-global-header-display":"","ast-banner-title-visibility":"","ast-main-header-display":"","ast-hfb-above-header-display":"","ast-hfb-below-header-display":"","ast-hfb-mobile-header-display":"","site-post-title":"disabled","ast-breadcrumbs-content":"","ast-featured-img":"disabled","footer-sml-layout":"","ast-disable-related-posts":"","theme-transparent-header-meta":"","adv-header-id-meta":"","stick-header-meta":"","header-above-stick-meta":"","header-main-stick-meta":"","header-below-stick-meta":"","astra-migrate-meta-layouts":"set","ast-page-background-enabled":"default","ast-page-background-meta":{"desktop":{"background-color":"","background-image":"","background-repeat":"repeat","background-position":"center center","background-size":"auto","background-attachment":"scroll","background-type":"","background-media":"","overlay-type":"","overlay-color":"","overlay-opacity":"","overlay-gradient":""},"tablet":{"background-color":"","background-image":"","background-repeat":"repeat","background-position":"center center","background-size":"auto","background-attachment":"scroll","background-type":"","background-media":"","overlay-type":"","overlay-color":"","overlay-opacity":"","overlay-gradient":""},"mobile":{"background-color":"","background-image":"","background-repeat":"repeat","background-position":"center center","background-size":"auto","background-attachment":"scroll","background-type":"","background-media":"","overlay-type":"","overlay-color":"","overlay-opacity":"","overlay-gradient":""}},"ast-content-background-meta":{"desktop":{"background-color":"var(--ast-global-color-4)","background-image":"","background-repeat":"repeat","background-position":"center center","background-size":"auto","background-attachment":"scroll","background-type":"","background-media":"","overlay-type":"","overlay-color":"","overlay-opacity":"","overlay-gradient":""},"tablet":{"background-color":"var(--ast-global-color-4)","background-image":"","background-repeat":"repeat","background-position":"center center","background-size":"auto","background-attachment":"scroll","background-type":"","background-media":"","overlay-type":"","overlay-color":"","overlay-opacity":"","overlay-gradient":""},"mobile":{"background-color":"var(--ast-global-color-4)","background-image":"","background-repeat":"repeat","background-position":"center center","background-size":"auto","background-attachment":"scroll","background-type":"","background-media":"","overlay-type":"","overlay-color":"","overlay-opacity":"","overlay-gradient":""}},"footnotes":""},"class_list":["post-4542","page","type-page","status-publish","hentry"],"_links":{"self":[{"href":"https:\/\/agroreforest.eu\/de\/wp-json\/wp\/v2\/pages\/4542","targetHints":{"allow":["GET"]}}],"collection":[{"href":"https:\/\/agroreforest.eu\/de\/wp-json\/wp\/v2\/pages"}],"about":[{"href":"https:\/\/agroreforest.eu\/de\/wp-json\/wp\/v2\/types\/page"}],"author":[{"embeddable":true,"href":"https:\/\/agroreforest.eu\/de\/wp-json\/wp\/v2\/users\/1"}],"replies":[{"embeddable":true,"href":"https:\/\/agroreforest.eu\/de\/wp-json\/wp\/v2\/comments?post=4542"}],"version-history":[{"count":13,"href":"https:\/\/agroreforest.eu\/de\/wp-json\/wp\/v2\/pages\/4542\/revisions"}],"predecessor-version":[{"id":4573,"href":"https:\/\/agroreforest.eu\/de\/wp-json\/wp\/v2\/pages\/4542\/revisions\/4573"}],"wp:attachment":[{"href":"https:\/\/agroreforest.eu\/de\/wp-json\/wp\/v2\/media?parent=4542"}],"curies":[{"name":"wp","href":"https:\/\/api.w.org\/{rel}","templated":true}]}}