{"id":449,"date":"2022-09-29T10:58:00","date_gmt":"2022-09-29T10:58:00","guid":{"rendered":"https:\/\/agroreforest.eu\/?page_id=449"},"modified":"2023-03-06T14:12:21","modified_gmt":"2023-03-06T14:12:21","slug":"data-policy","status":"publish","type":"page","link":"https:\/\/agroreforest.eu\/de\/data-policy\/","title":{"rendered":"Datenpolitik"},"content":{"rendered":"<div data-elementor-type=\"wp-page\" data-elementor-id=\"449\" class=\"elementor elementor-449\" data-elementor-post-type=\"page\">\n\t\t\t\t\t\t<section class=\"elementor-section elementor-top-section elementor-element elementor-element-b2cfc22 elementor-section-boxed elementor-section-height-default elementor-section-height-default\" data-id=\"b2cfc22\" data-element_type=\"section\" data-e-type=\"section\">\n\t\t\t\t\t\t<div class=\"elementor-container elementor-column-gap-default\">\n\t\t\t\t\t<div class=\"elementor-column elementor-col-100 elementor-top-column elementor-element elementor-element-2125c13\" data-id=\"2125c13\" data-element_type=\"column\" data-e-type=\"column\">\n\t\t\t<div class=\"elementor-widget-wrap elementor-element-populated\">\n\t\t\t\t\t\t<div class=\"elementor-element elementor-element-77bfc5a elementor-widget elementor-widget-heading\" data-id=\"77bfc5a\" data-element_type=\"widget\" data-e-type=\"widget\" data-widget_type=\"heading.default\">\n\t\t\t\t<div class=\"elementor-widget-container\">\n\t\t\t\t\t<h2 class=\"elementor-heading-title elementor-size-default\">Datenpolitik<\/h2>\t\t\t\t<\/div>\n\t\t\t\t<\/div>\n\t\t\t\t<div class=\"elementor-element elementor-element-6c2ce5b elementor-widget elementor-widget-text-editor\" data-id=\"6c2ce5b\" data-element_type=\"widget\" data-e-type=\"widget\" data-widget_type=\"text-editor.default\">\n\t\t\t\t<div class=\"elementor-widget-container\">\n\t\t\t\t\t\t\t\t\t<p class=\"translation-block\"><strong>Das <\/strong><strong>RE<\/strong><strong>FOREST<\/strong><strong> Projekt<\/strong><\/p><p class=\"translation-block\"><strong>Agroforestry at the forefront of farming sustainably in multifunctional landscapes in Europe - <\/strong><strong>RE<\/strong><strong>FOREST Project<\/strong> (im Folgenden als \"<strong>RE<\/strong><strong>FOREST<\/strong>\", \"wir\", \"uns\" oder \"unser\" bezeichnet) ist ein Projekt von Horizon Europe, das im Rahmen des Aufrufs \"Land, Ocean and Water\" f\u00fcr Klimaschutzma\u00dfnahmen finanziert wird, spezifisches Thema: HORIZON-CL6-2021-CLIMATE-01-08: Agroforstwirtschaft zur Erreichung von Klima-, Biodiversit\u00e4ts- und landwirtschaftlichen Nachhaltigkeitszielen. <strong>RE<\/strong><strong>FOREST <\/strong>wird von CESKA ZEMEDELSKA UNIVERZITA V PRAZE (CZU) koordiniert und bringt eine bedeutende Gruppe von 14 Institutionen aus 10 europ\u00e4ischen L\u00e4ndern zusammen: <a href=\"https:\/\/agroreforest.eu\/de\/partners\/\" target=\"_self\">https:\/\/agroreforest.eu\/partners\/<\/a>. Europroject unterh\u00e4lt diese Website (\"der Service\") im Namen der Mitglieder des <strong>RE<\/strong><strong>FOREST<\/strong>-Konsortiums.<\/p><p><strong>Datenpolitik<\/strong><\/p><p class=\"translation-block\">Unsere Datenschutzerkl\u00e4rung soll Ihnen zeigen, wie wir mit den personenbezogenen Daten umgehen, die Sie uns beim Besuch der <strong>RE<\/strong><strong>FOREST <\/strong>Website zur Verf\u00fcgung stellen. Ihre Privatsph\u00e4re und die Sicherheit Ihrer Daten sind f\u00fcr uns von gr\u00f6\u00dfter Bedeutung. Obwohl keine Methode der Daten\u00fcbertragung \u00fcber das Internet und auch keine Methode der elektronischen Speicherung hundertprozentig sicher ist, stellen wir sicher, dass alle von uns verwendeten Datenverarbeitungssysteme angemessene technische und organisatorische Sicherheitsma\u00dfnahmen zum Schutz der von Ihnen zur Verf\u00fcgung gestellten Informationen anwenden.<\/p><p><strong>Pers\u00f6nliche Daten <\/strong><\/p><p>Bei der Nutzung unseres Dienstes bitten wir Sie m\u00f6glicherweise, uns bestimmte personenbezogene Daten mitzuteilen, die dazu verwendet werden k\u00f6nnen, Sie zu kontaktieren oder zu identifizieren. Zu den personenbezogenen Daten k\u00f6nnen Ihre E-Mail-Adresse, Ihr Vor- und Nachname, Cookies und\/oder Nutzungsdaten geh\u00f6ren.<\/p><p>Wir behandeln Ihre personenbezogenen Daten in \u00dcbereinstimmung mit der Datenschutzgesetzgebung, einschlie\u00dflich der Datenschutzgesetze von 1988 bis 2018, der Allgemeinen Datenschutzverordnung (EU) 2018\/1725 und allen anderen anwendbaren nationalen oder internationalen Gesetzen oder Vorschriften. Unter keinen Umst\u00e4nden werden wir Ihre personenbezogenen Daten ohne Ihre Zustimmung weitergeben, es sei denn, dies ist gesetzlich vorgeschrieben (au\u00dfer wie in dieser Richtlinie dargelegt). Unter bestimmten Umst\u00e4nden k\u00f6nnen Ihre personenbezogenen Daten an die Europ\u00e4ische Kommission weitergegeben werden; in diesem Fall werden Ihre personenbezogenen Daten in \u00dcbereinstimmung mit der Datenschutzrichtlinie der Europ\u00e4ischen Kommission verarbeitet, die unter folgender Adresse verf\u00fcgbar ist:\u00a0<a href=\"https:\/\/ec.europa.eu\/info\/privacy-policy_en\">https:\/\/ec.europa.eu\/info\/privacy-policy_en<\/a>.<\/p><p class=\"translation-block\">Falls erforderlich, d\u00fcrfen wir Ihre pers\u00f6nlichen Daten nur in gutem Glauben weitergeben: i) um einer gesetzlichen Verpflichtung nachzukommen; ii) um <strong>RE<\/strong><strong>FOREST <\/strong>Rechte oder Eigentum zu sch\u00fctzen; iii) um m\u00f6gliches Fehlverhalten im Zusammenhang mit dem Service zu verhindern oder zu untersuchen; iv) um die pers\u00f6nliche Sicherheit der Nutzer des Service oder der \u00d6ffentlichkeit zu sch\u00fctzen; v) um sich gegen rechtliche Haftung zu sch\u00fctzen.<\/p><p><strong>Verwendungsdaten<\/strong><\/p><p>Wir k\u00f6nnen auch Informationen dar\u00fcber sammeln, wie auf den Dienst zugegriffen wird und wie er genutzt wird (\"Nutzungsdaten\"). Diese Nutzungsdaten k\u00f6nnen Informationen wie die Internetprotokolladresse (IP) Ihres Computers, den Browsertyp, die Browserversion, die von Ihnen besuchten Seiten unseres Dienstes, die Uhrzeit und das Datum Ihres Besuchs, die auf diesen Seiten verbrachte Zeit, eindeutige Ger\u00e4tekennungen und andere Diagnosedaten umfassen.<\/p><p><strong>Analytische Daten<\/strong><\/p><p>Wir sammeln analytische Daten \u00fcber Google Analytics. Diese Daten werden auf Makroebene auf der Grundlage aller Besucher der Website gesammelt. Alle analytischen Daten sind anonymisiert und daher nicht pers\u00f6nlich identifizierbar.<\/p><p><strong>Tracking &amp; Cookies Daten<\/strong><\/p><p>Wir verwenden Cookies und \u00e4hnliche Tracking-Technologien, um die Aktivit\u00e4ten in unserem Service zu verfolgen und bestimmte Informationen zu speichern.<\/p><p>Cookies sind Dateien mit einer kleinen Menge von Daten, die eine anonyme eindeutige Kennung enthalten k\u00f6nnen. Cookies werden von einer Website an Ihren Browser gesendet und auf Ihrem Ger\u00e4t gespeichert. Als Tracking-Technologien werden auch Beacons, Tags und Skripte verwendet, um Informationen zu sammeln und zu verfolgen und um unseren Service zu verbessern und zu analysieren.<\/p><p>Sie k\u00f6nnen Ihren Browser so einstellen, dass alle Cookies abgelehnt werden oder dass er anzeigt, wenn ein Cookie gesendet wird. Wenn Sie jedoch keine Cookies akzeptieren, k\u00f6nnen Sie m\u00f6glicherweise einige Teile unseres Dienstes nicht nutzen.<\/p><p>Beispiele f\u00fcr von uns verwendete Cookies:<br \/><strong>- Sitzungs-Cookies -<\/strong> Wir verwenden Session-Cookies f\u00fcr den Betrieb unseres Dienstes<br \/>- <strong>Pr\u00e4ferenz-Cookies<\/strong> - Wir verwenden Pr\u00e4ferenz-Cookies, um Ihre Pr\u00e4ferenzen und verschiedene Einstellungen zu speichern<br \/>- <strong>Sicherheits-Cookies<\/strong> - Wir verwenden Sicherheits-Cookies f\u00fcr Sicherheitszwecke.<\/p><p><strong>Cookies-Politik<\/strong><\/p><p>Unsere Website verwendet Cookies, um Sie von anderen Nutzern unserer Website zu unterscheiden. Im Allgemeinen werden Cookies verwendet, um Benutzereinstellungen zu speichern, Informationen f\u00fcr Dinge wie Einkaufswagen zu speichern und anonymisierte Tracking-Daten bereitzustellen. In der Regel verbessern Cookies Ihr Surferlebnis. Sie k\u00f6nnen es jedoch vorziehen, Cookies auf dieser und anderen Websites zu deaktivieren. Der effektivste Weg, dies zu tun, ist die Deaktivierung von Cookies in Ihrem Browser. Wir empfehlen Ihnen, den Hilfebereich Ihres Browsers zu konsultieren oder einen Blick auf die\u00a0<a href=\"https:\/\/www.aboutcookies.org\/\">\u00dcber Cookies<\/a>\u00a0Website, die Anleitungen f\u00fcr alle modernen Browser bietet.<\/p><p><strong>Links von Drittanbietern<\/strong><\/p><p>Unser Service kann Hyperlinks zu Websites enthalten, die Dritten geh\u00f6ren und von ihnen betrieben werden. Diese Websites Dritter haben ihre eigenen Datenschutzrichtlinien, einschlie\u00dflich Cookies. Wir \u00fcbernehmen keine Verantwortung oder Haftung f\u00fcr die Datenschutzpraktiken solcher Websites Dritter und die Nutzung solcher Websites erfolgt auf eigene Gefahr.<\/p><p class=\"translation-block\"><strong>RE<\/strong><strong>FOREST \u00c4nderungen der Datenschutzerkl\u00e4rung<\/strong><\/p><p>Unsere Datenschutzrichtlinie kann von Zeit zu Zeit aktualisiert werden. Wir empfehlen Ihnen, diese Datenschutzrichtlinie regelm\u00e4\u00dfig zu \u00fcberpr\u00fcfen. Jegliche \u00c4nderungen der Datenschutzrichtlinie werden auf dieser Seite ver\u00f6ffentlicht.<\/p><p><strong>Kontakt<\/strong><\/p><p>Sollten Sie Fragen haben oder mehr \u00fcber die REFOREST-Datenschutzpolitik erfahren wollen, z\u00f6gern Sie bitte nicht, uns zu kontaktieren unter\u00a0<a href=\"mailto:info@agroreforest.eu\">info@agroreforest.eu<\/a>.<\/p>\t\t\t\t\t\t\t\t<\/div>\n\t\t\t\t<\/div>\n\t\t\t\t\t<\/div>\n\t\t<\/div>\n\t\t\t\t\t<\/div>\n\t\t<\/section>\n\t\t\t\t<\/div>","protected":false},"excerpt":{"rendered":"<p>Data Policy The REFOREST project Agroforestry at the forefront of farming sustainably in multifunctional landscapes in Europe \u2013 REFOREST Project\u00a0(hereinafter referred to as \u201cREFOREST\u201d, \u201cwe\u201d, \u201cus\u201d or \u201cour\u201d) is a [&hellip;]<\/p>\n","protected":false},"author":1,"featured_media":0,"parent":0,"menu_order":0,"comment_status":"closed","ping_status":"closed","template":"","meta":{"site-sidebar-layout":"no-sidebar","site-content-layout":"page-builder","ast-site-content-layout":"default","site-content-style":"default","site-sidebar-style":"default","ast-global-header-display":"","ast-banner-title-visibility":"","ast-main-header-display":"","ast-hfb-above-header-display":"","ast-hfb-below-header-display":"","ast-hfb-mobile-header-display":"","site-post-title":"disabled","ast-breadcrumbs-content":"","ast-featured-img":"disabled","footer-sml-layout":"","ast-disable-related-posts":"","theme-transparent-header-meta":"","adv-header-id-meta":"","stick-header-meta":"","header-above-stick-meta":"","header-main-stick-meta":"","header-below-stick-meta":"","astra-migrate-meta-layouts":"default","ast-page-background-enabled":"default","ast-page-background-meta":{"desktop":{"background-color":"","background-image":"","background-repeat":"repeat","background-position":"center center","background-size":"auto","background-attachment":"scroll","background-type":"","background-media":"","overlay-type":"","overlay-color":"","overlay-opacity":"","overlay-gradient":""},"tablet":{"background-color":"","background-image":"","background-repeat":"repeat","background-position":"center center","background-size":"auto","background-attachment":"scroll","background-type":"","background-media":"","overlay-type":"","overlay-color":"","overlay-opacity":"","overlay-gradient":""},"mobile":{"background-color":"","background-image":"","background-repeat":"repeat","background-position":"center center","background-size":"auto","background-attachment":"scroll","background-type":"","background-media":"","overlay-type":"","overlay-color":"","overlay-opacity":"","overlay-gradient":""}},"ast-content-background-meta":{"desktop":{"background-color":"var(--ast-global-color-4)","background-image":"","background-repeat":"repeat","background-position":"center center","background-size":"auto","background-attachment":"scroll","background-type":"","background-media":"","overlay-type":"","overlay-color":"","overlay-opacity":"","overlay-gradient":""},"tablet":{"background-color":"var(--ast-global-color-4)","background-image":"","background-repeat":"repeat","background-position":"center center","background-size":"auto","background-attachment":"scroll","background-type":"","background-media":"","overlay-type":"","overlay-color":"","overlay-opacity":"","overlay-gradient":""},"mobile":{"background-color":"var(--ast-global-color-4)","background-image":"","background-repeat":"repeat","background-position":"center center","background-size":"auto","background-attachment":"scroll","background-type":"","background-media":"","overlay-type":"","overlay-color":"","overlay-opacity":"","overlay-gradient":""}},"footnotes":""},"class_list":["post-449","page","type-page","status-publish","hentry"],"_links":{"self":[{"href":"https:\/\/agroreforest.eu\/de\/wp-json\/wp\/v2\/pages\/449","targetHints":{"allow":["GET"]}}],"collection":[{"href":"https:\/\/agroreforest.eu\/de\/wp-json\/wp\/v2\/pages"}],"about":[{"href":"https:\/\/agroreforest.eu\/de\/wp-json\/wp\/v2\/types\/page"}],"author":[{"embeddable":true,"href":"https:\/\/agroreforest.eu\/de\/wp-json\/wp\/v2\/users\/1"}],"replies":[{"embeddable":true,"href":"https:\/\/agroreforest.eu\/de\/wp-json\/wp\/v2\/comments?post=449"}],"version-history":[{"count":8,"href":"https:\/\/agroreforest.eu\/de\/wp-json\/wp\/v2\/pages\/449\/revisions"}],"predecessor-version":[{"id":3572,"href":"https:\/\/agroreforest.eu\/de\/wp-json\/wp\/v2\/pages\/449\/revisions\/3572"}],"wp:attachment":[{"href":"https:\/\/agroreforest.eu\/de\/wp-json\/wp\/v2\/media?parent=449"}],"curies":[{"name":"wp","href":"https:\/\/api.w.org\/{rel}","templated":true}]}}