{"id":449,"date":"2022-09-29T10:58:00","date_gmt":"2022-09-29T10:58:00","guid":{"rendered":"https:\/\/agroreforest.eu\/?page_id=449"},"modified":"2023-03-06T14:12:21","modified_gmt":"2023-03-06T14:12:21","slug":"data-policy","status":"publish","type":"page","link":"https:\/\/agroreforest.eu\/da\/data-policy\/","title":{"rendered":"Datapolitik"},"content":{"rendered":"<div data-elementor-type=\"wp-page\" data-elementor-id=\"449\" class=\"elementor elementor-449\" data-elementor-post-type=\"page\">\n\t\t\t\t\t\t<section class=\"elementor-section elementor-top-section elementor-element elementor-element-b2cfc22 elementor-section-boxed elementor-section-height-default elementor-section-height-default\" data-id=\"b2cfc22\" data-element_type=\"section\" data-e-type=\"section\">\n\t\t\t\t\t\t<div class=\"elementor-container elementor-column-gap-default\">\n\t\t\t\t\t<div class=\"elementor-column elementor-col-100 elementor-top-column elementor-element elementor-element-2125c13\" data-id=\"2125c13\" data-element_type=\"column\" data-e-type=\"column\">\n\t\t\t<div class=\"elementor-widget-wrap elementor-element-populated\">\n\t\t\t\t\t\t<div class=\"elementor-element elementor-element-77bfc5a elementor-widget elementor-widget-heading\" data-id=\"77bfc5a\" data-element_type=\"widget\" data-e-type=\"widget\" data-widget_type=\"heading.default\">\n\t\t\t\t<div class=\"elementor-widget-container\">\n\t\t\t\t\t<h2 class=\"elementor-heading-title elementor-size-default\">Datapolitik<\/h2>\t\t\t\t<\/div>\n\t\t\t\t<\/div>\n\t\t\t\t<div class=\"elementor-element elementor-element-6c2ce5b elementor-widget elementor-widget-text-editor\" data-id=\"6c2ce5b\" data-element_type=\"widget\" data-e-type=\"widget\" data-widget_type=\"text-editor.default\">\n\t\t\t\t<div class=\"elementor-widget-container\">\n\t\t\t\t\t\t\t\t\t<p class=\"translation-block\"><strong>Projektet <\/strong><strong>RE<\/strong><strong>FOREST<\/strong><strong><\/strong>.<\/p><p class=\"translation-block\"><strong>Agroforestry at the forefront of farming sustainably in multifunctional landscapes in Europe - <\/strong><strong>RE<\/strong><strong>FOREST Project<\/strong> (i det f\u00f8lgende ben\u00e6vnt \"<strong>RE<\/strong><strong>FOREST<\/strong>\", \"vi\", \"os\" eller \"vores\") er et Horizon Europe-projekt finansieret under Land, Ocean and Water call for climate action, specifikt emne: HORIZON-CL6-2021-CLIMATE-01-08: Agroforestry to meet climate, biodiversity, and agricultural sustainability goals. <strong>RE<\/strong><strong>FOREST <\/strong> koordineres af CESKA ZEMEDELSKA UNIVERZITA V PRAZE (CZU) og samler en betydelig gruppe af 14 institutioner fra 10 europ\u00e6iske lande: <a href=\"https:\/\/agroreforest.eu\/da\/partners\/\" target=\"_self\">https:\/\/agroreforest.eu\/partners\/<\/a>. Europroject vedligeholder dette websted (\"tjenesten\") p\u00e5 vegne af <strong>RE<\/strong><strong>FOREST<\/strong>-konsortiets medlemmer.<\/p><p><strong>Datapolitik<\/strong><\/p><p class=\"translation-block\">Vores datapolitik har til form\u00e5l at beskrive, hvordan vi bruger de personoplysninger, du giver os, n\u00e5r du bes\u00f8ger <strong>RE<\/strong><strong>FOREST <\/strong>webstedet. Dit privatliv og sikkerheden af dine data er af st\u00f8rste vigtighed for os. Selvom ingen metode til datatransmission over internettet eller elektronisk lagring er hundrede procent sikker, vil vi sikre, at enhver databehandling, vi bruger, ogs\u00e5 implementerer passende tekniske og organisatoriske sikkerhedsforanstaltninger for at beskytte de oplysninger, du har givet os.<\/p><p><strong>Personlige data <\/strong><\/p><p>N\u00e5r du bruger vores tjeneste, kan vi bede dig om at give os visse personligt identificerbare oplysninger, der kan bruges til enten at kontakte dig eller identificere dig. Personlige data kan omfatte din e-mailadresse, fornavn og efternavn, cookies og\/eller brugsdata.<\/p><p>Vi h\u00e5ndterer dine persondata i overensstemmelse med databeskyttelseslovgivningen, herunder databeskyttelseslovene 1988 til 2018, den generelle databeskyttelsesforordning (EU) 2018\/1725 og enhver anden g\u00e6ldende national eller international lov eller regulering. Vi vil under ingen omst\u00e6ndigheder dele dine persondata uden dit samtykke, medmindre det er p\u00e5kr\u00e6vet ved lov (undtagen som beskrevet i denne politik). Under visse omst\u00e6ndigheder kan dine persondata blive delt med Europa-Kommissionen, i hvilket tilf\u00e6lde dine persondata vil blive behandlet i overensstemmelse med Europa-Kommissionens privatlivspolitik, der er tilg\u00e6ngelig p\u00e5:\u00a0<a href=\"https:\/\/ec.europa.eu\/info\/privacy-policy_en\">https:\/\/ec.europa.eu\/info\/privacy-policy_en<\/a>.<\/p><p class=\"translation-block\">Hvis det er n\u00f8dvendigt, m\u00e5 vi kun videregive dine personoplysninger i god tro: i) for at overholde en juridisk forpligtelse; ii) for at beskytte <strong>RE<\/strong><strong>FOREST <\/strong>rettigheder eller ejendom; iii) for at forhindre eller unders\u00f8ge mulige forseelser i forbindelse med tjenesten; iv) for at beskytte den personlige sikkerhed for brugere af tjenesten eller offentligheden; v) for at beskytte mod juridisk ansvar.<\/p><p><strong>Brugsdata<\/strong><\/p><p>Vi kan ogs\u00e5 indsamle oplysninger om, hvordan tjenesten tilg\u00e5s og bruges (\"brugsdata\"). Disse brugsdata kan omfatte oplysninger s\u00e5som din computers IP-adresse (Internet Protocol), browsertype, browserversion, siderne i vores service, som du bes\u00f8ger, tidspunktet og datoen for dit bes\u00f8g, den tid, der bruges p\u00e5 disse sider, unikke enhedsidentifikatorer og andre diagnostiske data.<\/p><p><strong>Analytiske data<\/strong><\/p><p>Vi indsamler analytiske data via Google Analytics. Disse data indsamles p\u00e5 makroniveau baseret p\u00e5 alle bes\u00f8gende p\u00e5 hjemmesiden. Alle analytiske data er anonymiserede og derfor ikke personligt identificerbare.<\/p><p><strong>Data om sporing og cookies<\/strong><\/p><p>Vi bruger cookies og lignende sporingsteknologier til at spore aktiviteten p\u00e5 vores tjeneste og opbevare visse oplysninger.<\/p><p>Cookies er filer med en lille m\u00e6ngde data, som kan indeholde en anonym unik identifikator. Cookies sendes til din browser fra en hjemmeside og gemmes p\u00e5 din enhed. Sporingsteknologier, der ogs\u00e5 bruges, er beacons, tags og scripts til at indsamle og spore oplysninger og til at forbedre og analysere vores service.<\/p><p>Du kan indstille din browser til at afvise alle cookies eller til at angive, n\u00e5r der sendes en cookie. Men hvis du ikke accepterer cookies, kan du muligvis ikke bruge nogle dele af vores service.<\/p><p>Eksempler p\u00e5 cookies, vi bruger:<br \/><strong>- Session cookies -<\/strong> Vi bruger sessionscookies til at drive vores service<br \/>\u2022 <strong>Pr\u00e6ference-cookies<\/strong> - Vi bruger pr\u00e6ference-cookies til at huske dine pr\u00e6ferencer og forskellige indstillinger.<br \/>\u2022 <strong>Sikkerheds-cookies<\/strong> - Vi bruger sikkerhedscookies til sikkerhedsform\u00e5l.<\/p><p><strong>Politik for cookies<\/strong><\/p><p>Vores hjemmeside bruger cookies til at skelne dig fra andre brugere af vores hjemmeside. Generelt bruges cookies til at bevare brugerpr\u00e6ferencer, gemme oplysninger til ting som indk\u00f8bsvogne og give anonymiserede sporingsdata. Som regel vil cookies g\u00f8re din browseroplevelse bedre. Men du vil m\u00e5ske foretr\u00e6kke at deaktivere cookies p\u00e5 denne og andre hjemmesider. Den mest effektive m\u00e5de at g\u00f8re det p\u00e5 er at deaktivere cookies i din browser. Vi foresl\u00e5r, at du konsulterer hj\u00e6lpesektionen i din browser eller tager et kig p\u00e5\u00a0<a href=\"https:\/\/www.aboutcookies.org\/\">Om cookies<\/a>\u00a0hjemmeside, som tilbyder vejledning til alle moderne browsere.<\/p><p><strong>Links fra tredjeparter<\/strong><\/p><p>Vores service kan indeholde hyperlinks til hjemmesider, der ejes og drives af tredjeparter. Disse tredjepartswebsteder har deres egne privatlivspolitikker, herunder cookies. Vi p\u00e5tager os intet ansvar for s\u00e5danne tredjepartswebsteders privatlivspraksis, og din brug af s\u00e5danne websteder sker p\u00e5 egen risiko.<\/p><p class=\"translation-block\"><strong>RE<\/strong><strong>FOREST \u00c6ndringer i privatlivspolitikken<\/strong><\/p><p>Vores privatlivspolitik kan blive opdateret fra tid til anden. Du r\u00e5des til at gennemg\u00e5 denne fortrolighedspolitik med j\u00e6vne mellemrum. Eventuelle \u00e6ndringer i vores privatlivspolitik vil blive offentliggjort p\u00e5 denne side.<\/p><p><strong>Kontakt os<\/strong><\/p><p>Hvis du har sp\u00f8rgsm\u00e5l eller gerne vil vide mere om REFORESTs privatlivspolitik, er du velkommen til at kontakte os p\u00e5\u00a0<a href=\"mailto:info@agroreforest.eu\">info@agroreforest.eu<\/a>.<\/p>\t\t\t\t\t\t\t\t<\/div>\n\t\t\t\t<\/div>\n\t\t\t\t\t<\/div>\n\t\t<\/div>\n\t\t\t\t\t<\/div>\n\t\t<\/section>\n\t\t\t\t<\/div>","protected":false},"excerpt":{"rendered":"<p>Data Policy The REFOREST project Agroforestry at the forefront of farming sustainably in multifunctional landscapes in Europe \u2013 REFOREST Project\u00a0(hereinafter referred to as \u201cREFOREST\u201d, \u201cwe\u201d, \u201cus\u201d or \u201cour\u201d) is a [&hellip;]<\/p>\n","protected":false},"author":1,"featured_media":0,"parent":0,"menu_order":0,"comment_status":"closed","ping_status":"closed","template":"","meta":{"site-sidebar-layout":"no-sidebar","site-content-layout":"page-builder","ast-site-content-layout":"default","site-content-style":"default","site-sidebar-style":"default","ast-global-header-display":"","ast-banner-title-visibility":"","ast-main-header-display":"","ast-hfb-above-header-display":"","ast-hfb-below-header-display":"","ast-hfb-mobile-header-display":"","site-post-title":"disabled","ast-breadcrumbs-content":"","ast-featured-img":"disabled","footer-sml-layout":"","ast-disable-related-posts":"","theme-transparent-header-meta":"","adv-header-id-meta":"","stick-header-meta":"","header-above-stick-meta":"","header-main-stick-meta":"","header-below-stick-meta":"","astra-migrate-meta-layouts":"default","ast-page-background-enabled":"default","ast-page-background-meta":{"desktop":{"background-color":"","background-image":"","background-repeat":"repeat","background-position":"center center","background-size":"auto","background-attachment":"scroll","background-type":"","background-media":"","overlay-type":"","overlay-color":"","overlay-opacity":"","overlay-gradient":""},"tablet":{"background-color":"","background-image":"","background-repeat":"repeat","background-position":"center center","background-size":"auto","background-attachment":"scroll","background-type":"","background-media":"","overlay-type":"","overlay-color":"","overlay-opacity":"","overlay-gradient":""},"mobile":{"background-color":"","background-image":"","background-repeat":"repeat","background-position":"center center","background-size":"auto","background-attachment":"scroll","background-type":"","background-media":"","overlay-type":"","overlay-color":"","overlay-opacity":"","overlay-gradient":""}},"ast-content-background-meta":{"desktop":{"background-color":"var(--ast-global-color-4)","background-image":"","background-repeat":"repeat","background-position":"center center","background-size":"auto","background-attachment":"scroll","background-type":"","background-media":"","overlay-type":"","overlay-color":"","overlay-opacity":"","overlay-gradient":""},"tablet":{"background-color":"var(--ast-global-color-4)","background-image":"","background-repeat":"repeat","background-position":"center center","background-size":"auto","background-attachment":"scroll","background-type":"","background-media":"","overlay-type":"","overlay-color":"","overlay-opacity":"","overlay-gradient":""},"mobile":{"background-color":"var(--ast-global-color-4)","background-image":"","background-repeat":"repeat","background-position":"center center","background-size":"auto","background-attachment":"scroll","background-type":"","background-media":"","overlay-type":"","overlay-color":"","overlay-opacity":"","overlay-gradient":""}},"footnotes":""},"class_list":["post-449","page","type-page","status-publish","hentry"],"_links":{"self":[{"href":"https:\/\/agroreforest.eu\/da\/wp-json\/wp\/v2\/pages\/449","targetHints":{"allow":["GET"]}}],"collection":[{"href":"https:\/\/agroreforest.eu\/da\/wp-json\/wp\/v2\/pages"}],"about":[{"href":"https:\/\/agroreforest.eu\/da\/wp-json\/wp\/v2\/types\/page"}],"author":[{"embeddable":true,"href":"https:\/\/agroreforest.eu\/da\/wp-json\/wp\/v2\/users\/1"}],"replies":[{"embeddable":true,"href":"https:\/\/agroreforest.eu\/da\/wp-json\/wp\/v2\/comments?post=449"}],"version-history":[{"count":8,"href":"https:\/\/agroreforest.eu\/da\/wp-json\/wp\/v2\/pages\/449\/revisions"}],"predecessor-version":[{"id":3572,"href":"https:\/\/agroreforest.eu\/da\/wp-json\/wp\/v2\/pages\/449\/revisions\/3572"}],"wp:attachment":[{"href":"https:\/\/agroreforest.eu\/da\/wp-json\/wp\/v2\/media?parent=449"}],"curies":[{"name":"wp","href":"https:\/\/api.w.org\/{rel}","templated":true}]}}