{"id":449,"date":"2022-09-29T10:58:00","date_gmt":"2022-09-29T10:58:00","guid":{"rendered":"https:\/\/agroreforest.eu\/?page_id=449"},"modified":"2023-03-06T14:12:21","modified_gmt":"2023-03-06T14:12:21","slug":"data-policy","status":"publish","type":"page","link":"https:\/\/agroreforest.eu\/cs\/data-policy\/","title":{"rendered":"Z\u00e1sady zpracov\u00e1n\u00ed dat"},"content":{"rendered":"<div data-elementor-type=\"wp-page\" data-elementor-id=\"449\" class=\"elementor elementor-449\" data-elementor-post-type=\"page\">\n\t\t\t\t\t\t<section class=\"elementor-section elementor-top-section elementor-element elementor-element-b2cfc22 elementor-section-boxed elementor-section-height-default elementor-section-height-default\" data-id=\"b2cfc22\" data-element_type=\"section\" data-e-type=\"section\">\n\t\t\t\t\t\t<div class=\"elementor-container elementor-column-gap-default\">\n\t\t\t\t\t<div class=\"elementor-column elementor-col-100 elementor-top-column elementor-element elementor-element-2125c13\" data-id=\"2125c13\" data-element_type=\"column\" data-e-type=\"column\">\n\t\t\t<div class=\"elementor-widget-wrap elementor-element-populated\">\n\t\t\t\t\t\t<div class=\"elementor-element elementor-element-77bfc5a elementor-widget elementor-widget-heading\" data-id=\"77bfc5a\" data-element_type=\"widget\" data-e-type=\"widget\" data-widget_type=\"heading.default\">\n\t\t\t\t<div class=\"elementor-widget-container\">\n\t\t\t\t\t<h2 class=\"elementor-heading-title elementor-size-default\">Z\u00e1sady zpracov\u00e1n\u00ed dat<\/h2>\t\t\t\t<\/div>\n\t\t\t\t<\/div>\n\t\t\t\t<div class=\"elementor-element elementor-element-6c2ce5b elementor-widget elementor-widget-text-editor\" data-id=\"6c2ce5b\" data-element_type=\"widget\" data-e-type=\"widget\" data-widget_type=\"text-editor.default\">\n\t\t\t\t<div class=\"elementor-widget-container\">\n\t\t\t\t\t\t\t\t\t<p class=\"translation-block\"><strong>Projekt ReForest<\/strong><\/p><p class=\"translation-block\"><strong>Agrolesnictv\u00ed v \u010dele udr\u017eiteln\u00e9ho zem\u011bd\u011blstv\u00ed v multifunk\u010dn\u00edch krajin\u00e1ch v Evrop\u011b - Projekt ReForest <\/strong>(d\u00e1le jen \"<strong>Projekt<\/strong>\", \"my\", \"n\u00e1s\" nebo \"n\u00e1\u0161\") je projekt programu Horizont Evropa financovan\u00fd v r\u00e1mci v\u00fdzvy Zem\u011b, Oce\u00e1n a voda pro opat\u0159en\u00ed v oblasti klimatu, specifick\u00e9 t\u00e9ma: HORIZON-CL6-2021-CLIMATE-01-08: Zem\u011bd\u011blsk\u00e9 lesnictv\u00ed pro dosa\u017een\u00ed c\u00edl\u016f v oblasti klimatu, biologick\u00e9 rozmanitosti a udr\u017eitelnosti zem\u011bd\u011blstv\u00ed. <strong>Projekt<\/strong> koordinuje \u010cESK\u00c1 ZEM\u011aD\u011aLSK\u00c1 UNIVERZITA V PRAZE (CZU) a sdru\u017euje v\u00fdznamnou skupinu 14-ti instituc\u00ed z 10-ti evropsk\u00fdch zem\u00ed: <a href=\"https:\/\/agroreforest.eu\/cs\/partners\/\" target=\"_self\">https:\/\/agroreforest.eu\/partners\/<\/a>. Spole\u010dnost Europroject spravuje tyto webov\u00e9 str\u00e1nky (d\u00e1le jen \"Slu\u017eba\") jm\u00e9nem \u010dlen\u016f kosortia Projektu.<\/p><p><strong>Z\u00e1sady zpracov\u00e1n\u00ed dat<\/strong><\/p><p class=\"translation-block\">C\u00edlem na\u0161ich Z\u00e1sad zpracov\u00e1n\u00ed dat je popsat, jak\u00fdm zp\u016fsobem vyu\u017e\u00edv\u00e1me osobn\u00ed \u00fadaje, kter\u00e9 n\u00e1m poskytnete p\u0159i n\u00e1v\u0161t\u011bv\u011b webov\u00fdch str\u00e1nek <strong>Projektu<\/strong>. Va\u0161e soukrom\u00ed a bezpe\u010dnost Va\u0161ich \u00fadaj\u016f jsou pro n\u00e1s nesm\u00edrn\u011b d\u016fle\u017eit\u00e9. P\u0159esto\u017ee \u017e\u00e1dn\u00e1 metoda p\u0159enosu dat p\u0159es internet, ani zp\u016fsob elektronick\u00e9ho ukl\u00e1d\u00e1n\u00ed dat, nejsou stoprocentn\u011b bezpe\u010dn\u00e9, zajist\u00edme, aby ve\u0161ker\u00e1 n\u00e1mi pou\u017e\u00edvan\u00e1 zpracov\u00e1n\u00ed dat rovn\u011b\u017e zavedla vhodn\u00e1 technick\u00e1 a organiza\u010dn\u00ed bezpe\u010dnostn\u00ed opat\u0159en\u00ed na ochranu informac\u00ed, kter\u00e9 jste n\u00e1m poskytli.<\/p><p><strong>Osobn\u00ed \u00fadaje <\/strong><\/p><p>P\u0159i pou\u017e\u00edv\u00e1n\u00ed na\u0161\u00ed slu\u017eby V\u00e1s m\u016f\u017eeme po\u017e\u00e1dat, abyste n\u00e1m poskytli ur\u010dit\u00e9 osobn\u00ed \u00fadaje, kter\u00e9 mohou b\u00fdt pou\u017eity ke kontaktov\u00e1n\u00ed nebo identifikaci Va\u0161\u00ed osoby. Osobn\u00ed \u00fadaje mohou zahrnovat Va\u0161i e-mailovou adresu, jm\u00e9no a p\u0159\u00edjmen\u00ed, soubory cookie a\/nebo \u00fadaje o pou\u017e\u00edv\u00e1n\u00ed.<\/p><p>S Va\u0161imi Osobn\u00edmi \u00fadaji budeme nakl\u00e1dat v souladu s pr\u00e1vn\u00edmi p\u0159edpisy o ochran\u011b osobn\u00edch \u00fadaj\u016f, v\u010detn\u011b z\u00e1kon\u016f o ochran\u011b osobn\u00edch \u00fadaj\u016f z let 1988 a\u017e 2018, obecn\u00e9ho na\u0159\u00edzen\u00ed o ochran\u011b osobn\u00edch \u00fadaj\u016f (EU) 2018\/1725 a dal\u0161\u00edch platn\u00fdch vnitrost\u00e1tn\u00edch nebo mezin\u00e1rodn\u00edch pr\u00e1vn\u00edch p\u0159edpis\u016f. Za \u017e\u00e1dn\u00fdch okolnost\u00ed nebudeme Va\u0161e Osobn\u00ed \u00fadaje sd\u00edlet bez Va\u0161eho souhlasu, pokud to nebude vy\u017eadovat z\u00e1kon (s v\u00fdjimkou p\u0159\u00edpad\u016f uveden\u00fdch v t\u011bchto Z\u00e1sad\u00e1ch). Za ur\u010dit\u00fdch okolnost\u00ed mohou b\u00fdt Va\u0161e Osobn\u00ed \u00fadaje sd\u00edleny s Evropskou komis\u00ed, v takov\u00e9m p\u0159\u00edpad\u011b budou Va\u0161e Osobn\u00ed \u00fadaje zpracov\u00e1v\u00e1ny v souladu se Z\u00e1sadami ochrany osobn\u00edch \u00fadaj\u016f Evropsk\u00e9 komise, kter\u00e9 jsou k dispozici na adrese:\u00a0<a href=\"https:\/\/ec.europa.eu\/info\/privacy-policy_en\">https:\/\/ec.europa.eu\/info\/privacy-policy_en<\/a>.<\/p><p class=\"translation-block\">V p\u0159\u00edpad\u011b pot\u0159eby m\u016f\u017eeme Va\u0161e Osobn\u00ed \u00fadaje zve\u0159ejnit pouze v dobr\u00e9 v\u00ed\u0159e: i) za \u00fa\u010delem spln\u011bn\u00ed z\u00e1konn\u00e9 povinnosti; ii) za \u00fa\u010delem ochrany pr\u00e1v nebo majetku <strong>Projektu<\/strong> ; iii) k prevenci nebo vy\u0161et\u0159ov\u00e1n\u00ed mo\u017en\u00e9ho protipr\u00e1vn\u00edho jedn\u00e1n\u00ed v souvislosti se Slu\u017ebou, iv) k ochran\u011b osobn\u00ed bezpe\u010dnosti u\u017eivatel\u016f Slu\u017eby nebo ve\u0159ejnosti; v) k ochran\u011b p\u0159ed pr\u00e1vn\u00ed odpov\u011bdnost\u00ed.<\/p><p><strong>\u00dadaje o pou\u017eit\u00ed<\/strong><\/p><p>M\u016f\u017eeme tak\u00e9 shroma\u017e\u010fovat informace o tom, jak je Slu\u017eba vyu\u017e\u00edv\u00e1na (\"\u00dadaje o pou\u017eit\u00ed\"). Tyto \u00dadaje o pou\u017eit\u00ed mohou zahrnovat informace, jako je adresa internetov\u00e9ho protokolu (IP) va\u0161eho po\u010d\u00edta\u010de, typ prohl\u00ed\u017ee\u010de, verze prohl\u00ed\u017ee\u010de, nav\u0161t\u00edven\u00e9 str\u00e1nky na\u0161\u00ed Slu\u017eby, \u010das a datum n\u00e1v\u0161t\u011bvy, \u010das str\u00e1ven\u00fd na t\u011bchto str\u00e1nk\u00e1ch, jedine\u010dn\u00e9 identifik\u00e1tory za\u0159\u00edzen\u00ed a dal\u0161\u00ed diagnostick\u00e9 \u00fadaje.<\/p><p><strong>Analytick\u00e1 data<\/strong><\/p><p>Analytick\u00e9 \u00fadaje shroma\u017e\u010fujeme prost\u0159ednictv\u00edm slu\u017eby Google Analytics. Tyto \u00fadaje jsou shroma\u017e\u010fov\u00e1ny na makro\u00farovni na z\u00e1klad\u011b v\u0161ech n\u00e1v\u0161t\u011bvn\u00edk\u016f webov\u00fdch str\u00e1nek. V\u0161echny analytick\u00e9 \u00fadaje jsou anonymizovan\u00e9, a proto je nelze osobn\u011b identifikovat.<\/p><p><strong>\u00dadaje o sledov\u00e1n\u00ed a souborech cookie<\/strong><\/p><p>Ke sledov\u00e1n\u00ed aktivity na na\u0161\u00ed Slu\u017eb\u011b a uchov\u00e1v\u00e1n\u00ed ur\u010dit\u00fdch informac\u00ed pou\u017e\u00edv\u00e1me soubory cookie a podobn\u00e9 sledovac\u00ed technologie.<\/p><p>Soubory cookie jsou soubory s mal\u00fdm mno\u017estv\u00edm dat, kter\u00e9 mohou obsahovat anonymn\u00ed jedine\u010dn\u00fd identifik\u00e1tor. Soubory cookie jsou odes\u00edl\u00e1ny do Va\u0161eho prohl\u00ed\u017ee\u010de z webov\u00fdch str\u00e1nek a ukl\u00e1d\u00e1ny do Va\u0161eho za\u0159\u00edzen\u00ed. Ke shroma\u017e\u010fov\u00e1n\u00ed a sledov\u00e1n\u00ed informac\u00ed a ke zlep\u0161ov\u00e1n\u00ed a anal\u00fdze na\u0161ich slu\u017eeb se pou\u017e\u00edvaj\u00ed tak\u00e9 sledovac\u00ed technologie, jako jsou maj\u00e1ky, zna\u010dky a skripty.<\/p><p>Sv\u00e9mu prohl\u00ed\u017ee\u010di m\u016f\u017eete d\u00e1t pokyn, aby odm\u00edtl v\u0161echny soubory cookie nebo aby upozornil na odes\u00edl\u00e1n\u00ed soubor\u016f cookie. Pokud v\u0161ak soubory cookie nep\u0159ijmete, je mo\u017en\u00e9, \u017ee nebudete moci pou\u017e\u00edvat n\u011bkter\u00e9 \u010d\u00e1sti na\u0161\u00ed Slu\u017eby.<\/p><p>P\u0159\u00edklady soubor\u016f cookie, kter\u00e9 pou\u017e\u00edv\u00e1me:<br \/><strong>- Rela\u010dn\u00ed soubory cookie -<\/strong> K provozu na\u0161\u00ed slu\u017eby pou\u017e\u00edv\u00e1me rela\u010dn\u00ed soubory cookie.<br \/>- <strong>Soubory cookie pro preference<\/strong> - K zapamatov\u00e1n\u00ed Va\u0161ich preferenc\u00ed a r\u016fzn\u00fdch nastaven\u00ed pou\u017e\u00edv\u00e1me soubory cookie p\u0159edvoleb.<br \/>- <strong>Bezpe\u010dnostn\u00ed soubory cookie<\/strong> - Bezpe\u010dnostn\u00ed soubory cookie pou\u017e\u00edv\u00e1me pro \u00fa\u010dely zabezpe\u010den\u00ed.<\/p><p><strong>Z\u00e1sady pou\u017e\u00edv\u00e1n\u00ed soubor\u016f cookie<\/strong><\/p><p>Na\u0161e webov\u00e9 str\u00e1nky pou\u017e\u00edvaj\u00ed soubory cookie, aby V\u00e1s odli\u0161ily od ostatn\u00edch u\u017eivatel\u016f na\u0161ich webov\u00fdch str\u00e1nek. Obecn\u011b se soubory cookie pou\u017e\u00edvaj\u00ed k uchov\u00e1n\u00ed u\u017eivatelsk\u00fdch preferenc\u00ed, ukl\u00e1d\u00e1n\u00ed informac\u00ed, nap\u0159\u00edklad n\u00e1kupn\u00edch ko\u0161\u00edk\u016f, a k poskytov\u00e1n\u00ed anonymizovan\u00fdch sledovac\u00edch \u00fadaj\u016f. Soubory cookie zpravidla zlep\u0161uj\u00ed V\u00e1\u0161 z\u00e1\u017eitek z prohl\u00ed\u017een\u00ed. Na tomto webu i na jin\u00fdch str\u00e1nk\u00e1ch v\u0161ak m\u016f\u017eete soubory cookie zak\u00e1zat. Nej\u00fa\u010dinn\u011bj\u0161\u00edm zp\u016fsobem, jak to ud\u011blat, je zak\u00e1zat soubory cookie ve Va\u0161em prohl\u00ed\u017ee\u010di. Doporu\u010dujeme nahl\u00e9dnout do sekce n\u00e1pov\u011bdy Va\u0161eho prohl\u00ed\u017ee\u010de nebo se pod\u00edvat na str\u00e1nky\u00a0<a href=\"https:\/\/www.aboutcookies.org\/\">O souborech cookie<\/a>\u00a0na webu, kter\u00fd nab\u00edz\u00ed n\u00e1vod pro v\u0161echny modern\u00ed prohl\u00ed\u017ee\u010de.<\/p><p><strong>Odkazy t\u0159et\u00edch stran<\/strong><\/p><p>Na\u0161e slu\u017eba m\u016f\u017ee obsahovat hypertextov\u00e9 odkazy na webov\u00e9 str\u00e1nky vlastn\u011bn\u00e9 a provozovan\u00e9 t\u0159et\u00edmi stranami. Tyto webov\u00e9 str\u00e1nky t\u0159et\u00edch stran maj\u00ed vlastn\u00ed z\u00e1sady ochrany osobn\u00edch \u00fadaj\u016f, v\u010detn\u011b soubor\u016f cookie. Nep\u0159eb\u00edr\u00e1me \u017e\u00e1dnou odpov\u011bdnost za z\u00e1sady ochrany osobn\u00edch \u00fadaj\u016f t\u011bchto webov\u00fdch str\u00e1nek t\u0159et\u00edch stran a jejich pou\u017e\u00edv\u00e1n\u00ed je na Va\u0161e vlastn\u00ed riziko.<\/p><p class=\"translation-block\"><strong>Zm\u011bny z\u00e1sad ochrany osobn\u00edch \u00fadaj\u016f ReForest<\/strong><\/p><p>Na\u0161e z\u00e1sady ochrany osobn\u00edch \u00fadaj\u016f mohou b\u00fdt \u010das od \u010dasu aktualizov\u00e1ny. Doporu\u010dujeme V\u00e1m, abyste tyto Z\u00e1sady ochrany osobn\u00edch \u00fadaj\u016f pravideln\u011b kontrolovali. Ve\u0161ker\u00e9 zm\u011bny Z\u00e1sad ochrany osobn\u00edch \u00fadaj\u016f z na\u0161\u00ed strany budou zve\u0159ejn\u011bny na t\u00e9to str\u00e1nce.<\/p><p><strong>Kontaktujte n\u00e1s<\/strong><\/p><p>Pokud m\u00e1te jak\u00e9koli dotazy nebo se chcete dozv\u011bd\u011bt v\u00edce o z\u00e1sad\u00e1ch ochrany osobn\u00edch \u00fadaj\u016f ReForest, nev\u00e1hejte n\u00e1s kontaktovat na adrese.\u00a0<a href=\"mailto:info@agroreforest.eu\">info@agroreforest.eu<\/a>.<\/p>\t\t\t\t\t\t\t\t<\/div>\n\t\t\t\t<\/div>\n\t\t\t\t\t<\/div>\n\t\t<\/div>\n\t\t\t\t\t<\/div>\n\t\t<\/section>\n\t\t\t\t<\/div>","protected":false},"excerpt":{"rendered":"<p>Data Policy The REFOREST project Agroforestry at the forefront of farming sustainably in multifunctional landscapes in Europe \u2013 REFOREST Project\u00a0(hereinafter referred to as \u201cREFOREST\u201d, \u201cwe\u201d, \u201cus\u201d or \u201cour\u201d) is a [&hellip;]<\/p>\n","protected":false},"author":1,"featured_media":0,"parent":0,"menu_order":0,"comment_status":"closed","ping_status":"closed","template":"","meta":{"site-sidebar-layout":"no-sidebar","site-content-layout":"page-builder","ast-site-content-layout":"default","site-content-style":"default","site-sidebar-style":"default","ast-global-header-display":"","ast-banner-title-visibility":"","ast-main-header-display":"","ast-hfb-above-header-display":"","ast-hfb-below-header-display":"","ast-hfb-mobile-header-display":"","site-post-title":"disabled","ast-breadcrumbs-content":"","ast-featured-img":"disabled","footer-sml-layout":"","ast-disable-related-posts":"","theme-transparent-header-meta":"","adv-header-id-meta":"","stick-header-meta":"","header-above-stick-meta":"","header-main-stick-meta":"","header-below-stick-meta":"","astra-migrate-meta-layouts":"default","ast-page-background-enabled":"default","ast-page-background-meta":{"desktop":{"background-color":"","background-image":"","background-repeat":"repeat","background-position":"center center","background-size":"auto","background-attachment":"scroll","background-type":"","background-media":"","overlay-type":"","overlay-color":"","overlay-opacity":"","overlay-gradient":""},"tablet":{"background-color":"","background-image":"","background-repeat":"repeat","background-position":"center center","background-size":"auto","background-attachment":"scroll","background-type":"","background-media":"","overlay-type":"","overlay-color":"","overlay-opacity":"","overlay-gradient":""},"mobile":{"background-color":"","background-image":"","background-repeat":"repeat","background-position":"center center","background-size":"auto","background-attachment":"scroll","background-type":"","background-media":"","overlay-type":"","overlay-color":"","overlay-opacity":"","overlay-gradient":""}},"ast-content-background-meta":{"desktop":{"background-color":"var(--ast-global-color-4)","background-image":"","background-repeat":"repeat","background-position":"center center","background-size":"auto","background-attachment":"scroll","background-type":"","background-media":"","overlay-type":"","overlay-color":"","overlay-opacity":"","overlay-gradient":""},"tablet":{"background-color":"var(--ast-global-color-4)","background-image":"","background-repeat":"repeat","background-position":"center center","background-size":"auto","background-attachment":"scroll","background-type":"","background-media":"","overlay-type":"","overlay-color":"","overlay-opacity":"","overlay-gradient":""},"mobile":{"background-color":"var(--ast-global-color-4)","background-image":"","background-repeat":"repeat","background-position":"center center","background-size":"auto","background-attachment":"scroll","background-type":"","background-media":"","overlay-type":"","overlay-color":"","overlay-opacity":"","overlay-gradient":""}},"footnotes":""},"class_list":["post-449","page","type-page","status-publish","hentry"],"_links":{"self":[{"href":"https:\/\/agroreforest.eu\/cs\/wp-json\/wp\/v2\/pages\/449","targetHints":{"allow":["GET"]}}],"collection":[{"href":"https:\/\/agroreforest.eu\/cs\/wp-json\/wp\/v2\/pages"}],"about":[{"href":"https:\/\/agroreforest.eu\/cs\/wp-json\/wp\/v2\/types\/page"}],"author":[{"embeddable":true,"href":"https:\/\/agroreforest.eu\/cs\/wp-json\/wp\/v2\/users\/1"}],"replies":[{"embeddable":true,"href":"https:\/\/agroreforest.eu\/cs\/wp-json\/wp\/v2\/comments?post=449"}],"version-history":[{"count":8,"href":"https:\/\/agroreforest.eu\/cs\/wp-json\/wp\/v2\/pages\/449\/revisions"}],"predecessor-version":[{"id":3572,"href":"https:\/\/agroreforest.eu\/cs\/wp-json\/wp\/v2\/pages\/449\/revisions\/3572"}],"wp:attachment":[{"href":"https:\/\/agroreforest.eu\/cs\/wp-json\/wp\/v2\/media?parent=449"}],"curies":[{"name":"wp","href":"https:\/\/api.w.org\/{rel}","templated":true}]}}