{"id":3250,"date":"2024-09-24T07:28:29","date_gmt":"2024-09-24T07:28:29","guid":{"rendered":"https:\/\/agroreforest.eu\/?page_id=3250"},"modified":"2025-11-19T13:00:25","modified_gmt":"2025-11-19T13:00:25","slug":"practice-abstracts","status":"publish","type":"page","link":"https:\/\/agroreforest.eu\/cs\/practice-abstracts\/","title":{"rendered":"Abstrakty z praxe"},"content":{"rendered":"<div data-elementor-type=\"wp-page\" data-elementor-id=\"3250\" class=\"elementor elementor-3250\" data-elementor-post-type=\"page\">\n\t\t\t\t\t\t<section class=\"elementor-section elementor-top-section elementor-element elementor-element-d9d4e00 elementor-section-boxed elementor-section-height-default elementor-section-height-default\" data-id=\"d9d4e00\" data-element_type=\"section\" data-e-type=\"section\" data-settings=\"{&quot;background_background&quot;:&quot;classic&quot;}\">\n\t\t\t\t\t\t<div class=\"elementor-container elementor-column-gap-no\">\n\t\t\t\t\t<div class=\"elementor-column elementor-col-50 elementor-top-column elementor-element elementor-element-014dac5\" data-id=\"014dac5\" data-element_type=\"column\" data-e-type=\"column\">\n\t\t\t<div class=\"elementor-widget-wrap elementor-element-populated\">\n\t\t\t\t\t\t<div class=\"elementor-element elementor-element-3ea4e7c elementor-widget-divider--view-line elementor-widget elementor-widget-divider\" data-id=\"3ea4e7c\" data-element_type=\"widget\" data-e-type=\"widget\" data-widget_type=\"divider.default\">\n\t\t\t\t<div class=\"elementor-widget-container\">\n\t\t\t\t\t\t\t<div class=\"elementor-divider\">\n\t\t\t<span class=\"elementor-divider-separator\">\n\t\t\t\t\t\t<\/span>\n\t\t<\/div>\n\t\t\t\t\t\t<\/div>\n\t\t\t\t<\/div>\n\t\t\t\t<div class=\"elementor-element elementor-element-192dc04 elementor-widget elementor-widget-heading\" data-id=\"192dc04\" data-element_type=\"widget\" data-e-type=\"widget\" data-widget_type=\"heading.default\">\n\t\t\t\t<div class=\"elementor-widget-container\">\n\t\t\t\t\t<h1 class=\"elementor-heading-title elementor-size-default\">Abstrakty z praxe<\/h1>\t\t\t\t<\/div>\n\t\t\t\t<\/div>\n\t\t\t\t\t<\/div>\n\t\t<\/div>\n\t\t\t\t<div class=\"elementor-column elementor-col-50 elementor-top-column elementor-element elementor-element-9c600f7\" data-id=\"9c600f7\" data-element_type=\"column\" data-e-type=\"column\">\n\t\t\t<div class=\"elementor-widget-wrap elementor-element-populated\">\n\t\t\t\t\t\t\t<\/div>\n\t\t<\/div>\n\t\t\t\t\t<\/div>\n\t\t<\/section>\n\t\t\t\t<section class=\"elementor-section elementor-top-section elementor-element elementor-element-332ddd5 elementor-section-boxed elementor-section-height-default elementor-section-height-default\" data-id=\"332ddd5\" data-element_type=\"section\" data-e-type=\"section\" data-settings=\"{&quot;background_background&quot;:&quot;classic&quot;}\">\n\t\t\t\t\t\t<div class=\"elementor-container elementor-column-gap-no\">\n\t\t\t\t\t<div class=\"elementor-column elementor-col-33 elementor-top-column elementor-element elementor-element-5fd7e74\" data-id=\"5fd7e74\" data-element_type=\"column\" data-e-type=\"column\">\n\t\t\t<div class=\"elementor-widget-wrap elementor-element-populated\">\n\t\t\t\t\t\t<div class=\"elementor-element elementor-element-2b16768 elementor-widget elementor-widget-heading\" data-id=\"2b16768\" data-element_type=\"widget\" data-e-type=\"widget\" data-widget_type=\"heading.default\">\n\t\t\t\t<div class=\"elementor-widget-container\">\n\t\t\t\t\t<h2 class=\"elementor-heading-title elementor-size-default\">ReForest Practice Abstracts: Inovace agrolesnictv\u00ed prost\u0159ednictv\u00edm praktick\u00fdch znalost\u00ed<\/h2>\t\t\t\t<\/div>\n\t\t\t\t<\/div>\n\t\t\t\t<div class=\"elementor-element elementor-element-f6cd790 elementor-hidden-desktop elementor-hidden-tablet elementor-hidden-mobile elementor-widget elementor-widget-image\" data-id=\"f6cd790\" data-element_type=\"widget\" data-e-type=\"widget\" data-widget_type=\"image.default\">\n\t\t\t\t<div class=\"elementor-widget-container\">\n\t\t\t\t\t\t\t\t\t\t\t\t\t\t\t<img decoding=\"async\" src=\"https:\/\/agroreforest.eu\/wp-content\/uploads\/elementor\/thumbs\/logo-farmtree-fc2-qofp8gef659xikw6ykxp21uiz98r1fvtocyjjhe9vg.png\" title=\"logo-farmtree-fc2\" alt=\"logo-farmtree-fc2\" loading=\"lazy\" \/>\t\t\t\t\t\t\t\t\t\t\t\t\t\t\t<\/div>\n\t\t\t\t<\/div>\n\t\t\t\t\t<\/div>\n\t\t<\/div>\n\t\t\t\t<div class=\"elementor-column elementor-col-66 elementor-top-column elementor-element elementor-element-b61730d\" data-id=\"b61730d\" data-element_type=\"column\" data-e-type=\"column\">\n\t\t\t<div class=\"elementor-widget-wrap elementor-element-populated\">\n\t\t\t\t\t\t<div class=\"elementor-element elementor-element-77fde86 elementor-widget elementor-widget-text-editor\" data-id=\"77fde86\" data-element_type=\"widget\" data-e-type=\"widget\" data-widget_type=\"text-editor.default\">\n\t\t\t\t<div class=\"elementor-widget-container\">\n\t\t\t\t\t\t\t\t\t<p>V r\u00e1mci na\u0161eho z\u00e1vazku rozv\u00edjet agrolesnick\u00e9 postupy je spole\u010dnost ReForest hrd\u00e1 na to, \u017ee m\u016f\u017ee \u0161ir\u0161\u00ed zem\u011bd\u011blsk\u00e9 komunit\u011b nab\u00eddnout cenn\u00e9 poznatky a inovativn\u00ed znalosti. Prost\u0159ednictv\u00edm \u0159ady <strong>abstrakty z praxe<\/strong>, se sna\u017e\u00edme sd\u00edlet v\u00fdzkumem podlo\u017een\u00e9 a vyu\u017eiteln\u00e9 poznatky se zem\u011bd\u011blci, pedagogy a odborn\u00edky z praxe v cel\u00e9 Evrop\u011b.<\/p><p>Tyto praktick\u00e9 abstrakty jsou strukturovan\u00fdm shrnut\u00edm praktick\u00fdch \u0159e\u0161en\u00ed zam\u011b\u0159en\u00fdch na zlep\u0161en\u00ed agrolesnick\u00fdch syst\u00e9m\u016f. Byly vypracov\u00e1ny v souladu s <strong>EIP-AGRI <\/strong>(Evropsk\u00e9 inova\u010dn\u00ed partnerstv\u00ed pro zem\u011bd\u011blskou produktivitu a udr\u017eitelnost) <strong>spole\u010dn\u00fd form\u00e1t<\/strong>, jsou dostupn\u00e9 a snadno provediteln\u00e9, co\u017e zaji\u0161\u0165uje, \u017ee znalosti z\u00edskan\u00e9 v r\u00e1mci programu ReForest maj\u00ed re\u00e1ln\u00fd dopad.<\/p><p>Abstrakty z praxe jsou stru\u010dn\u00e1 strukturovan\u00e1 shrnut\u00ed praktick\u00fdch \u0159e\u0161en\u00ed ur\u010den\u00fdch ke zlep\u0161en\u00ed agrolesnick\u00fdch syst\u00e9m\u016f. Byly vytvo\u0159eny v souladu se spole\u010dn\u00fdm form\u00e1tem EIP-AGRI (Evropsk\u00e9 inova\u010dn\u00ed partnerstv\u00ed pro zem\u011bd\u011blskou produktivitu a udr\u017eitelnost), jsou u\u017eivatelsky p\u0159\u00edv\u011btiv\u00e9 a zam\u011b\u0159en\u00e9 na skute\u010dnou realizaci, co\u017e zaji\u0161\u0165uje, \u017ee se poznatky z\u00edskan\u00e9 v r\u00e1mci programu ReForest prom\u00edtnou do hmatateln\u00fdch p\u0159\u00ednos\u016f.<\/p><p>Abstrakty jsou k dispozici na <a href=\"https:\/\/eu-cap-network.ec.europa.eu\/projects\/agroforestry-forefront-farming-sustainability-multifunctional-landscapes-europe_en#tab_id=practice_abstracts\"><strong>Webov\u00e9 str\u00e1nky EIP-AGRI<\/strong><\/a> usnadn\u011bn\u00ed \u0161irok\u00e9ho \u0161\u00ed\u0159en\u00ed v r\u00e1mci zem\u011bd\u011blsk\u00e9ho spole\u010denstv\u00ed EU. S celkov\u00fdm po\u010dtem <strong>osm<\/strong> ReForest se sna\u017e\u00ed p\u0159eklenout propast mezi v\u00fdzkumem a prax\u00ed a podpo\u0159it udr\u017eiteln\u011bj\u0161\u00ed a odoln\u011bj\u0161\u00ed zem\u011bd\u011blskou krajinu.<\/p>\t\t\t\t\t\t\t\t<\/div>\n\t\t\t\t<\/div>\n\t\t\t\t<div class=\"elementor-element elementor-element-55deb11 elementor-widget elementor-widget-text-editor\" data-id=\"55deb11\" data-element_type=\"widget\" data-e-type=\"widget\" data-widget_type=\"text-editor.default\">\n\t\t\t\t<div class=\"elementor-widget-container\">\n\t\t\t\t\t\t\t\t\t<p><strong>Prvn\u00ed v\u00e1rka abstrakt\u016f z praxe ReFores zahrnuje:<\/strong><\/p>\t\t\t\t\t\t\t\t<\/div>\n\t\t\t\t<\/div>\n\t\t\t\t<div class=\"elementor-element elementor-element-e45134a elementor-widget elementor-widget-text-editor\" data-id=\"e45134a\" data-element_type=\"widget\" data-e-type=\"widget\" data-widget_type=\"text-editor.default\">\n\t\t\t\t<div class=\"elementor-widget-container\">\n\t\t\t\t\t\t\t\t\t<p>1. Agrolesnictv\u00ed v z\u00e1kladn\u00edm vzd\u011bl\u00e1v\u00e1n\u00ed<\/p>\t\t\t\t\t\t\t\t<\/div>\n\t\t\t\t<\/div>\n\t\t\t\t<div class=\"elementor-element elementor-element-faa7bd4 elementor-widget elementor-widget-image\" data-id=\"faa7bd4\" data-element_type=\"widget\" data-e-type=\"widget\" data-widget_type=\"image.default\">\n\t\t\t\t<div class=\"elementor-widget-container\">\n\t\t\t\t\t\t\t\t\t\t\t\t\t\t\t\t<a href=\"https:\/\/agroreforest.eu\/cs\/download\/3267\/?tmstv=1727789953\">\n\t\t\t\t\t\t\t<img fetchpriority=\"high\" decoding=\"async\" width=\"690\" height=\"125\" src=\"https:\/\/agroreforest.eu\/wp-content\/uploads\/2024\/09\/Practice-Abstract-1.png\" class=\"attachment-full size-full wp-image-3252\" alt=\"\" srcset=\"https:\/\/agroreforest.eu\/wp-content\/uploads\/2024\/09\/Practice-Abstract-1.png 690w, https:\/\/agroreforest.eu\/wp-content\/uploads\/2024\/09\/Practice-Abstract-1-300x54.png 300w, https:\/\/agroreforest.eu\/wp-content\/uploads\/2024\/09\/Practice-Abstract-1-18x3.png 18w\" sizes=\"(max-width: 690px) 100vw, 690px\" \/>\t\t\t\t\t\t\t\t<\/a>\n\t\t\t\t\t\t\t\t\t\t\t\t\t\t\t<\/div>\n\t\t\t\t<\/div>\n\t\t\t\t<div class=\"elementor-element elementor-element-6c92786 elementor-widget elementor-widget-text-editor\" data-id=\"6c92786\" data-element_type=\"widget\" data-e-type=\"widget\" data-widget_type=\"text-editor.default\">\n\t\t\t\t<div class=\"elementor-widget-container\">\n\t\t\t\t\t\t\t\t\t<p>2. Revoluce v agrolesnictv\u00ed s FarmTree<\/p>\t\t\t\t\t\t\t\t<\/div>\n\t\t\t\t<\/div>\n\t\t\t\t<div class=\"elementor-element elementor-element-cc9a4bb elementor-widget elementor-widget-image\" data-id=\"cc9a4bb\" data-element_type=\"widget\" data-e-type=\"widget\" data-widget_type=\"image.default\">\n\t\t\t\t<div class=\"elementor-widget-container\">\n\t\t\t\t\t\t\t\t\t\t\t\t\t\t\t\t<a href=\"https:\/\/agroreforest.eu\/cs\/download\/3270\/?tmstv=1727790016\">\n\t\t\t\t\t\t\t<img decoding=\"async\" width=\"690\" height=\"125\" src=\"https:\/\/agroreforest.eu\/wp-content\/uploads\/2024\/09\/Practice-Abstract-2.png\" class=\"attachment-full size-full wp-image-3253\" alt=\"\" srcset=\"https:\/\/agroreforest.eu\/wp-content\/uploads\/2024\/09\/Practice-Abstract-2.png 690w, https:\/\/agroreforest.eu\/wp-content\/uploads\/2024\/09\/Practice-Abstract-2-300x54.png 300w, https:\/\/agroreforest.eu\/wp-content\/uploads\/2024\/09\/Practice-Abstract-2-18x3.png 18w\" sizes=\"(max-width: 690px) 100vw, 690px\" \/>\t\t\t\t\t\t\t\t<\/a>\n\t\t\t\t\t\t\t\t\t\t\t\t\t\t\t<\/div>\n\t\t\t\t<\/div>\n\t\t\t\t<div class=\"elementor-element elementor-element-3599d1a elementor-widget elementor-widget-text-editor\" data-id=\"3599d1a\" data-element_type=\"widget\" data-e-type=\"widget\" data-widget_type=\"text-editor.default\">\n\t\t\t\t<div class=\"elementor-widget-container\">\n\t\t\t\t\t\t\t\t\t<p>3. Komplexn\u00ed soupis znalost\u00ed pro agrolesnictv\u00ed<\/p>\t\t\t\t\t\t\t\t<\/div>\n\t\t\t\t<\/div>\n\t\t\t\t<div class=\"elementor-element elementor-element-dee7869 elementor-widget elementor-widget-image\" data-id=\"dee7869\" data-element_type=\"widget\" data-e-type=\"widget\" data-widget_type=\"image.default\">\n\t\t\t\t<div class=\"elementor-widget-container\">\n\t\t\t\t\t\t\t\t\t\t\t\t\t\t\t\t<a href=\"https:\/\/agroreforest.eu\/cs\/download\/3273\/?tmstv=1727790038\">\n\t\t\t\t\t\t\t<img decoding=\"async\" width=\"690\" height=\"125\" src=\"https:\/\/agroreforest.eu\/wp-content\/uploads\/2024\/09\/Practice-Abstract-3.png\" class=\"attachment-full size-full wp-image-3254\" alt=\"\" srcset=\"https:\/\/agroreforest.eu\/wp-content\/uploads\/2024\/09\/Practice-Abstract-3.png 690w, https:\/\/agroreforest.eu\/wp-content\/uploads\/2024\/09\/Practice-Abstract-3-300x54.png 300w, https:\/\/agroreforest.eu\/wp-content\/uploads\/2024\/09\/Practice-Abstract-3-18x3.png 18w\" sizes=\"(max-width: 690px) 100vw, 690px\" \/>\t\t\t\t\t\t\t\t<\/a>\n\t\t\t\t\t\t\t\t\t\t\t\t\t\t\t<\/div>\n\t\t\t\t<\/div>\n\t\t\t\t\t<\/div>\n\t\t<\/div>\n\t\t\t\t\t<\/div>\n\t\t<\/section>\n\t\t\t\t<\/div>","protected":false},"excerpt":{"rendered":"<p>Practice abstracts ReForest Practice Abstracts: Innovating Agroforestry through Practical Knowledge As part of our commitment to advancing agroforestry practices, ReForest is proud to offer valuable insights and innovative knowledge to [&hellip;]<\/p>\n","protected":false},"author":1,"featured_media":0,"parent":0,"menu_order":0,"comment_status":"closed","ping_status":"closed","template":"","meta":{"site-sidebar-layout":"no-sidebar","site-content-layout":"page-builder","ast-site-content-layout":"full-width-container","site-content-style":"default","site-sidebar-style":"default","ast-global-header-display":"","ast-banner-title-visibility":"","ast-main-header-display":"","ast-hfb-above-header-display":"","ast-hfb-below-header-display":"","ast-hfb-mobile-header-display":"","site-post-title":"disabled","ast-breadcrumbs-content":"","ast-featured-img":"disabled","footer-sml-layout":"","ast-disable-related-posts":"","theme-transparent-header-meta":"","adv-header-id-meta":"","stick-header-meta":"","header-above-stick-meta":"","header-main-stick-meta":"","header-below-stick-meta":"","astra-migrate-meta-layouts":"set","ast-page-background-enabled":"default","ast-page-background-meta":{"desktop":{"background-color":"","background-image":"","background-repeat":"repeat","background-position":"center center","background-size":"auto","background-attachment":"scroll","background-type":"","background-media":"","overlay-type":"","overlay-color":"","overlay-opacity":"","overlay-gradient":""},"tablet":{"background-color":"","background-image":"","background-repeat":"repeat","background-position":"center center","background-size":"auto","background-attachment":"scroll","background-type":"","background-media":"","overlay-type":"","overlay-color":"","overlay-opacity":"","overlay-gradient":""},"mobile":{"background-color":"","background-image":"","background-repeat":"repeat","background-position":"center center","background-size":"auto","background-attachment":"scroll","background-type":"","background-media":"","overlay-type":"","overlay-color":"","overlay-opacity":"","overlay-gradient":""}},"ast-content-background-meta":{"desktop":{"background-color":"var(--ast-global-color-4)","background-image":"","background-repeat":"repeat","background-position":"center center","background-size":"auto","background-attachment":"scroll","background-type":"","background-media":"","overlay-type":"","overlay-color":"","overlay-opacity":"","overlay-gradient":""},"tablet":{"background-color":"var(--ast-global-color-4)","background-image":"","background-repeat":"repeat","background-position":"center center","background-size":"auto","background-attachment":"scroll","background-type":"","background-media":"","overlay-type":"","overlay-color":"","overlay-opacity":"","overlay-gradient":""},"mobile":{"background-color":"var(--ast-global-color-4)","background-image":"","background-repeat":"repeat","background-position":"center center","background-size":"auto","background-attachment":"scroll","background-type":"","background-media":"","overlay-type":"","overlay-color":"","overlay-opacity":"","overlay-gradient":""}},"footnotes":""},"class_list":["post-3250","page","type-page","status-publish","hentry"],"_links":{"self":[{"href":"https:\/\/agroreforest.eu\/cs\/wp-json\/wp\/v2\/pages\/3250","targetHints":{"allow":["GET"]}}],"collection":[{"href":"https:\/\/agroreforest.eu\/cs\/wp-json\/wp\/v2\/pages"}],"about":[{"href":"https:\/\/agroreforest.eu\/cs\/wp-json\/wp\/v2\/types\/page"}],"author":[{"embeddable":true,"href":"https:\/\/agroreforest.eu\/cs\/wp-json\/wp\/v2\/users\/1"}],"replies":[{"embeddable":true,"href":"https:\/\/agroreforest.eu\/cs\/wp-json\/wp\/v2\/comments?post=3250"}],"version-history":[{"count":25,"href":"https:\/\/agroreforest.eu\/cs\/wp-json\/wp\/v2\/pages\/3250\/revisions"}],"predecessor-version":[{"id":3312,"href":"https:\/\/agroreforest.eu\/cs\/wp-json\/wp\/v2\/pages\/3250\/revisions\/3312"}],"wp:attachment":[{"href":"https:\/\/agroreforest.eu\/cs\/wp-json\/wp\/v2\/media?parent=3250"}],"curies":[{"name":"wp","href":"https:\/\/api.w.org\/{rel}","templated":true}]}}