{"id":3250,"date":"2024-09-24T07:28:29","date_gmt":"2024-09-24T07:28:29","guid":{"rendered":"https:\/\/agroreforest.eu\/?page_id=3250"},"modified":"2025-11-19T13:00:25","modified_gmt":"2025-11-19T13:00:25","slug":"practice-abstracts","status":"publish","type":"page","link":"http:\/\/agroreforest.eu\/hu\/practice-abstracts\/","title":{"rendered":"Gyakorlat \u00f6sszefoglal\u00f3k"},"content":{"rendered":"<div data-elementor-type=\"wp-page\" data-elementor-id=\"3250\" class=\"elementor elementor-3250\" data-elementor-post-type=\"page\">\n\t\t\t\t\t\t<section class=\"elementor-section elementor-top-section elementor-element elementor-element-d9d4e00 elementor-section-boxed elementor-section-height-default elementor-section-height-default\" data-id=\"d9d4e00\" data-element_type=\"section\" data-e-type=\"section\" data-settings=\"{&quot;background_background&quot;:&quot;classic&quot;}\">\n\t\t\t\t\t\t<div class=\"elementor-container elementor-column-gap-no\">\n\t\t\t\t\t<div class=\"elementor-column elementor-col-50 elementor-top-column elementor-element elementor-element-014dac5\" data-id=\"014dac5\" data-element_type=\"column\" data-e-type=\"column\">\n\t\t\t<div class=\"elementor-widget-wrap elementor-element-populated\">\n\t\t\t\t\t\t<div class=\"elementor-element elementor-element-3ea4e7c elementor-widget-divider--view-line elementor-widget elementor-widget-divider\" data-id=\"3ea4e7c\" data-element_type=\"widget\" data-e-type=\"widget\" data-widget_type=\"divider.default\">\n\t\t\t\t<div class=\"elementor-widget-container\">\n\t\t\t\t\t\t\t<div class=\"elementor-divider\">\n\t\t\t<span class=\"elementor-divider-separator\">\n\t\t\t\t\t\t<\/span>\n\t\t<\/div>\n\t\t\t\t\t\t<\/div>\n\t\t\t\t<\/div>\n\t\t\t\t<div class=\"elementor-element elementor-element-192dc04 elementor-widget elementor-widget-heading\" data-id=\"192dc04\" data-element_type=\"widget\" data-e-type=\"widget\" data-widget_type=\"heading.default\">\n\t\t\t\t<div class=\"elementor-widget-container\">\n\t\t\t\t\t<h1 class=\"elementor-heading-title elementor-size-default\">Gyakorlat \u00f6sszefoglal\u00f3k<\/h1>\t\t\t\t<\/div>\n\t\t\t\t<\/div>\n\t\t\t\t\t<\/div>\n\t\t<\/div>\n\t\t\t\t<div class=\"elementor-column elementor-col-50 elementor-top-column elementor-element elementor-element-9c600f7\" data-id=\"9c600f7\" data-element_type=\"column\" data-e-type=\"column\">\n\t\t\t<div class=\"elementor-widget-wrap elementor-element-populated\">\n\t\t\t\t\t\t\t<\/div>\n\t\t<\/div>\n\t\t\t\t\t<\/div>\n\t\t<\/section>\n\t\t\t\t<section class=\"elementor-section elementor-top-section elementor-element elementor-element-332ddd5 elementor-section-boxed elementor-section-height-default elementor-section-height-default\" data-id=\"332ddd5\" data-element_type=\"section\" data-e-type=\"section\" data-settings=\"{&quot;background_background&quot;:&quot;classic&quot;}\">\n\t\t\t\t\t\t<div class=\"elementor-container elementor-column-gap-no\">\n\t\t\t\t\t<div class=\"elementor-column elementor-col-33 elementor-top-column elementor-element elementor-element-5fd7e74\" data-id=\"5fd7e74\" data-element_type=\"column\" data-e-type=\"column\">\n\t\t\t<div class=\"elementor-widget-wrap elementor-element-populated\">\n\t\t\t\t\t\t<div class=\"elementor-element elementor-element-2b16768 elementor-widget elementor-widget-heading\" data-id=\"2b16768\" data-element_type=\"widget\" data-e-type=\"widget\" data-widget_type=\"heading.default\">\n\t\t\t\t<div class=\"elementor-widget-container\">\n\t\t\t\t\t<h2 class=\"elementor-heading-title elementor-size-default\">ReForest Practice Abstracts: Az agr\u00e1rerd\u00e9szet innov\u00e1ci\u00f3ja a gyakorlati tud\u00e1son kereszt\u00fcl<\/h2>\t\t\t\t<\/div>\n\t\t\t\t<\/div>\n\t\t\t\t<div class=\"elementor-element elementor-element-f6cd790 elementor-hidden-desktop elementor-hidden-tablet elementor-hidden-mobile elementor-widget elementor-widget-image\" data-id=\"f6cd790\" data-element_type=\"widget\" data-e-type=\"widget\" data-widget_type=\"image.default\">\n\t\t\t\t<div class=\"elementor-widget-container\">\n\t\t\t\t\t\t\t\t\t\t\t\t\t\t\t<img decoding=\"async\" src=\"https:\/\/agroreforest.eu\/wp-content\/uploads\/elementor\/thumbs\/logo-farmtree-fc2-qofp8gef659xikw6ykxp21uiz98r1fvtocyjjhe9vg.png\" title=\"logo-farmtree-fc2\" alt=\"logo-farmtree-fc2\" loading=\"lazy\" \/>\t\t\t\t\t\t\t\t\t\t\t\t\t\t\t<\/div>\n\t\t\t\t<\/div>\n\t\t\t\t\t<\/div>\n\t\t<\/div>\n\t\t\t\t<div class=\"elementor-column elementor-col-66 elementor-top-column elementor-element elementor-element-b61730d\" data-id=\"b61730d\" data-element_type=\"column\" data-e-type=\"column\">\n\t\t\t<div class=\"elementor-widget-wrap elementor-element-populated\">\n\t\t\t\t\t\t<div class=\"elementor-element elementor-element-77fde86 elementor-widget elementor-widget-text-editor\" data-id=\"77fde86\" data-element_type=\"widget\" data-e-type=\"widget\" data-widget_type=\"text-editor.default\">\n\t\t\t\t<div class=\"elementor-widget-container\">\n\t\t\t\t\t\t\t\t\t<p>Az agr\u00e1r-erd\u00e9szeti gyakorlatok fejleszt\u00e9se ir\u00e1nti elk\u00f6telezetts\u00e9g\u00fcnk r\u00e9szek\u00e9nt a ReForest b\u00fcszke arra, hogy \u00e9rt\u00e9kes ismereteket \u00e9s innovat\u00edv tud\u00e1st k\u00edn\u00e1l a sz\u00e9lesebb mez\u0151gazdas\u00e1gi k\u00f6z\u00f6ss\u00e9gnek. Egy sor <strong>gyakorlat \u00f6sszefoglal\u00f3k<\/strong>c\u00e9lja, hogy kutat\u00e1sokkal al\u00e1t\u00e1masztott, megval\u00f3s\u00edthat\u00f3 tud\u00e1st osszunk meg a gazd\u00e1lkod\u00f3kkal, oktat\u00f3kkal \u00e9s gyakorlati szakemberekkel Eur\u00f3pa-szerte.<\/p><p>Ezek a gyakorlati \u00f6sszefoglal\u00f3k az agr\u00e1r-erd\u00e9szeti rendszerek jav\u00edt\u00e1s\u00e1t c\u00e9lz\u00f3 gyakorlati megold\u00e1sok struktur\u00e1lt \u00f6sszefoglal\u00f3i. Az al\u00e1bbiakkal \u00f6sszhangban fejlesztett\u00e9k ki <strong>EIP-AGRI <\/strong>(Eur\u00f3pai innov\u00e1ci\u00f3s partners\u00e9g a mez\u0151gazdas\u00e1gi termel\u00e9kenys\u00e9g\u00e9rt \u00e9s fenntarthat\u00f3s\u00e1g\u00e9rt) <strong>k\u00f6z\u00f6s form\u00e1tum<\/strong>, hozz\u00e1f\u00e9rhet\u0151ek \u00e9s k\u00f6nnyen megval\u00f3s\u00edthat\u00f3ak, biztos\u00edtva, hogy a ReForest keret\u00e9ben l\u00e9trehozott tud\u00e1snak val\u00f3s hat\u00e1sa legyen.<\/p><p>A gyakorlati \u00f6sszefoglal\u00f3k az agr\u00e1r-erd\u00e9szeti rendszerek fejleszt\u00e9s\u00e9t c\u00e9lz\u00f3 gyakorlati megold\u00e1sok t\u00f6m\u00f6r, struktur\u00e1lt \u00f6sszefoglal\u00f3i. Az EIP-AGRI (Eur\u00f3pai Innov\u00e1ci\u00f3s Partners\u00e9g a Mez\u0151gazdas\u00e1gi Termel\u00e9kenys\u00e9g\u00e9rt \u00e9s Fenntarthat\u00f3s\u00e1g\u00e9rt) k\u00f6z\u00f6s form\u00e1tum\u00e1val \u00f6sszhangban kidolgozott, felhaszn\u00e1l\u00f3bar\u00e1t \u00e9s a gyakorlati megval\u00f3s\u00edt\u00e1shoz igazod\u00f3 \u00f6sszefoglal\u00f3k biztos\u00edtj\u00e1k, hogy a ReForest keret\u00e9ben l\u00e9trehozott tud\u00e1s k\u00e9zzelfoghat\u00f3 el\u0151ny\u00f6kre v\u00e1ljon.<\/p><p>Az \u00f6sszefoglal\u00f3k el\u00e9rhet\u0151k a <a href=\"https:\/\/eu-cap-network.ec.europa.eu\/projects\/agroforestry-forefront-farming-sustainability-multifunctional-landscapes-europe_en#tab_id=practice_abstracts\"><strong>EIP-AGRI honlap<\/strong><\/a> az EU mez\u0151gazdas\u00e1gi k\u00f6z\u00f6ss\u00e9g\u00e9ben t\u00f6rt\u00e9n\u0151 sz\u00e9les k\u00f6r\u0171 terjeszt\u00e9s el\u0151seg\u00edt\u00e9se. \u00d6sszesen <strong>nyolc<\/strong> A ReForest a kutat\u00e1s \u00e9s a gyakorlat k\u00f6z\u00f6tti szakad\u00e9k \u00e1thidal\u00e1s\u00e1ra t\u00f6rekszik, el\u0151seg\u00edtve egy fenntarthat\u00f3bb \u00e9s ellen\u00e1ll\u00f3bb mez\u0151gazdas\u00e1gi t\u00e1j kialak\u00edt\u00e1s\u00e1t.<\/p>\t\t\t\t\t\t\t\t<\/div>\n\t\t\t\t<\/div>\n\t\t\t\t<div class=\"elementor-element elementor-element-55deb11 elementor-widget elementor-widget-text-editor\" data-id=\"55deb11\" data-element_type=\"widget\" data-e-type=\"widget\" data-widget_type=\"text-editor.default\">\n\t\t\t\t<div class=\"elementor-widget-container\">\n\t\t\t\t\t\t\t\t\t<p><strong>A ReFores Practice Abstracts els\u0151 t\u00e9tele a k\u00f6vetkez\u0151ket tartalmazza:<\/strong><\/p>\t\t\t\t\t\t\t\t<\/div>\n\t\t\t\t<\/div>\n\t\t\t\t<div class=\"elementor-element elementor-element-e45134a elementor-widget elementor-widget-text-editor\" data-id=\"e45134a\" data-element_type=\"widget\" data-e-type=\"widget\" data-widget_type=\"text-editor.default\">\n\t\t\t\t<div class=\"elementor-widget-container\">\n\t\t\t\t\t\t\t\t\t<p>1. Az agr\u00e1rerd\u00e9szet az \u00e1ltal\u00e1nos iskolai oktat\u00e1sban<\/p>\t\t\t\t\t\t\t\t<\/div>\n\t\t\t\t<\/div>\n\t\t\t\t<div class=\"elementor-element elementor-element-faa7bd4 elementor-widget elementor-widget-image\" data-id=\"faa7bd4\" data-element_type=\"widget\" data-e-type=\"widget\" data-widget_type=\"image.default\">\n\t\t\t\t<div class=\"elementor-widget-container\">\n\t\t\t\t\t\t\t\t\t\t\t\t\t\t\t\t<a href=\"https:\/\/agroreforest.eu\/hu\/download\/3267\/?tmstv=1727789953\">\n\t\t\t\t\t\t\t<img fetchpriority=\"high\" decoding=\"async\" width=\"690\" height=\"125\" src=\"https:\/\/agroreforest.eu\/wp-content\/uploads\/2024\/09\/Practice-Abstract-1.png\" class=\"attachment-full size-full wp-image-3252\" alt=\"\" srcset=\"https:\/\/agroreforest.eu\/wp-content\/uploads\/2024\/09\/Practice-Abstract-1.png 690w, https:\/\/agroreforest.eu\/wp-content\/uploads\/2024\/09\/Practice-Abstract-1-300x54.png 300w, https:\/\/agroreforest.eu\/wp-content\/uploads\/2024\/09\/Practice-Abstract-1-18x3.png 18w\" sizes=\"(max-width: 690px) 100vw, 690px\" \/>\t\t\t\t\t\t\t\t<\/a>\n\t\t\t\t\t\t\t\t\t\t\t\t\t\t\t<\/div>\n\t\t\t\t<\/div>\n\t\t\t\t<div class=\"elementor-element elementor-element-6c92786 elementor-widget elementor-widget-text-editor\" data-id=\"6c92786\" data-element_type=\"widget\" data-e-type=\"widget\" data-widget_type=\"text-editor.default\">\n\t\t\t\t<div class=\"elementor-widget-container\">\n\t\t\t\t\t\t\t\t\t<p>2. Az agr\u00e1rerd\u00e9szet forradalmas\u00edt\u00e1sa a FarmTree-vel<\/p>\t\t\t\t\t\t\t\t<\/div>\n\t\t\t\t<\/div>\n\t\t\t\t<div class=\"elementor-element elementor-element-cc9a4bb elementor-widget elementor-widget-image\" data-id=\"cc9a4bb\" data-element_type=\"widget\" data-e-type=\"widget\" data-widget_type=\"image.default\">\n\t\t\t\t<div class=\"elementor-widget-container\">\n\t\t\t\t\t\t\t\t\t\t\t\t\t\t\t\t<a href=\"https:\/\/agroreforest.eu\/hu\/download\/3270\/?tmstv=1727790016\">\n\t\t\t\t\t\t\t<img decoding=\"async\" width=\"690\" height=\"125\" src=\"https:\/\/agroreforest.eu\/wp-content\/uploads\/2024\/09\/Practice-Abstract-2.png\" class=\"attachment-full size-full wp-image-3253\" alt=\"\" srcset=\"https:\/\/agroreforest.eu\/wp-content\/uploads\/2024\/09\/Practice-Abstract-2.png 690w, https:\/\/agroreforest.eu\/wp-content\/uploads\/2024\/09\/Practice-Abstract-2-300x54.png 300w, https:\/\/agroreforest.eu\/wp-content\/uploads\/2024\/09\/Practice-Abstract-2-18x3.png 18w\" sizes=\"(max-width: 690px) 100vw, 690px\" \/>\t\t\t\t\t\t\t\t<\/a>\n\t\t\t\t\t\t\t\t\t\t\t\t\t\t\t<\/div>\n\t\t\t\t<\/div>\n\t\t\t\t<div class=\"elementor-element elementor-element-3599d1a elementor-widget elementor-widget-text-editor\" data-id=\"3599d1a\" data-element_type=\"widget\" data-e-type=\"widget\" data-widget_type=\"text-editor.default\">\n\t\t\t\t<div class=\"elementor-widget-container\">\n\t\t\t\t\t\t\t\t\t<p>3. Az agr\u00e1rerd\u00e9szet \u00e1tfog\u00f3 tud\u00e1slelt\u00e1ra<\/p>\t\t\t\t\t\t\t\t<\/div>\n\t\t\t\t<\/div>\n\t\t\t\t<div class=\"elementor-element elementor-element-dee7869 elementor-widget elementor-widget-image\" data-id=\"dee7869\" data-element_type=\"widget\" data-e-type=\"widget\" data-widget_type=\"image.default\">\n\t\t\t\t<div class=\"elementor-widget-container\">\n\t\t\t\t\t\t\t\t\t\t\t\t\t\t\t\t<a href=\"https:\/\/agroreforest.eu\/hu\/download\/3273\/?tmstv=1727790038\">\n\t\t\t\t\t\t\t<img decoding=\"async\" width=\"690\" height=\"125\" src=\"https:\/\/agroreforest.eu\/wp-content\/uploads\/2024\/09\/Practice-Abstract-3.png\" class=\"attachment-full size-full wp-image-3254\" alt=\"\" srcset=\"https:\/\/agroreforest.eu\/wp-content\/uploads\/2024\/09\/Practice-Abstract-3.png 690w, https:\/\/agroreforest.eu\/wp-content\/uploads\/2024\/09\/Practice-Abstract-3-300x54.png 300w, https:\/\/agroreforest.eu\/wp-content\/uploads\/2024\/09\/Practice-Abstract-3-18x3.png 18w\" sizes=\"(max-width: 690px) 100vw, 690px\" \/>\t\t\t\t\t\t\t\t<\/a>\n\t\t\t\t\t\t\t\t\t\t\t\t\t\t\t<\/div>\n\t\t\t\t<\/div>\n\t\t\t\t\t<\/div>\n\t\t<\/div>\n\t\t\t\t\t<\/div>\n\t\t<\/section>\n\t\t\t\t<\/div>","protected":false},"excerpt":{"rendered":"<p>Practice abstracts ReForest Practice Abstracts: Innovating Agroforestry through Practical Knowledge As part of our commitment to advancing agroforestry practices, ReForest is proud to offer valuable insights and innovative knowledge to [&hellip;]<\/p>\n","protected":false},"author":1,"featured_media":0,"parent":0,"menu_order":0,"comment_status":"closed","ping_status":"closed","template":"","meta":{"site-sidebar-layout":"no-sidebar","site-content-layout":"page-builder","ast-site-content-layout":"full-width-container","site-content-style":"default","site-sidebar-style":"default","ast-global-header-display":"","ast-banner-title-visibility":"","ast-main-header-display":"","ast-hfb-above-header-display":"","ast-hfb-below-header-display":"","ast-hfb-mobile-header-display":"","site-post-title":"disabled","ast-breadcrumbs-content":"","ast-featured-img":"disabled","footer-sml-layout":"","ast-disable-related-posts":"","theme-transparent-header-meta":"","adv-header-id-meta":"","stick-header-meta":"","header-above-stick-meta":"","header-main-stick-meta":"","header-below-stick-meta":"","astra-migrate-meta-layouts":"set","ast-page-background-enabled":"default","ast-page-background-meta":{"desktop":{"background-color":"","background-image":"","background-repeat":"repeat","background-position":"center center","background-size":"auto","background-attachment":"scroll","background-type":"","background-media":"","overlay-type":"","overlay-color":"","overlay-opacity":"","overlay-gradient":""},"tablet":{"background-color":"","background-image":"","background-repeat":"repeat","background-position":"center center","background-size":"auto","background-attachment":"scroll","background-type":"","background-media":"","overlay-type":"","overlay-color":"","overlay-opacity":"","overlay-gradient":""},"mobile":{"background-color":"","background-image":"","background-repeat":"repeat","background-position":"center center","background-size":"auto","background-attachment":"scroll","background-type":"","background-media":"","overlay-type":"","overlay-color":"","overlay-opacity":"","overlay-gradient":""}},"ast-content-background-meta":{"desktop":{"background-color":"var(--ast-global-color-4)","background-image":"","background-repeat":"repeat","background-position":"center center","background-size":"auto","background-attachment":"scroll","background-type":"","background-media":"","overlay-type":"","overlay-color":"","overlay-opacity":"","overlay-gradient":""},"tablet":{"background-color":"var(--ast-global-color-4)","background-image":"","background-repeat":"repeat","background-position":"center center","background-size":"auto","background-attachment":"scroll","background-type":"","background-media":"","overlay-type":"","overlay-color":"","overlay-opacity":"","overlay-gradient":""},"mobile":{"background-color":"var(--ast-global-color-4)","background-image":"","background-repeat":"repeat","background-position":"center center","background-size":"auto","background-attachment":"scroll","background-type":"","background-media":"","overlay-type":"","overlay-color":"","overlay-opacity":"","overlay-gradient":""}},"footnotes":""},"class_list":["post-3250","page","type-page","status-publish","hentry"],"_links":{"self":[{"href":"http:\/\/agroreforest.eu\/hu\/wp-json\/wp\/v2\/pages\/3250","targetHints":{"allow":["GET"]}}],"collection":[{"href":"http:\/\/agroreforest.eu\/hu\/wp-json\/wp\/v2\/pages"}],"about":[{"href":"http:\/\/agroreforest.eu\/hu\/wp-json\/wp\/v2\/types\/page"}],"author":[{"embeddable":true,"href":"http:\/\/agroreforest.eu\/hu\/wp-json\/wp\/v2\/users\/1"}],"replies":[{"embeddable":true,"href":"http:\/\/agroreforest.eu\/hu\/wp-json\/wp\/v2\/comments?post=3250"}],"version-history":[{"count":25,"href":"http:\/\/agroreforest.eu\/hu\/wp-json\/wp\/v2\/pages\/3250\/revisions"}],"predecessor-version":[{"id":3312,"href":"http:\/\/agroreforest.eu\/hu\/wp-json\/wp\/v2\/pages\/3250\/revisions\/3312"}],"wp:attachment":[{"href":"http:\/\/agroreforest.eu\/hu\/wp-json\/wp\/v2\/media?parent=3250"}],"curies":[{"name":"wp","href":"https:\/\/api.w.org\/{rel}","templated":true}]}}